{"id":32823,"date":"2024-04-22T16:35:29","date_gmt":"2024-04-22T14:35:29","guid":{"rendered":"https:\/\/www.fleurop-home.ch\/?post_type=product&#038;p=32823"},"modified":"2026-04-22T11:01:26","modified_gmt":"2026-04-22T09:01:26","slug":"samenkugeln-vitaminbombe-6er","status":"publish","type":"product","link":"https:\/\/www.fleurop-home.ch\/de-ch\/p\/samenkugeln-vitaminbombe-6er","title":{"rendered":"Samenkugeln Vitaminbombe 6er"},"content":{"rendered":"<p style=\"text-align: left;\">Die Samenkugeln enthalten eine Mischung aus diversen essbaren Arten, darunter Schnittsalate, Spinat, Rucola, Gartenkresse, Sauerampfer und viele mehr. Alles essbar und voller Vitamine. Die einj\u00e4hrigen Salate, Gem\u00fcse und Kr\u00e4uter entwickeln sich sehr schnell.<br \/>\nSie bilden innert kurzer Zeit einen gr\u00fcnen \u201eStrauss\u201c essbarer Pflanzen.<\/p>\n<p style=\"text-align: left;\">Samenkugeln, Seedbombs, Seedballs, Samenbomben, Seed Bombs, Samenb\u00e4lle &#8211; sie haben viele Namen. Doch was sind Samenkugeln und wie werden sie hergestellt? Alle unsere\u00a0Samenkugeln werden vom\u00a0UrbanGardeningShop in Handarbeit hergestellt. Alles an\u00a0den Produkten ist handmade. Bei der Produktion verwenden\u00a0wir lediglich nat\u00fcrliche Produkte wie Lehm, Bio-Erde (ohne Torf) und Saatgut. Durch das Rollen von Hand ist jede Samenkugel einzigartig. Keine sieht genau gleich wie die andere aus, jede ist ein Naturprodukt. Verpackt werden die Samenkugeln in kleine Kartonschachteln.\u00a0Toll beschriftet, ideal als Geschenk oder um mit Kindern den Garten zu versch\u00f6nern.<\/p>\n<p style=\"text-align: left;\"><strong>Anleitung:<\/strong>\u00a0Samenkugeln auswerfen oder gezielt an gew\u00fcnschten Orten leicht in den Boden dr\u00fccken. Den Rest macht die Natur von alleine. Unterst\u00fctzen Sie so aktiv die Bienen und Schmetterlinge.<\/p>\n","protected":false},"excerpt":{"rendered":"<p>6er Set Samenkugeln. Ideal um in T\u00f6pfen oder im Garten vitaminreiche Gr\u00fcnkost f\u00fcr Smoothi oder Salate zu ziehen.<\/p>\n","protected":false},"featured_media":32825,"template":"","meta":[],"product_brand":[],"product_cat":[110,1263,1002,1266,1089,999,1088,34,41],"product_tag":[287],"woo-feed-brand":[],"class_list":{"0":"post-32823","1":"product","2":"type-product","3":"status-publish","4":"has-post-thumbnail","6":"product_cat-samen","7":"product_cat-fleuropkids","8":"product_cat-fuer-ihn","9":"product_cat-garten-outdoor","10":"product_cat-hobbygaertner","11":"product_cat-valentinstag","12":"product_cat-vatertag","13":"product_cat-garten-balkon","14":"product_cat-outdoorpflanzen","15":"product_tag-urbangardeningshop-ch","17":"first","18":"instock","19":"taxable","20":"shipping-taxable","21":"purchasable","22":"product-type-simple"},"_links":{"self":[{"href":"https:\/\/www.fleurop-home.ch\/de-ch\/wp-json\/wp\/v2\/product\/32823","targetHints":{"allow":["GET"]}}],"collection":[{"href":"https:\/\/www.fleurop-home.ch\/de-ch\/wp-json\/wp\/v2\/product"}],"about":[{"href":"https:\/\/www.fleurop-home.ch\/de-ch\/wp-json\/wp\/v2\/types\/product"}],"wp:featuredmedia":[{"embeddable":true,"href":"https:\/\/www.fleurop-home.ch\/de-ch\/wp-json\/wp\/v2\/media\/32825"}],"wp:attachment":[{"href":"https:\/\/www.fleurop-home.ch\/de-ch\/wp-json\/wp\/v2\/media?parent=32823"}],"wp:term":[{"taxonomy":"product_brand","embeddable":true,"href":"https:\/\/www.fleurop-home.ch\/de-ch\/wp-json\/wp\/v2\/product_brand?post=32823"},{"taxonomy":"product_cat","embeddable":true,"href":"https:\/\/www.fleurop-home.ch\/de-ch\/wp-json\/wp\/v2\/product_cat?post=32823"},{"taxonomy":"product_tag","embeddable":true,"href":"https:\/\/www.fleurop-home.ch\/de-ch\/wp-json\/wp\/v2\/product_tag?post=32823"},{"taxonomy":"woo-feed-brand","embeddable":true,"href":"https:\/\/www.fleurop-home.ch\/de-ch\/wp-json\/wp\/v2\/woo-feed-brand?post=32823"}],"curies":[{"name":"wp","href":"https:\/\/api.w.org\/{rel}","templated":true}]}}