{"id":32568,"date":"2024-04-17T17:26:39","date_gmt":"2024-04-17T15:26:39","guid":{"rendered":"https:\/\/www.fleurop-home.ch\/?post_type=product&#038;p=32568"},"modified":"2026-04-07T14:57:05","modified_gmt":"2026-04-07T12:57:05","slug":"trockenblumenstrauss-mit-eukalyptus-black-beauty","status":"publish","type":"product","link":"https:\/\/www.fleurop-home.ch\/de-ch\/p\/trockenblumenstrauss-mit-eukalyptus-black-beauty","title":{"rendered":"Trockenblumenstrauss mit Eukalyptus \u00abBlack Beauty\u00bb"},"content":{"rendered":"<h3 style=\"text-align: left\">Trockenblumen<br \/>\nDer Interior-Trend<\/h3>\n<p>Getrocknete Zweige und Blumen liegen voll im Trend.<br \/>\nSie sind l\u00e4ngst nicht mehr nur herbstliche Deko, sondern bringen das ganze Jahr \u00fcber einen besonderen Zauber ins Zuhause.<br \/>\nOb als feiner Akzent auf dem Tisch oder grossz\u00fcgig in einer Vase arrangiert \u2013 Trockenblumen wirken einzeln genauso sch\u00f6n wie im liebevoll gebundenen Strauss.<br \/>\nUnd das Beste daran: Ihre Freude bleibt lange erhalten, denn Trockenblumen halten und halten und halten<\/p>\n<p>Der Preis bezieht sich pro Bund verpackt im &#171;Naturpapier&#187;. \u00d8 ca.17 cm H ca.30 cm<\/p>\n<p data-start=\"125\" data-end=\"168\"><strong data-start=\"125\" data-end=\"163\">Wichtige Hinweise zu Trockenblumen<\/strong><\/p>\n<p data-start=\"170\" data-end=\"308\">\u2022 Bitte pack die Trockenblumen vorsichtig aus dem Papier. Getrocknete Zweige sind empfindlicher und k\u00f6nnen leichter brechen als frische.<\/p>\n<p data-start=\"310\" data-end=\"486\">\u2022 Trockenblumen sind Naturprodukte. Die Str\u00e4usse und Einzelblumen werden saisonal individuell zusammengestellt. Darum k\u00f6nnen Blumenwahl, Anordnung und Farbe leicht variieren.<\/p>\n<p data-start=\"488\" data-end=\"673\">\u2022 M\u00f6chtest du den Strauss etwas luftiger gestalten, um ihn in eine Vase zu stellen, schneide einfach die Bindestelle auf und arrangiere die Trockenblumen locker nach deinem Geschmack.<\/p>\n<p data-start=\"675\" data-end=\"864\">\u2022 Bei hoher Luftfeuchtigkeit k\u00f6nnen Stiele oder Bl\u00fcten etwas weicher werden. H\u00e4ng den Strauss mit der Bl\u00fcte nach unten an einen trockenen Ort, damit sich die Stiele wieder etwas strecken.<\/p>\n<p data-start=\"866\" data-end=\"1210\">\u2022 F\u00fcr die Gestaltung verwenden wir teilweise montierte Dekoblumen und technische Hilfsmittel wie Draht, Spaltbambus, Leim, Bast oder Gummiband. Diese k\u00f6nnen sichtbar sein. Einige Trockenblumen werden zus\u00e4tzlich gebleicht oder eingef\u00e4rbt. Farbe und L\u00e4nge der Stiele k\u00f6nnen deshalb leicht vom Musterbild abweichen, ebenso das Verpackungspapier.<\/p>\n<p data-start=\"1212\" data-end=\"1396\">\u2022 Je nach Lichteinfall, Monitorhelligkeit oder Kontrasteinstellung kann es zu leichten Farbunterschieden zwischen der Abbildung auf der Webseite und dem tats\u00e4chlichen Produkt kommen.<\/p>\n<p data-start=\"1398\" data-end=\"1735\">\u2022 Der Trockenblumenstrauss wird f\u00fcr den Versand bewusst etwas gr\u00f6sser (ca. 17 x 30 cm) gestaltet. Falls beim Transport einzelne Bl\u00e4tter abbrechen, kannst du sie einfach entfernen, der Strauss hat trotzdem noch die angegebene Gr\u00f6sse.<\/p>\n","protected":false},"excerpt":{"rendered":"<p>Unser Trockenblumenstrauss &#187; Black Beauty &#171;mit Eukalyptus ist eine elegante Komposition, die mit ihren dunklen und cremefarbenen Nuancen eine zeitlose Sch\u00f6nheit verk\u00f6rpert. Die Hauptfarben Schwarz und Creme-Weiss verschmelzen harmonisch miteinander und machen ihn zu einem beeindruckenden Blickfang in jedem Raum.<\/p>\n","protected":false},"featured_media":32569,"template":"","meta":[],"product_brand":[],"product_cat":[117,23],"product_tag":[290],"woo-feed-brand":[],"class_list":{"0":"post-32568","1":"product","2":"type-product","3":"status-publish","4":"has-post-thumbnail","6":"product_cat-trockenblumen","7":"product_cat-home-living","8":"product_tag-atelier-leutwyler","10":"first","11":"instock","12":"taxable","13":"shipping-taxable","14":"purchasable","15":"product-type-simple"},"_links":{"self":[{"href":"https:\/\/www.fleurop-home.ch\/de-ch\/wp-json\/wp\/v2\/product\/32568","targetHints":{"allow":["GET"]}}],"collection":[{"href":"https:\/\/www.fleurop-home.ch\/de-ch\/wp-json\/wp\/v2\/product"}],"about":[{"href":"https:\/\/www.fleurop-home.ch\/de-ch\/wp-json\/wp\/v2\/types\/product"}],"wp:featuredmedia":[{"embeddable":true,"href":"https:\/\/www.fleurop-home.ch\/de-ch\/wp-json\/wp\/v2\/media\/32569"}],"wp:attachment":[{"href":"https:\/\/www.fleurop-home.ch\/de-ch\/wp-json\/wp\/v2\/media?parent=32568"}],"wp:term":[{"taxonomy":"product_brand","embeddable":true,"href":"https:\/\/www.fleurop-home.ch\/de-ch\/wp-json\/wp\/v2\/product_brand?post=32568"},{"taxonomy":"product_cat","embeddable":true,"href":"https:\/\/www.fleurop-home.ch\/de-ch\/wp-json\/wp\/v2\/product_cat?post=32568"},{"taxonomy":"product_tag","embeddable":true,"href":"https:\/\/www.fleurop-home.ch\/de-ch\/wp-json\/wp\/v2\/product_tag?post=32568"},{"taxonomy":"woo-feed-brand","embeddable":true,"href":"https:\/\/www.fleurop-home.ch\/de-ch\/wp-json\/wp\/v2\/woo-feed-brand?post=32568"}],"curies":[{"name":"wp","href":"https:\/\/api.w.org\/{rel}","templated":true}]}}