{"id":32562,"date":"2024-04-17T17:21:48","date_gmt":"2024-04-17T15:21:48","guid":{"rendered":"https:\/\/www.fleurop-home.ch\/?post_type=product&#038;p=32562"},"modified":"2026-04-07T14:57:02","modified_gmt":"2026-04-07T12:57:02","slug":"trockenblumenstrauss-black-beauty","status":"publish","type":"product","link":"https:\/\/www.fleurop-home.ch\/de-ch\/p\/trockenblumenstrauss-black-beauty","title":{"rendered":"Trockenblumenstrauss \u00abBlack Beauty\u00bb"},"content":{"rendered":"<h3 style=\"text-align: left\">Trockenblumen<br \/>\nDer neue Interior-Trend<\/h3>\n<p style=\"text-align: left\">In diesem Jahr sieht man getrocknete Zweige und Blumen h\u00e4ufiger denn je.<br \/>\nSie sind nicht nur eine Herbstdeko, sondern verspr\u00fchen auch das ganze Jahr ihren ganzen Zauber:<br \/>\nBlumen als getrocknete Variante sind sehr angesagt.<br \/>\nOb als Tischdeko oder opulent in grossen Vasen platziert \u2500 Trockenblumen machen sich einzeln und im bunten Bouquet einfach herrlich.<br \/>\nDer riesengrosse Vorteil im Vergleich zu frischen Blumen: Trockenblumen-Deko h\u00e4lt und h\u00e4lt und h\u00e4lt.<\/p>\n<p>Der Preis bezieht sich pro Bund verpackt im &#171;Naturpapier&#187;. \u00d8 ca.17 cm H ca.30 cm<\/p>\n<p><strong>Bitte beachte:<\/strong><\/p>\n<p style=\"text-align: left\">\u2022\u00a0\u00a0 \u00a0Packe die Trockenblumen bitte vorsichtig aus dem Papier. Getrocknete Zweige sind leichter br\u00fcchig als noch im gr\u00fcnen Zustand.<br \/>\n\u2022\u00a0\u00a0 \u00a0Trockenblumen sind ein Naturprodukt und die Str\u00e4usse \/ Einzelblumen werden saisonal individuell zusammengestellt und k\u00f6nnen so in Anordnung und Farbe variieren.<\/p>\n<p style=\"text-align: left\">\u2022\u00a0\u00a0 M\u00f6chtest Du den Strauss etwas luftiger um ihn in eine Vase zu stellen, so schneide ganz einfach die Bindestelle auf und gestalte die Trockenblumen locker nach Deinen W\u00fcnschen.<br \/>\n\u2022\u00a0 Je nach Luftfeuchtigkeit k\u00f6nnen Trockenblumen auch etwas weich in Stiel oder Bl\u00fcte werden. M\u00f6chtest Du dass die Stiele und Bl\u00fcten sich soweit m\u00f6glich wieder etwas strecken, h\u00e4nge die Trockenblumen mit der Bl\u00fcte nach unten an einem trockenen Ort auf.<br \/>\n\u2022\u00a0\u00a0 \u00a0F\u00fcr die Gestaltung werden zum Teil auch montierte Decoblumen sowie als technische Hilfsmittel Draht, Spaltbambus, Leim, Bast, Gummiband und \u00e4hnliches verwendet welche auch sichtbar sein k\u00f6nnen. Unsere Trockenblumen werden erg\u00e4nzend teilweise gebleicht oder eingef\u00e4rbt. Die im Musterstrauss (Foto) verwendetet Farbe kann so auch von Strauss zu Strauss variieren. Ebenso das f\u00fcr die Verpackung verwendete Papier.<br \/>\n\u2022\u00a0\u00a0 \u00a0Es k\u00f6nnte Unterschiede zwischen der abgebildeten Farbe auf der Webseite und der tats\u00e4chlichen Farbe geben, dies aufgrund von Lichteinfall, Helligkeit des Monitors, Kontrasteinstellung etc.<\/p>\n","protected":false},"excerpt":{"rendered":"<p>Unser Trockenblumenstrauss &#187; Black Beauty &#187; ist eine elegante Komposition, die mit ihren dunklen und cremefarbenen Nuancen eine zeitlose Sch\u00f6nheit verk\u00f6rpert. Die Hauptfarben Schwarz und Creme-Weiss verschmelzen harmonisch miteinander und machen ihn zu einem beeindruckenden Blickfang in jedem Raum.<\/p>\n","protected":false},"featured_media":32563,"template":"","meta":[],"product_brand":[],"product_cat":[117,23,26],"product_tag":[290],"woo-feed-brand":[],"class_list":{"0":"post-32562","1":"product","2":"type-product","3":"status-publish","4":"has-post-thumbnail","6":"product_cat-trockenblumen","7":"product_cat-home-living","8":"product_cat-blumen-pflanzen","9":"product_tag-atelier-leutwyler","11":"first","12":"instock","13":"taxable","14":"shipping-taxable","15":"purchasable","16":"product-type-simple"},"_links":{"self":[{"href":"https:\/\/www.fleurop-home.ch\/de-ch\/wp-json\/wp\/v2\/product\/32562","targetHints":{"allow":["GET"]}}],"collection":[{"href":"https:\/\/www.fleurop-home.ch\/de-ch\/wp-json\/wp\/v2\/product"}],"about":[{"href":"https:\/\/www.fleurop-home.ch\/de-ch\/wp-json\/wp\/v2\/types\/product"}],"wp:featuredmedia":[{"embeddable":true,"href":"https:\/\/www.fleurop-home.ch\/de-ch\/wp-json\/wp\/v2\/media\/32563"}],"wp:attachment":[{"href":"https:\/\/www.fleurop-home.ch\/de-ch\/wp-json\/wp\/v2\/media?parent=32562"}],"wp:term":[{"taxonomy":"product_brand","embeddable":true,"href":"https:\/\/www.fleurop-home.ch\/de-ch\/wp-json\/wp\/v2\/product_brand?post=32562"},{"taxonomy":"product_cat","embeddable":true,"href":"https:\/\/www.fleurop-home.ch\/de-ch\/wp-json\/wp\/v2\/product_cat?post=32562"},{"taxonomy":"product_tag","embeddable":true,"href":"https:\/\/www.fleurop-home.ch\/de-ch\/wp-json\/wp\/v2\/product_tag?post=32562"},{"taxonomy":"woo-feed-brand","embeddable":true,"href":"https:\/\/www.fleurop-home.ch\/de-ch\/wp-json\/wp\/v2\/woo-feed-brand?post=32562"}],"curies":[{"name":"wp","href":"https:\/\/api.w.org\/{rel}","templated":true}]}}