{"id":32179,"date":"2024-05-28T08:37:25","date_gmt":"2024-05-28T06:37:25","guid":{"rendered":"https:\/\/www.fleurop-home.ch\/?post_type=product&#038;p=32179"},"modified":"2026-04-21T13:08:10","modified_gmt":"2026-04-21T11:08:10","slug":"fruehstuecksbrett-beste-mama","status":"publish","type":"product","link":"https:\/\/www.fleurop-home.ch\/de-ch\/p\/fruehstuecksbrett-beste-mama","title":{"rendered":"Fr\u00fchst\u00fccksbrett Beste Mama"},"content":{"rendered":"<p style=\"text-align: left;\"><strong>Fr\u00fchst\u00fccksbrett<br \/>\n<\/strong><\/p>\n<p style=\"text-align: left;\"><strong>Material: Buchenholz<br \/>\n<\/strong><\/p>\n<ul style=\"list-style-type: disc;\">\n<li style=\"text-align: left;\">Masse 24x14x1.5cm<\/li>\n<li style=\"text-align: left;\">aus unbehandeltem hochwertigem Buchenholz<\/li>\n<li style=\"text-align: left;\">Der Text wird eingraviert<\/li>\n<li style=\"text-align: left;\">hohe Schnittfestigkeit, sowie beidseitig verwendbar<\/li>\n<li style=\"text-align: left;\">da es ein Naturprodukt ist, k\u00f6nnen Farbe und Maserung vom Bild abweichen<\/li>\n<li style=\"text-align: left;\">nicht geeignet f\u00fcr in den Geschirrsp\u00fcler(Handw\u00e4sche)<\/li>\n<li style=\"text-align: left;\">regelm\u00e4ssig mit Speise\u00f6l einreiben um die Haltbarkeit zu verl\u00e4ngern<\/li>\n<li style=\"text-align: left;\">nicht geeignet f\u00fcr in den Geschirrsp\u00fcler<\/li>\n<\/ul>\n<p style=\"text-align: left;\"><strong>Farbe der Produkte k\u00f6nnen geringf\u00fcgig von den Produktbildern abweichen.<\/strong><\/p>\n<p style=\"text-align: left;\"><strong>Wir \u00fcbernehmen keine Haftung f\u00fcr unsachgem\u00e4ssen Gebrauch.<\/strong><\/p>\n","protected":false},"excerpt":{"rendered":"<p>Unser Fr\u00fchst\u00fccksbrett Beste Mama f\u00fcr deine liebste Mama: Hochwertiges Holz, pers\u00f6nliche Gravur. Ein T\u00e4glicher Begleiter f\u00fcr gem\u00fctliche Fr\u00fchst\u00fccke und bleibende Erinnerungen. Das perfekte Geschenk um Mama einmal f\u00fcr Alles Danke zu sagen!<\/p>\n","protected":false},"featured_media":76373,"template":"","meta":[],"product_brand":[],"product_cat":[44,1023,910,797,909,916,42],"product_tag":[336],"woo-feed-brand":[],"class_list":{"0":"post-32179","1":"product","2":"type-product","3":"status-publish","4":"has-post-thumbnail","6":"product_cat-kuechenhelfer","7":"product_cat-fuer-mama","8":"product_cat-geschenkideen","9":"product_cat-muttertag","10":"product_cat-weihnachten","11":"product_cat-praesente","12":"product_cat-kueche","13":"product_tag-teddi-bebe","15":"first","16":"instock","17":"taxable","18":"shipping-taxable","19":"purchasable","20":"product-type-simple"},"_links":{"self":[{"href":"https:\/\/www.fleurop-home.ch\/de-ch\/wp-json\/wp\/v2\/product\/32179","targetHints":{"allow":["GET"]}}],"collection":[{"href":"https:\/\/www.fleurop-home.ch\/de-ch\/wp-json\/wp\/v2\/product"}],"about":[{"href":"https:\/\/www.fleurop-home.ch\/de-ch\/wp-json\/wp\/v2\/types\/product"}],"wp:featuredmedia":[{"embeddable":true,"href":"https:\/\/www.fleurop-home.ch\/de-ch\/wp-json\/wp\/v2\/media\/76373"}],"wp:attachment":[{"href":"https:\/\/www.fleurop-home.ch\/de-ch\/wp-json\/wp\/v2\/media?parent=32179"}],"wp:term":[{"taxonomy":"product_brand","embeddable":true,"href":"https:\/\/www.fleurop-home.ch\/de-ch\/wp-json\/wp\/v2\/product_brand?post=32179"},{"taxonomy":"product_cat","embeddable":true,"href":"https:\/\/www.fleurop-home.ch\/de-ch\/wp-json\/wp\/v2\/product_cat?post=32179"},{"taxonomy":"product_tag","embeddable":true,"href":"https:\/\/www.fleurop-home.ch\/de-ch\/wp-json\/wp\/v2\/product_tag?post=32179"},{"taxonomy":"woo-feed-brand","embeddable":true,"href":"https:\/\/www.fleurop-home.ch\/de-ch\/wp-json\/wp\/v2\/woo-feed-brand?post=32179"}],"curies":[{"name":"wp","href":"https:\/\/api.w.org\/{rel}","templated":true}]}}