{"id":32156,"date":"2024-05-28T08:37:25","date_gmt":"2024-05-28T06:37:25","guid":{"rendered":"https:\/\/www.fleurop-home.ch\/?post_type=product&#038;p=32156"},"modified":"2025-12-01T21:38:03","modified_gmt":"2025-12-01T20:38:03","slug":"kinderwagenkette-lets-go-schaefchen","status":"publish","type":"product","link":"https:\/\/www.fleurop-home.ch\/de-ch\/p\/kinderwagenkette-lets-go-schaefchen","title":{"rendered":"Kinderwagenkette Let&#8217;s Go Sch\u00e4fchen"},"content":{"rendered":"<p style=\"text-align: left\"><strong>Kinderwagenkette<\/strong><\/p>\n<div class=\"product__description rte\">\n<p style=\"text-align: left\"><strong>Farbe: Beige<br \/>\n<\/strong><\/p>\n<ul style=\"text-align: left\">\n<li>Zwei H\u00e4kelperlen, zwei Gl\u00f6ckchen und Perlen aus Silikon und Holz<\/li>\n<li>Mit Crochet Schafskopf<\/li>\n<li>Die Schnur entspricht den \u00d6ko-Standards und ist extrem rei\u00dffest<\/li>\n<li>Die Farben sind farbecht, speichel- und schwei\u00dffest<\/li>\n<li>Die Kette ist ca. 48cm lang<\/li>\n<li>Clips aus Holz<\/li>\n<\/ul>\n<p style=\"text-align: left\"><strong>Bitte beachten Sie f\u00fcr die Sicherheit Ihres Kindes folgendes:<\/strong><\/p>\n<p style=\"text-align: left\"><strong>VORSICHT!<\/strong><\/p>\n<ul style=\"text-align: left\">\n<li>Reinigen Sie den Artikel vor dem ersten Gebrauch<\/li>\n<li>Kontrollieren Sie den Artikel vor jedem Gebrauch<\/li>\n<li>Bei ersten Anzeichen von M\u00e4ngeln sofort entsorgen<\/li>\n<li>Nur unter Aufsicht eines Erwachsenen verwenden<\/li>\n<li>Zum Reinigen mit warmem Wasser absp\u00fclen und trocknen lassen<\/li>\n<li>Keine Haftung f\u00fcr unsachgem\u00e4ssen Gebrauch<\/li>\n<\/ul>\n<p style=\"text-align: left\"><em>Form und Farbe der Produkte k\u00f6nnen geringf\u00fcgig von den Produktbildern abweichen.<\/em><\/p>\n<\/div>\n<p style=\"text-align: left\"><strong>\u00a0<\/strong><\/p>\n","protected":false},"excerpt":{"rendered":"<p>Mit der Kinderwagenkette wird es deinem Baby auch unterwegs nicht langweilig und f\u00fcr Spass auf langen Spazierg\u00e4ngen ist gesorgt. Die Kette kann zudem auch an anderen Gegenst\u00e4nden prima befestigt werden und ist deshalb der ideale Begleiter f\u00fcr den Alltag.<\/p>\n","protected":false},"featured_media":32157,"template":"","meta":[],"product_brand":[],"product_cat":[62,910,909,916,59],"product_tag":[336],"woo-feed-brand":[],"class_list":{"0":"post-32156","1":"product","2":"type-product","3":"status-publish","4":"has-post-thumbnail","6":"product_cat-spielzeug","7":"product_cat-geschenkideen","8":"product_cat-weihnachten","9":"product_cat-praesente","10":"product_cat-kids","11":"product_tag-teddi-bebe","13":"first","14":"instock","15":"taxable","16":"shipping-taxable","17":"purchasable","18":"product-type-simple"},"_links":{"self":[{"href":"https:\/\/www.fleurop-home.ch\/de-ch\/wp-json\/wp\/v2\/product\/32156","targetHints":{"allow":["GET"]}}],"collection":[{"href":"https:\/\/www.fleurop-home.ch\/de-ch\/wp-json\/wp\/v2\/product"}],"about":[{"href":"https:\/\/www.fleurop-home.ch\/de-ch\/wp-json\/wp\/v2\/types\/product"}],"wp:featuredmedia":[{"embeddable":true,"href":"https:\/\/www.fleurop-home.ch\/de-ch\/wp-json\/wp\/v2\/media\/32157"}],"wp:attachment":[{"href":"https:\/\/www.fleurop-home.ch\/de-ch\/wp-json\/wp\/v2\/media?parent=32156"}],"wp:term":[{"taxonomy":"product_brand","embeddable":true,"href":"https:\/\/www.fleurop-home.ch\/de-ch\/wp-json\/wp\/v2\/product_brand?post=32156"},{"taxonomy":"product_cat","embeddable":true,"href":"https:\/\/www.fleurop-home.ch\/de-ch\/wp-json\/wp\/v2\/product_cat?post=32156"},{"taxonomy":"product_tag","embeddable":true,"href":"https:\/\/www.fleurop-home.ch\/de-ch\/wp-json\/wp\/v2\/product_tag?post=32156"},{"taxonomy":"woo-feed-brand","embeddable":true,"href":"https:\/\/www.fleurop-home.ch\/de-ch\/wp-json\/wp\/v2\/woo-feed-brand?post=32156"}],"curies":[{"name":"wp","href":"https:\/\/api.w.org\/{rel}","templated":true}]}}