{"id":31415,"date":"2024-04-05T15:59:33","date_gmt":"2024-04-05T13:59:33","guid":{"rendered":"https:\/\/www.fleurop-home.ch\/?post_type=product&#038;p=31415"},"modified":"2025-04-01T04:54:32","modified_gmt":"2025-04-01T02:54:32","slug":"blooms-for-you-marie","status":"publish","type":"product","link":"https:\/\/www.fleurop-home.ch\/de-ch\/p\/blooms-for-you-marie","title":{"rendered":"Blooms for you \u00abMarie\u00bb"},"content":{"rendered":"<p>Lisianthus in Lachs (5 Stiele), in Misty Green Blument\u00fcte<\/p>\n<p>\u00abBlooms for you\u00bb ist eine wunderbare M\u00f6glichkeit, sich selbst frische Blumen in tollen Farben f\u00fcr sein Zuhause zu g\u00f6nnen. Ob f\u00fcr besondere Anl\u00e4sse oder einfach so, \u00abBlooms for you\u00bb bieten eine grosse Auswahl an Farben, Formen und D\u00fcften, die jeden Raum aufbl\u00fchen lassen.<\/p>\n","protected":false},"excerpt":{"rendered":"<p>Lisianthus in Lachs (5 Stiele), in Misty Green Blument\u00fcte<\/p>\n","protected":false},"featured_media":46985,"template":"","meta":[],"product_brand":[],"product_cat":[1039,23,1020,1018,984,993,112,26],"product_tag":[294],"woo-feed-brand":[],"class_list":{"0":"post-31415","1":"product","2":"type-product","3":"status-publish","4":"has-post-thumbnail","6":"product_cat-blooms-for-you","7":"product_cat-home-living","8":"product_cat-ostergeschenke","9":"product_cat-ostern","10":"product_cat-silvester","11":"product_cat-silvestergeschenke","12":"product_cat-schnittblumen","13":"product_cat-blumen-pflanzen","14":"product_tag-the-bloomery","16":"first","17":"instock","18":"featured","19":"taxable","20":"shipping-taxable","21":"purchasable","22":"product-type-simple"},"_links":{"self":[{"href":"https:\/\/www.fleurop-home.ch\/de-ch\/wp-json\/wp\/v2\/product\/31415","targetHints":{"allow":["GET"]}}],"collection":[{"href":"https:\/\/www.fleurop-home.ch\/de-ch\/wp-json\/wp\/v2\/product"}],"about":[{"href":"https:\/\/www.fleurop-home.ch\/de-ch\/wp-json\/wp\/v2\/types\/product"}],"wp:featuredmedia":[{"embeddable":true,"href":"https:\/\/www.fleurop-home.ch\/de-ch\/wp-json\/wp\/v2\/media\/46985"}],"wp:attachment":[{"href":"https:\/\/www.fleurop-home.ch\/de-ch\/wp-json\/wp\/v2\/media?parent=31415"}],"wp:term":[{"taxonomy":"product_brand","embeddable":true,"href":"https:\/\/www.fleurop-home.ch\/de-ch\/wp-json\/wp\/v2\/product_brand?post=31415"},{"taxonomy":"product_cat","embeddable":true,"href":"https:\/\/www.fleurop-home.ch\/de-ch\/wp-json\/wp\/v2\/product_cat?post=31415"},{"taxonomy":"product_tag","embeddable":true,"href":"https:\/\/www.fleurop-home.ch\/de-ch\/wp-json\/wp\/v2\/product_tag?post=31415"},{"taxonomy":"woo-feed-brand","embeddable":true,"href":"https:\/\/www.fleurop-home.ch\/de-ch\/wp-json\/wp\/v2\/woo-feed-brand?post=31415"}],"curies":[{"name":"wp","href":"https:\/\/api.w.org\/{rel}","templated":true}]}}