{"id":15617,"date":"2024-05-28T08:37:29","date_gmt":"2024-05-28T06:37:29","guid":{"rendered":"https:\/\/www.fleurop-home.ch\/?product=teddy-beissring-natur"},"modified":"2025-04-01T04:38:40","modified_gmt":"2025-04-01T02:38:40","slug":"teddy-beissring-natur","status":"publish","type":"product","link":"https:\/\/www.fleurop-home.ch\/de-ch\/p\/teddy-beissring-natur","title":{"rendered":"Teddy Beissring natur"},"content":{"rendered":"<p style=\"text-align: left;\" data-mce-fragment=\"1\"><strong data-mce-fragment=\"1\">Teddy Beissring<br \/>\n<\/strong><\/p>\n<p style=\"text-align: left;\" data-mce-fragment=\"1\"><strong data-mce-fragment=\"1\">Farbe: beige<\/strong><\/p>\n<ul style=\"list-style-type: disc;\">\n<li style=\"text-align: left;\" data-mce-fragment=\"1\">Teddy und Holzring aus nat\u00fcrlichem Holz<\/li>\n<li style=\"text-align: left;\" data-mce-fragment=\"1\">Perlen aus Holz + Silikon<\/li>\n<\/ul>\n<p style=\"text-align: left;\" data-mce-fragment=\"1\"><strong>VORSICHT:<\/strong><\/p>\n<ul style=\"text-align: left;\" data-mce-fragment=\"1\">\n<li data-mce-fragment=\"1\">Reinigen Sie den Beissring vor dem ersten Gebrauch<\/li>\n<li data-mce-fragment=\"1\">Kontrollieren Sie den Beissring vor jedem Gebrauch<\/li>\n<li data-mce-fragment=\"1\">Mechanische Beanspruchung kann zu Abnutzungen f\u00fchren<\/li>\n<li data-mce-fragment=\"1\">Bei ersten Anzeichen von M\u00e4ngeln am Beissring sofort entsorgen<\/li>\n<li data-mce-fragment=\"1\">Beissring nur unter Aufsicht eines Erwachsenen verwenden<\/li>\n<li data-mce-fragment=\"1\">Zum Reinigen mit warmem Wasser absp\u00fclen und trocknen lassen<\/li>\n<li data-mce-fragment=\"1\">Keine Haftung f\u00fcr unsachgem\u00e4ssen Gebrauch<\/li>\n<\/ul>\n<p style=\"text-align: left;\" data-mce-fragment=\"1\"><strong data-mce-fragment=\"1\">Farbe der Produkte k\u00f6nnen geringf\u00fcgig von den Produktbildern abweichen.<\/strong><\/p>\n<p style=\"text-align: left;\"><strong>Wir \u00fcbernehmen keine Haftung f\u00fcr unsachgem\u00e4ssen Gebrauch.<\/strong><\/p>\n","protected":false},"excerpt":{"rendered":"<p>Unser Beissring ist das ideale Babyzubeh\u00f6r. Dr\u00fccken die Z\u00e4hnchen hilft dieser Beissring deinem Baby die Schmerzen zu lindern. Zudem ist der Beissring das perfekte Spielzeug f\u00fcr unterwegs, sodass es auf langen Autofahrten mit Sicherheit nie langweilig wird.<\/p>\n","protected":false},"featured_media":32069,"template":"","meta":[],"product_brand":[],"product_cat":[62,1018,1026,59],"product_tag":[336],"woo-feed-brand":[],"class_list":{"0":"post-15617","1":"product","2":"type-product","3":"status-publish","4":"has-post-thumbnail","6":"product_cat-spielzeug","7":"product_cat-ostern","8":"product_cat-osternest","9":"product_cat-kids","10":"product_tag-teddi-bebe","12":"first","13":"instock","14":"taxable","15":"shipping-taxable","16":"purchasable","17":"product-type-simple"},"_links":{"self":[{"href":"https:\/\/www.fleurop-home.ch\/de-ch\/wp-json\/wp\/v2\/product\/15617","targetHints":{"allow":["GET"]}}],"collection":[{"href":"https:\/\/www.fleurop-home.ch\/de-ch\/wp-json\/wp\/v2\/product"}],"about":[{"href":"https:\/\/www.fleurop-home.ch\/de-ch\/wp-json\/wp\/v2\/types\/product"}],"wp:featuredmedia":[{"embeddable":true,"href":"https:\/\/www.fleurop-home.ch\/de-ch\/wp-json\/wp\/v2\/media\/32069"}],"wp:attachment":[{"href":"https:\/\/www.fleurop-home.ch\/de-ch\/wp-json\/wp\/v2\/media?parent=15617"}],"wp:term":[{"taxonomy":"product_brand","embeddable":true,"href":"https:\/\/www.fleurop-home.ch\/de-ch\/wp-json\/wp\/v2\/product_brand?post=15617"},{"taxonomy":"product_cat","embeddable":true,"href":"https:\/\/www.fleurop-home.ch\/de-ch\/wp-json\/wp\/v2\/product_cat?post=15617"},{"taxonomy":"product_tag","embeddable":true,"href":"https:\/\/www.fleurop-home.ch\/de-ch\/wp-json\/wp\/v2\/product_tag?post=15617"},{"taxonomy":"woo-feed-brand","embeddable":true,"href":"https:\/\/www.fleurop-home.ch\/de-ch\/wp-json\/wp\/v2\/woo-feed-brand?post=15617"}],"curies":[{"name":"wp","href":"https:\/\/api.w.org\/{rel}","templated":true}]}}