{"id":15615,"date":"2024-05-28T08:37:29","date_gmt":"2024-05-28T06:37:29","guid":{"rendered":"https:\/\/www.fleurop-home.ch\/?product=2er-set-makramee-hellblau"},"modified":"2025-04-01T04:38:44","modified_gmt":"2025-04-01T02:38:44","slug":"2er-set-makramee-hellblau","status":"publish","type":"product","link":"https:\/\/www.fleurop-home.ch\/de-ch\/p\/2er-set-makramee-hellblau","title":{"rendered":"2er Set Makramee hellblau"},"content":{"rendered":"<p style=\"text-align: left;\" data-mce-fragment=\"1\"><strong data-mce-fragment=\"1\">Das 2er Set Makramee beeinhaltet:<br \/>\n<\/strong><\/p>\n<ul style=\"list-style-type: disc; text-align: left;\">\n<li>Eine Schnullerkette<\/li>\n<li>Einen Beissring<\/li>\n<\/ul>\n<p style=\"text-align: left;\"><strong data-mce-fragment=\"1\"><strong data-mce-fragment=\"1\">Farbe: Hellblau<br \/>\n<\/strong><\/strong><\/p>\n<ul style=\"list-style-type: disc; text-align: left;\">\n<li data-mce-fragment=\"1\">Beissring und Clip aus nat\u00fcrlichem Holz<\/li>\n<li data-mce-fragment=\"1\">Nur Handw\u00e4sche<\/li>\n<\/ul>\n<p style=\"text-align: left;\"><strong>VORSICHT:<\/strong><\/p>\n<ul style=\"text-align: left;\">\n<li>Reinigen Sie die Schnullerkette und den Beissring vor dem ersten Gebrauch<\/li>\n<li>Kontrollieren Sie die Schnullerkette und den Beissring vor jedem Gebrauch<\/li>\n<li>Mechanische Beanspruchung kann zu Abnutzungen f\u00fchren<\/li>\n<li>Bei ersten Anzeichen von M\u00e4ngeln an der Schnullerkette oder dem Beissring sofort entsorgen<\/li>\n<li>Die Schnullerkette niemals verl\u00e4ngern und nur an der Kleidung befestigen<\/li>\n<li>Schnullerkette und Beissring nur unter Aufsicht eines Erwachsenen verwenden<\/li>\n<li>Zum Reinigen mit warmem Wasser absp\u00fclen und trocknen lassen<\/li>\n<\/ul>\n<p style=\"text-align: left;\" data-mce-fragment=\"1\">Wir \u00fcbernehmen keine Haftung f\u00fcr unsachgem\u00e4ssen Gebrauch.<\/p>\n","protected":false},"excerpt":{"rendered":"<p>Unser handgemachtes 2er Set Makramee Bebe enth\u00e4lt einen Holz Beissring sowie eine Schnullerkette. Dank dem schlichten Design und der nat\u00fcrlichen Farbe, passt dieses Set zu jedem Outfit. Mit dem Beissring lernt dein Baby sich selber zu besch\u00e4ftigen und mit der wundersch\u00f6nen Schnullerkette sorgst du daf\u00fcr, dass der Schnuller nie verloren geht.<\/p>\n","protected":false},"featured_media":32005,"template":"","meta":[],"product_brand":[],"product_cat":[62,1018,1026,59,939],"product_tag":[336],"woo-feed-brand":[],"class_list":{"0":"post-15615","1":"product","2":"type-product","3":"status-publish","4":"has-post-thumbnail","6":"product_cat-spielzeug","7":"product_cat-ostern","8":"product_cat-osternest","9":"product_cat-kids","10":"product_cat-kindergeschenke","11":"product_tag-teddi-bebe","13":"first","14":"instock","15":"taxable","16":"shipping-taxable","17":"purchasable","18":"product-type-simple"},"_links":{"self":[{"href":"https:\/\/www.fleurop-home.ch\/de-ch\/wp-json\/wp\/v2\/product\/15615","targetHints":{"allow":["GET"]}}],"collection":[{"href":"https:\/\/www.fleurop-home.ch\/de-ch\/wp-json\/wp\/v2\/product"}],"about":[{"href":"https:\/\/www.fleurop-home.ch\/de-ch\/wp-json\/wp\/v2\/types\/product"}],"wp:featuredmedia":[{"embeddable":true,"href":"https:\/\/www.fleurop-home.ch\/de-ch\/wp-json\/wp\/v2\/media\/32005"}],"wp:attachment":[{"href":"https:\/\/www.fleurop-home.ch\/de-ch\/wp-json\/wp\/v2\/media?parent=15615"}],"wp:term":[{"taxonomy":"product_brand","embeddable":true,"href":"https:\/\/www.fleurop-home.ch\/de-ch\/wp-json\/wp\/v2\/product_brand?post=15615"},{"taxonomy":"product_cat","embeddable":true,"href":"https:\/\/www.fleurop-home.ch\/de-ch\/wp-json\/wp\/v2\/product_cat?post=15615"},{"taxonomy":"product_tag","embeddable":true,"href":"https:\/\/www.fleurop-home.ch\/de-ch\/wp-json\/wp\/v2\/product_tag?post=15615"},{"taxonomy":"woo-feed-brand","embeddable":true,"href":"https:\/\/www.fleurop-home.ch\/de-ch\/wp-json\/wp\/v2\/woo-feed-brand?post=15615"}],"curies":[{"name":"wp","href":"https:\/\/api.w.org\/{rel}","templated":true}]}}