{"id":15443,"date":"2024-01-17T12:08:31","date_gmt":"2024-01-17T11:08:31","guid":{"rendered":"https:\/\/www.fleurop-home.ch\/?product=harem-hosen-rib-camel"},"modified":"2025-04-01T04:55:51","modified_gmt":"2025-04-01T02:55:51","slug":"harem-hosen-rib-camel","status":"publish","type":"product","link":"https:\/\/www.fleurop-home.ch\/de-ch\/p\/harem-hosen-rib-camel","title":{"rendered":"Harem Hosen rib camel"},"content":{"rendered":"<p style=\"text-align: left\">L\u00e4ssig geschnitten und garantiert gem\u00fctlich. Die B\u00fcndchen am Bauch sitzen bequem und machen jede Bewegung mit, ohne einzuengen.<\/p>\n<p style=\"text-align: left\">Gr\u00f6sse: 62 &#8211; 98<br \/>\nStoff: Rib Jersey<\/p>\n<p>Waschinstruktion:<\/p>\n<p style=\"text-align: left\">&#8211; waschbar bei 30 Grad<br \/>\n&#8211; kein Weichsp\u00fcler verwenden<br \/>\n&#8211; nicht maschinell trocknen<br \/>\n&#8211; Waschtrommel auf raue Stellen \u00fcberpr\u00fcfen<\/p>\n","protected":false},"excerpt":{"rendered":"<p>Harem Hosen rib camel<\/p>\n","protected":false},"featured_media":15444,"template":"","meta":[],"product_brand":[],"product_cat":[60,59],"product_tag":[331],"woo-feed-brand":[],"class_list":{"0":"post-15443","1":"product","2":"type-product","3":"status-publish","4":"has-post-thumbnail","6":"product_cat-kindertextilien","7":"product_cat-kids","8":"product_tag-blush-couture-gmbh","10":"first","11":"instock","12":"taxable","13":"shipping-taxable","14":"purchasable","15":"product-type-variable"},"_links":{"self":[{"href":"https:\/\/www.fleurop-home.ch\/de-ch\/wp-json\/wp\/v2\/product\/15443","targetHints":{"allow":["GET"]}}],"collection":[{"href":"https:\/\/www.fleurop-home.ch\/de-ch\/wp-json\/wp\/v2\/product"}],"about":[{"href":"https:\/\/www.fleurop-home.ch\/de-ch\/wp-json\/wp\/v2\/types\/product"}],"wp:featuredmedia":[{"embeddable":true,"href":"https:\/\/www.fleurop-home.ch\/de-ch\/wp-json\/wp\/v2\/media\/15444"}],"wp:attachment":[{"href":"https:\/\/www.fleurop-home.ch\/de-ch\/wp-json\/wp\/v2\/media?parent=15443"}],"wp:term":[{"taxonomy":"product_brand","embeddable":true,"href":"https:\/\/www.fleurop-home.ch\/de-ch\/wp-json\/wp\/v2\/product_brand?post=15443"},{"taxonomy":"product_cat","embeddable":true,"href":"https:\/\/www.fleurop-home.ch\/de-ch\/wp-json\/wp\/v2\/product_cat?post=15443"},{"taxonomy":"product_tag","embeddable":true,"href":"https:\/\/www.fleurop-home.ch\/de-ch\/wp-json\/wp\/v2\/product_tag?post=15443"},{"taxonomy":"woo-feed-brand","embeddable":true,"href":"https:\/\/www.fleurop-home.ch\/de-ch\/wp-json\/wp\/v2\/woo-feed-brand?post=15443"}],"curies":[{"name":"wp","href":"https:\/\/api.w.org\/{rel}","templated":true}]}}