{"id":15414,"date":"2024-01-17T11:26:56","date_gmt":"2024-01-17T10:26:56","guid":{"rendered":"https:\/\/www.fleurop-home.ch\/?product=sabberlatz-onesize-peach"},"modified":"2025-04-01T04:56:11","modified_gmt":"2025-04-01T02:56:11","slug":"sabberlatz-onesize-peach","status":"publish","type":"product","link":"https:\/\/www.fleurop-home.ch\/de-ch\/p\/sabberlatz-onesize-peach","title":{"rendered":"Sabberlatz Onesize peach"},"content":{"rendered":"<p style=\"text-align: left;\">Welche Eltern kennen es nicht. Wenn dem armen Kind neue Z\u00e4hnchen dr\u00fccken, es lernt die H\u00e4nde in den Mund zu nehmen oder bei den ersten Essversuchen und dabei den sch\u00f6nen Pullover dauernd klitschnass oder verschmutzt ist. Daf\u00fcr gibt\u2019s die tollen Sabberl\u00e4tze in zwei verschiedenen Gr\u00f6ssen. Sie dienen auch als sch\u00f6nes Accessoire.<\/p>\n<p style=\"text-align: left;\">Material: 100% Baumwolle (Musselin)<br \/>\nGr\u00f6sse:\u00a0Onesize (ab 9Mte)<\/p>\n<p style=\"text-align: left;\">Waschinstruktion:<\/p>\n<p style=\"text-align: left;\">&#8211; waschbar bis zu 40 Grad<br \/>\n&#8211;\u00a0bei Bedarf Weichsp\u00fcler verwenden<br \/>\n&#8211; kann maschinell\u00a0getrocknet werden<br \/>\n&#8211; Waschtrommel auf raue Stellen \u00fcberpr\u00fcfen<\/p>\n<p style=\"text-align: left;\">\u00a0Farbe kann vom Original abweichen!<\/p>\n","protected":false},"excerpt":{"rendered":"<p>Sabberlatz Onesize peach (ab 9 Mte)<\/p>\n","protected":false},"featured_media":15415,"template":"","meta":[],"product_brand":[],"product_cat":[60,1018,1026,59],"product_tag":[331],"woo-feed-brand":[],"class_list":{"0":"post-15414","1":"product","2":"type-product","3":"status-publish","4":"has-post-thumbnail","6":"product_cat-kindertextilien","7":"product_cat-ostern","8":"product_cat-osternest","9":"product_cat-kids","10":"product_tag-blush-couture-gmbh","12":"first","13":"instock","14":"taxable","15":"shipping-taxable","16":"purchasable","17":"product-type-simple"},"_links":{"self":[{"href":"https:\/\/www.fleurop-home.ch\/de-ch\/wp-json\/wp\/v2\/product\/15414","targetHints":{"allow":["GET"]}}],"collection":[{"href":"https:\/\/www.fleurop-home.ch\/de-ch\/wp-json\/wp\/v2\/product"}],"about":[{"href":"https:\/\/www.fleurop-home.ch\/de-ch\/wp-json\/wp\/v2\/types\/product"}],"wp:featuredmedia":[{"embeddable":true,"href":"https:\/\/www.fleurop-home.ch\/de-ch\/wp-json\/wp\/v2\/media\/15415"}],"wp:attachment":[{"href":"https:\/\/www.fleurop-home.ch\/de-ch\/wp-json\/wp\/v2\/media?parent=15414"}],"wp:term":[{"taxonomy":"product_brand","embeddable":true,"href":"https:\/\/www.fleurop-home.ch\/de-ch\/wp-json\/wp\/v2\/product_brand?post=15414"},{"taxonomy":"product_cat","embeddable":true,"href":"https:\/\/www.fleurop-home.ch\/de-ch\/wp-json\/wp\/v2\/product_cat?post=15414"},{"taxonomy":"product_tag","embeddable":true,"href":"https:\/\/www.fleurop-home.ch\/de-ch\/wp-json\/wp\/v2\/product_tag?post=15414"},{"taxonomy":"woo-feed-brand","embeddable":true,"href":"https:\/\/www.fleurop-home.ch\/de-ch\/wp-json\/wp\/v2\/woo-feed-brand?post=15414"}],"curies":[{"name":"wp","href":"https:\/\/api.w.org\/{rel}","templated":true}]}}