{"id":15329,"date":"2024-01-15T13:47:22","date_gmt":"2024-01-15T13:47:22","guid":{"rendered":"https:\/\/www.fleurop-home.ch\/?product=blumenkorbli-happy-birthday-mit-infinity-rose"},"modified":"2026-03-16T08:54:39","modified_gmt":"2026-03-16T07:54:39","slug":"blumenkorb-happy-birthday-mit-infinity-rose","status":"publish","type":"product","link":"https:\/\/www.fleurop-home.ch\/de-ch\/p\/blumenkorb-happy-birthday-mit-infinity-rose","title":{"rendered":"Blumenkorb \u00abHappy Birthday\u00bb mit Infinity-Rose"},"content":{"rendered":"<p style=\"text-align: left;\">Mit diesem angesagten Geschenk wird die \u00dcberraschung unvergesslich. Unser Blumenk\u00f6rbli mit stabilisierter Infinity &#8211; Rose und Bandschmuck ist mit modernen Trockenblumen und Textilblumen verziert. Ein liebevolles Zeichen der Zuneigung.<\/p>\n<p style=\"text-align: left;\">Das\u00a0Blumenk\u00f6rbli kann als Geschenk oder einfach so als Wohnaccessoire oder als Tischdekoration verwendet werden. Die Trockenblumen und Textilblumen sind lange haltbar und so kann das Blumenk\u00f6rbli zur Dekoration das ganze Jahr wieder verwendet werden.<\/p>\n<p style=\"text-align: left;\">Der Preis bezieht sich pro\u00a0Blumenk\u00f6rbli mit Rose, Bandschmuck und inklusive Dekoration. (K\u00f6rbli H\u00f6he ca. 10cm, inklusive Deko ca. 20cm, \u00d8 ca. 13cm)<\/p>\n<p>\u2022\u00a0\u00a0 Die\u00a0Blumenk\u00f6rbli mit Trockenblumen, Textilblumen &amp; Kunstmaterialien werden von uns individuell zusammengestellt und k\u00f6nnen deshalb in Anordnung und Farbe variieren.<br \/>\n\u2022\u00a0\u00a0\u00a0 F\u00fcr die Gestaltung werden zum Teil auch montierte Dekomaterialien sowie als technische Hilfsmittel Holz, Draht, Leim, Bast und \u00e4hnliches verwendet, welche auch sichtbar sein k\u00f6nnen.<\/p>\n<p>\u2022 Der Korb ist aus Naturmaterialien gestaltet und kann auch Unregelm\u00e4ssigkeiten und Farbschattierungen\/Reste und Druckstellen aufweisen.<\/p>\n<p style=\"text-align: left;\">\u2022 Es sind zum Teil auch stabilisierte Blumen\/Zweige enthalten. Durch das stabilisieren und einf\u00e4rben haben die Zweige eine Restfeuchtigkeit in den Bl\u00e4ttern und k\u00f6nnen Farbe an H\u00e4nde, Kleider etc. abgeben. Bitte sei vorsichtig! Bitte vorsichtig auspacken und allenfalls die Blumen und das Band im Blumenk\u00f6rbli wieder etwas zurechtr\u00fccken.<\/p>\n<p style=\"text-align: left;\"><strong>Wichtig zu wissen:<\/strong> Die gestreuten Rosenbl\u00e4tter auf dem Foto geh\u00f6ren nicht zum Produkt. Sie k\u00f6nnen aber erg\u00e4nzend bestellt werden. Siehe unter &#171;Passend dazu<strong>&#187; &#8211;<\/strong>Echte rote stabilisierte Rosenbl\u00fcten &#8211; Rosenbl\u00e4tter zum Streuen.<\/p>\n<p style=\"text-align: left;\"><strong>Bitte beachte:<\/strong><br \/>\nEs k\u00f6nnte Unterschiede zwischen der abgebildeten Farbe auf der Webseite und der tats\u00e4chlichen Farbe geben. Dies aufgrund von Lichteinfall, Helligkeit des Monitors, Kontrasteinstellung etc. Ebenso in der Anordnung \/ Zusammensetzung der Materialien und Dekoartikel.<\/p>\n","protected":false},"excerpt":{"rendered":"<p>Unser Blumenk\u00f6rbli mit stabilisierter Infinity &#8211; Rose, Bandschmuck und &#171;Happy Birthday&#187; &#8211; Anh\u00e4nger ist aus trendigen Trockenblumen und kunstvollen Textilblumen gestaltet. Es ist mehr als nur eine Dekoration \u2013 es ist eine Liebeserkl\u00e4rung in Form von Bl\u00fcten.<\/p>\n","protected":false},"featured_media":15330,"template":"","meta":[],"product_brand":[],"product_cat":[102,23,26],"product_tag":[290],"woo-feed-brand":[],"class_list":{"0":"post-15329","1":"product","2":"type-product","3":"status-publish","4":"has-post-thumbnail","6":"product_cat-infinity-rosen","7":"product_cat-home-living","8":"product_cat-blumen-pflanzen","9":"product_tag-atelier-leutwyler","11":"first","12":"instock","13":"taxable","14":"shipping-taxable","15":"purchasable","16":"product-type-simple"},"_links":{"self":[{"href":"https:\/\/www.fleurop-home.ch\/de-ch\/wp-json\/wp\/v2\/product\/15329","targetHints":{"allow":["GET"]}}],"collection":[{"href":"https:\/\/www.fleurop-home.ch\/de-ch\/wp-json\/wp\/v2\/product"}],"about":[{"href":"https:\/\/www.fleurop-home.ch\/de-ch\/wp-json\/wp\/v2\/types\/product"}],"wp:featuredmedia":[{"embeddable":true,"href":"https:\/\/www.fleurop-home.ch\/de-ch\/wp-json\/wp\/v2\/media\/15330"}],"wp:attachment":[{"href":"https:\/\/www.fleurop-home.ch\/de-ch\/wp-json\/wp\/v2\/media?parent=15329"}],"wp:term":[{"taxonomy":"product_brand","embeddable":true,"href":"https:\/\/www.fleurop-home.ch\/de-ch\/wp-json\/wp\/v2\/product_brand?post=15329"},{"taxonomy":"product_cat","embeddable":true,"href":"https:\/\/www.fleurop-home.ch\/de-ch\/wp-json\/wp\/v2\/product_cat?post=15329"},{"taxonomy":"product_tag","embeddable":true,"href":"https:\/\/www.fleurop-home.ch\/de-ch\/wp-json\/wp\/v2\/product_tag?post=15329"},{"taxonomy":"woo-feed-brand","embeddable":true,"href":"https:\/\/www.fleurop-home.ch\/de-ch\/wp-json\/wp\/v2\/woo-feed-brand?post=15329"}],"curies":[{"name":"wp","href":"https:\/\/api.w.org\/{rel}","templated":true}]}}