{"id":15307,"date":"2024-01-12T16:03:40","date_gmt":"2024-01-12T16:03:40","guid":{"rendered":"https:\/\/www.fleurop-home.ch\/?product=herz-aus-holz-mit-roter-rose-geschmuckt-love"},"modified":"2026-04-01T16:11:28","modified_gmt":"2026-04-01T14:11:28","slug":"rote-rose-im-holz-herz-love","status":"publish","type":"product","link":"https:\/\/www.fleurop-home.ch\/de-ch\/p\/rote-rose-im-holz-herz-love","title":{"rendered":"Rote Rose im Holz-Herz \u00abLove\u00bb"},"content":{"rendered":"<div class=\"flex flex-grow flex-col max-w-full\">\n<div class=\"min-h-[20px] text-message flex flex-col items-start gap-3 whitespace-pre-wrap break-words [.text-message+&amp;]:mt-5 overflow-x-auto\" data-message-author-role=\"assistant\" data-message-id=\"d10701f0-c078-431f-bd81-db10409bd4e3\">\n<div class=\"markdown prose w-full break-words dark:prose-invert light\">\n<p style=\"text-align: left;\">Mit diesem angesagten Geschenk wird die \u00dcberraschung unvergesslich. Unser Holzherz ist mit modernen Trockenblumen und Textilblumen verziert. Ein liebevolles Zeichen f\u00fcr den Valentinstag, Muttertag, Tag der Frau oder einfach als spontane Geste der Zuneigung.<\/p>\n<p style=\"text-align: left;\">Das Herz eignet sich hervorragend als Geschenk, Wohnaccessoire oder Tischdekoration. Die Trockenblumen und Textilblumen sind \u00e4usserst langlebig, wodurch dieser florale Schmuck das ganze Jahr \u00fcber immer wieder verwendet werden kann.<\/p>\n<p style=\"text-align: left;\">Der Preis bezieht sich pro Holzherz inklusive Dekoration. (Herz H\u00f6he ca. 14 cm, inklusive Deko ca. 38 cm)<\/p>\n<p style=\"text-align: left;\"><strong>Bitte beachte:<\/strong><\/p>\n<p style=\"text-align: left;\">\u2022 Bitte nehme die Trockenblumen vorsichtig aus dem Papier. Getrocknete Zweige neigen dazu, leicht br\u00fcchig zu sein. Bitte vorsichtig auspacken und gegebenenfalls die Blumen im Reagenzglas vorsichtig zurechtr\u00fccken.<\/p>\n<p style=\"text-align: left;\">\u2022 Unsere Trockenblumen werden teilweise gebleicht oder eingef\u00e4rbt. Die im Musterherz (Foto) verwendete Farbe und die Anzahl der Blumen k\u00f6nnen von Gesteck zu Gesteck variieren.<\/p>\n<p style=\"text-align: left;\">\u2022 F\u00fcr die Gestaltung verwenden wir teilweise montierte Dekomaterialien sowie technische Hilfsmittel wie Holz, Draht, Leim, Bast und \u00e4hnliches, die sichtbar sein k\u00f6nnen. Das Holz des Herzens kann in Farbe, Art und Struktur variieren.<\/p>\n<p style=\"text-align: left;\">\u2022 Unsere geschm\u00fcckten Herzen mit Trockenblumen, Textilblumen und Kunstmaterialien werden individuell von uns zusammengestellt, daher kann die Anordnung und Farbe variieren.<\/p>\n<p style=\"text-align: left;\">Es k\u00f6nnten Unterschiede zwischen der auf der Webseite abgebildeten Farbe und der tats\u00e4chlichen Farbe auftreten, bedingt durch Lichteinfall, Helligkeit des Monitors, Kontrasteinstellung, etc. Das gilt auch f\u00fcr die Anordnung und Zusammensetzung der Materialien und Dekoartikel.<\/p>\n<\/div>\n<\/div>\n<\/div>\n","protected":false},"excerpt":{"rendered":"<p>Liebliche Deco mit Holzherz inkl. roter Textilblumen-Rose, Trockenblumen und &#171;Love&#187; Anh\u00e4nger. Dieses Herz aus Holz mit seiner einzigartigen Verzierung ist nicht nur ein Dekorationsobjekt, sondern auch ein Ausdruck von Gef\u00fchl und Hingabe. Perfekt als Geschenk f\u00fcr besondere Anl\u00e4sse.<\/p>\n","protected":false},"featured_media":15308,"template":"","meta":[],"product_brand":[],"product_cat":[107,23,1000,1023,797,999,26],"product_tag":[290],"woo-feed-brand":[],"class_list":{"0":"post-15307","1":"product","2":"type-product","3":"status-publish","4":"has-post-thumbnail","6":"product_cat-kunstblumen","7":"product_cat-home-living","8":"product_cat-valentinstagsdeko","9":"product_cat-fuer-mama","10":"product_cat-muttertag","11":"product_cat-valentinstag","12":"product_cat-blumen-pflanzen","13":"product_tag-atelier-leutwyler","15":"first","16":"instock","17":"taxable","18":"shipping-taxable","19":"purchasable","20":"product-type-simple"},"_links":{"self":[{"href":"https:\/\/www.fleurop-home.ch\/de-ch\/wp-json\/wp\/v2\/product\/15307","targetHints":{"allow":["GET"]}}],"collection":[{"href":"https:\/\/www.fleurop-home.ch\/de-ch\/wp-json\/wp\/v2\/product"}],"about":[{"href":"https:\/\/www.fleurop-home.ch\/de-ch\/wp-json\/wp\/v2\/types\/product"}],"wp:featuredmedia":[{"embeddable":true,"href":"https:\/\/www.fleurop-home.ch\/de-ch\/wp-json\/wp\/v2\/media\/15308"}],"wp:attachment":[{"href":"https:\/\/www.fleurop-home.ch\/de-ch\/wp-json\/wp\/v2\/media?parent=15307"}],"wp:term":[{"taxonomy":"product_brand","embeddable":true,"href":"https:\/\/www.fleurop-home.ch\/de-ch\/wp-json\/wp\/v2\/product_brand?post=15307"},{"taxonomy":"product_cat","embeddable":true,"href":"https:\/\/www.fleurop-home.ch\/de-ch\/wp-json\/wp\/v2\/product_cat?post=15307"},{"taxonomy":"product_tag","embeddable":true,"href":"https:\/\/www.fleurop-home.ch\/de-ch\/wp-json\/wp\/v2\/product_tag?post=15307"},{"taxonomy":"woo-feed-brand","embeddable":true,"href":"https:\/\/www.fleurop-home.ch\/de-ch\/wp-json\/wp\/v2\/woo-feed-brand?post=15307"}],"curies":[{"name":"wp","href":"https:\/\/api.w.org\/{rel}","templated":true}]}}