{"id":15007,"date":"2023-12-30T17:37:49","date_gmt":"2023-12-30T16:37:49","guid":{"rendered":"https:\/\/www.fleurop-home.ch\/?product=sabberlatz-newborn-flowers-bees"},"modified":"2025-04-01T05:05:10","modified_gmt":"2025-04-01T03:05:10","slug":"sabberlatz-newborn-flowers-bees","status":"publish","type":"product","link":"https:\/\/www.fleurop-home.ch\/de-ch\/p\/sabberlatz-newborn-flowers-bees","title":{"rendered":"Sabberlatz Newborn Flowers &amp; Bees"},"content":{"rendered":"<p style=\"text-align: left;\">Welche Eltern kennen es nicht. Wenn dem armen Kind neue Z\u00e4hnchen dr\u00fccken, es lernt die H\u00e4nde in den Mund zu nehmen oder bei den ersten Essversuchen und dabei den sch\u00f6nen Pullover dauernd klitschnass oder verschmutzt ist. Daf\u00fcr gibt\u2019s die tollen Sabberl\u00e4tze in zwei verschiedenen Gr\u00f6ssen. Sie dienen auch als sch\u00f6nes Accessoire.<\/p>\n<p style=\"text-align: left;\">Material: 100% Baumwolle (Jersey)<br \/>\nGr\u00f6sse: Newborn (0-9Mte)<\/p>\n<p style=\"text-align: left;\">Waschinstruktion:<\/p>\n<p style=\"text-align: left;\">&#8211; waschbar bis zu 30 Grad<br \/>\n&#8211; kein Weichsp\u00fcler verwenden<br \/>\n&#8211; nicht maschinell trocknen<br \/>\n&#8211; Waschtrommel auf raue Stellen \u00fcberpr\u00fcfen<\/p>\n<p style=\"text-align: left;\">Farbe kann vom Original abweichen!<\/p>\n","protected":false},"excerpt":{"rendered":"<p>Sabberlatz Newborn Flowers &amp; Bees (0-9 Mte)<\/p>\n","protected":false},"featured_media":15008,"template":"","meta":[],"product_brand":[],"product_cat":[60,1018,1026,59],"product_tag":[331],"woo-feed-brand":[],"class_list":{"0":"post-15007","1":"product","2":"type-product","3":"status-publish","4":"has-post-thumbnail","6":"product_cat-kindertextilien","7":"product_cat-ostern","8":"product_cat-osternest","9":"product_cat-kids","10":"product_tag-blush-couture-gmbh","12":"first","13":"instock","14":"taxable","15":"shipping-taxable","16":"purchasable","17":"product-type-simple"},"_links":{"self":[{"href":"https:\/\/www.fleurop-home.ch\/de-ch\/wp-json\/wp\/v2\/product\/15007","targetHints":{"allow":["GET"]}}],"collection":[{"href":"https:\/\/www.fleurop-home.ch\/de-ch\/wp-json\/wp\/v2\/product"}],"about":[{"href":"https:\/\/www.fleurop-home.ch\/de-ch\/wp-json\/wp\/v2\/types\/product"}],"wp:featuredmedia":[{"embeddable":true,"href":"https:\/\/www.fleurop-home.ch\/de-ch\/wp-json\/wp\/v2\/media\/15008"}],"wp:attachment":[{"href":"https:\/\/www.fleurop-home.ch\/de-ch\/wp-json\/wp\/v2\/media?parent=15007"}],"wp:term":[{"taxonomy":"product_brand","embeddable":true,"href":"https:\/\/www.fleurop-home.ch\/de-ch\/wp-json\/wp\/v2\/product_brand?post=15007"},{"taxonomy":"product_cat","embeddable":true,"href":"https:\/\/www.fleurop-home.ch\/de-ch\/wp-json\/wp\/v2\/product_cat?post=15007"},{"taxonomy":"product_tag","embeddable":true,"href":"https:\/\/www.fleurop-home.ch\/de-ch\/wp-json\/wp\/v2\/product_tag?post=15007"},{"taxonomy":"woo-feed-brand","embeddable":true,"href":"https:\/\/www.fleurop-home.ch\/de-ch\/wp-json\/wp\/v2\/woo-feed-brand?post=15007"}],"curies":[{"name":"wp","href":"https:\/\/api.w.org\/{rel}","templated":true}]}}