{"id":14986,"date":"2023-12-20T08:52:47","date_gmt":"2023-12-20T08:52:47","guid":{"rendered":"https:\/\/www.fleurop-home.ch\/?product=ottiger-spezialitaten-dreier-box-pesto"},"modified":"2026-02-05T13:45:55","modified_gmt":"2026-02-05T12:45:55","slug":"ottiger-spezialitaten-dreier-box-pesto","status":"publish","type":"product","link":"https:\/\/www.fleurop-home.ch\/de-ch\/p\/ottiger-spezialitaten-dreier-box-pesto","title":{"rendered":"Ottiger Spezialit\u00e4ten DREIER-BOX Pesto"},"content":{"rendered":"<p style=\"text-align: left;\">3 hausgemachte Pestos von Ottiger Spezialit\u00e4ten, verpackt in blau-weiss karierter Geschenkbox mit rotem Geschenkband.<\/p>\n<p style=\"text-align: left;\">Beinhaltet:<\/p>\n<p style=\"text-align: left;\">1 Glas Pesto Classico \u00e0 200 g<br \/>\n1 Glas Pesto Rosso \u00e0 200 g<br \/>\n1 Glas Pesto All&#8217;Arrabbita \u00e0 200g<\/p>\n<p style=\"text-align: left;\"><strong>N\u00e4hrwerte Pesto Classico pro 100 g:\u00a0<\/strong><\/p>\n<p style=\"text-align: left;\">Energie: 2279 kj \/ 553 kcal, Fett: 56.4 g, davon ges\u00e4ttige Fetts\u00e4uren: 7.7 g, Kohlenhydrate: 4.1 g, davon Zucker: 0.5 g, Eiweiss: 9.4 g, Salz: 2.1 g.<\/p>\n<p style=\"text-align: left;\"><strong>Zutaten Pesto Classico:\u00a0<\/strong><\/p>\n<p style=\"text-align: left;\">\u00d6l (Raps\u00f6l, Oliven\u00f6l kaltgepresst), frischer Basilikum 23 %, <strong>Hartk\u00e4se<\/strong> gerieben, Pinienkerne, Salz, Knoblauchpulver, S\u00e4uerungsmittel (Zitronens\u00e4ure, Ascorbins\u00e4ure).<\/p>\n<p style=\"text-align: left;\"><strong>N\u00e4hrwerte Pesto Rosso pro 100 g:\u00a0<\/strong><\/p>\n<p style=\"text-align: left;\">Energie: 2454 kj \/ 581 kcal, Fett: 54.7 g, davon ges\u00e4ttige Fetts\u00e4uren: 6.0 g, Kohlenhydrate: 14.0 g, davon Zucker: 6.0 g, Eiweiss: 8.1 g, Salz: 4.1 g.<\/p>\n<p style=\"text-align: left;\"><strong>Zutaten Pesto Rosso:\u00a0<\/strong><\/p>\n<p style=\"text-align: left;\">\u00d6l (Raps\u00f6l, Oliven\u00f6l kaltgepresst), Tomaten getrocknet 21 %, Pinienkerne, Tomatenkonzentrat, \u00d6l (Raps\u00f6l, Oliven\u00f6l kaltgepresst), frischer Basilikum 23 %, Hartk\u00e4se gerieben, frischer Basilikum, Knoblauchpulver, Salz.<\/p>\n<p style=\"text-align: left;\"><strong>N\u00e4hrwerte Pesto All&#8217;Arrabbita pro 100 g:\u00a0<\/strong><\/p>\n<p style=\"text-align: left;\">Energie: 2396 kj \/ 580 kcal, Fett: 54.8 g, davon ges\u00e4ttige Fetts\u00e4uren: 6.0 g, Kohlenhydrate: 13.7 g, davon Zucker: 5.6 g, Eiweiss: 7.9 g, Salz: 3.6 g.<\/p>\n<p style=\"text-align: left;\"><strong>Zutaten\u00a0Pesto All&#8217;Arrabbita:<\/strong><\/p>\n<p style=\"text-align: left;\">\u00d6l (Raps\u00f6l, Oliven\u00f6l kaltgepresst), Tomaten getrocknet 19 %, Pinienkerne, Tomatenkonzentrat, \u00d6l (Raps\u00f6l, Oliven\u00f6l kaltgepresst), frischer Basilikum 23 %, Hartk\u00e4se gerieben, Chilischoten granuliert, frischer Basilikum, Knoblauchpulver, Salz, Pfeffer.<\/p>\n<p style=\"text-align: left;\"><em>Allergene:\u00a0Milch und Milchprodukte (einschliesslich Lactose)<\/em><\/p>\n","protected":false},"excerpt":{"rendered":"<p>Hausgemachte Pestos in Geschenkbox<\/p>\n","protected":false},"featured_media":14987,"template":"","meta":[],"product_brand":[],"product_cat":[53,995,1003,910,1091,1020,1018,984,1208,999,1088,909,916,915,42,47,111,885,52,1225],"product_tag":[330],"woo-feed-brand":[],"class_list":{"0":"post-14986","1":"product","2":"type-product","3":"status-publish","4":"has-post-thumbnail","6":"product_cat-geschenksets","7":"product_cat-essen-trinken","8":"product_cat-fuer-sie","9":"product_cat-geschenkideen","10":"product_cat-hobbykoch","11":"product_cat-ostergeschenke","12":"product_cat-ostern","13":"product_cat-silvester","14":"product_cat-ueber-25-chf","15":"product_cat-valentinstag","16":"product_cat-vatertag","17":"product_cat-weihnachten","18":"product_cat-praesente","19":"product_cat-wichteln","20":"product_cat-kueche","21":"product_cat-kuechenaromen","22":"product_cat-saucen","23":"product_cat-koestlichkeiten","24":"product_cat-geschenke","25":"product_cat-genuss","26":"product_tag-ottiger-spezialitaten-ag","28":"first","29":"instock","30":"taxable","31":"shipping-taxable","32":"purchasable","33":"product-type-simple"},"_links":{"self":[{"href":"https:\/\/www.fleurop-home.ch\/de-ch\/wp-json\/wp\/v2\/product\/14986","targetHints":{"allow":["GET"]}}],"collection":[{"href":"https:\/\/www.fleurop-home.ch\/de-ch\/wp-json\/wp\/v2\/product"}],"about":[{"href":"https:\/\/www.fleurop-home.ch\/de-ch\/wp-json\/wp\/v2\/types\/product"}],"wp:featuredmedia":[{"embeddable":true,"href":"https:\/\/www.fleurop-home.ch\/de-ch\/wp-json\/wp\/v2\/media\/14987"}],"wp:attachment":[{"href":"https:\/\/www.fleurop-home.ch\/de-ch\/wp-json\/wp\/v2\/media?parent=14986"}],"wp:term":[{"taxonomy":"product_brand","embeddable":true,"href":"https:\/\/www.fleurop-home.ch\/de-ch\/wp-json\/wp\/v2\/product_brand?post=14986"},{"taxonomy":"product_cat","embeddable":true,"href":"https:\/\/www.fleurop-home.ch\/de-ch\/wp-json\/wp\/v2\/product_cat?post=14986"},{"taxonomy":"product_tag","embeddable":true,"href":"https:\/\/www.fleurop-home.ch\/de-ch\/wp-json\/wp\/v2\/product_tag?post=14986"},{"taxonomy":"woo-feed-brand","embeddable":true,"href":"https:\/\/www.fleurop-home.ch\/de-ch\/wp-json\/wp\/v2\/woo-feed-brand?post=14986"}],"curies":[{"name":"wp","href":"https:\/\/api.w.org\/{rel}","templated":true}]}}