{"id":14914,"date":"2023-12-05T18:26:45","date_gmt":"2023-12-05T18:26:45","guid":{"rendered":"https:\/\/www.fleurop-home.ch\/?product=birdfeeder"},"modified":"2026-04-07T11:10:30","modified_gmt":"2026-04-07T09:10:30","slug":"birdfeeder","status":"publish","type":"product","link":"https:\/\/www.fleurop-home.ch\/de-ch\/p\/birdfeeder","title":{"rendered":"Birdfeeder"},"content":{"rendered":"<p style=\"text-align: left\">Dieses Vogelh\u00e4uschen ist das perfekte Geschenk f\u00fcr alle, die V\u00f6gel m\u00f6gen. Da du es am Fenster befestigen, kannst du die V\u00f6gel ganz nah beim Fressen beobachten. Alle verf\u00fcgen \u00fcber ein Fenster, sodass auch Menschen ohne Garten den V\u00f6geln zus\u00e4tzliches Futter bieten k\u00f6nnen. Dies ist ein Geschenk, das du fast jedem machen kannst, egal ob alt, jung, Mann, Frau, Kind oder Katze.<\/p>\n<p>Gr\u00f6\u00dfe 10 x 18 cm<br \/>\nDesign: Pascal Charmolu<br \/>\nMaterialien: Kunststoff, Silikon und Stahl.<\/p>\n<p>Pflegehinweis: Befolge unbedingt die Installationsanweisungen sorgf\u00e4ltig. Alle Teile m\u00fcssen gewaschen und abgewischt werden, auch das Fenster. Dr\u00fccke den Saugstopfen fest auf Vogelh\u00e4uschen und Fenster. Kann im oberen Fach in der Sp\u00fclmaschine gewaschen werden.<\/p>\n<p>Hergestellt in Schweden<\/p>\n<p>Alle Designs von Born in Sweden werden exklusiv f\u00fcr uns in Zusammenarbeit mit talentierten und renommierten Designern hergestellt.\u00a0Wir verwenden kleine Fabriken, mit denen wir eine lange Beziehung haben, und saubere Materialien, die entweder recycelt werden oder leicht recycelt werden k\u00f6nnen.<\/p>\n","protected":false},"excerpt":{"rendered":"<p>Vogelh\u00e4uschen<\/p>\n","protected":false},"featured_media":14915,"template":"","meta":[],"product_brand":[],"product_cat":[39,34,1113],"product_tag":[312],"woo-feed-brand":[],"class_list":{"0":"post-14914","1":"product","2":"type-product","3":"status-publish","4":"has-post-thumbnail","6":"product_cat-gartenzubehoer","7":"product_cat-garten-balkon","8":"product_cat-gartenbewohner","9":"product_tag-zimmermann-flaach-ag-blumen-gartenbau","11":"first","12":"instock","13":"taxable","14":"shipping-taxable","15":"purchasable","16":"product-type-simple"},"_links":{"self":[{"href":"https:\/\/www.fleurop-home.ch\/de-ch\/wp-json\/wp\/v2\/product\/14914","targetHints":{"allow":["GET"]}}],"collection":[{"href":"https:\/\/www.fleurop-home.ch\/de-ch\/wp-json\/wp\/v2\/product"}],"about":[{"href":"https:\/\/www.fleurop-home.ch\/de-ch\/wp-json\/wp\/v2\/types\/product"}],"wp:featuredmedia":[{"embeddable":true,"href":"https:\/\/www.fleurop-home.ch\/de-ch\/wp-json\/wp\/v2\/media\/14915"}],"wp:attachment":[{"href":"https:\/\/www.fleurop-home.ch\/de-ch\/wp-json\/wp\/v2\/media?parent=14914"}],"wp:term":[{"taxonomy":"product_brand","embeddable":true,"href":"https:\/\/www.fleurop-home.ch\/de-ch\/wp-json\/wp\/v2\/product_brand?post=14914"},{"taxonomy":"product_cat","embeddable":true,"href":"https:\/\/www.fleurop-home.ch\/de-ch\/wp-json\/wp\/v2\/product_cat?post=14914"},{"taxonomy":"product_tag","embeddable":true,"href":"https:\/\/www.fleurop-home.ch\/de-ch\/wp-json\/wp\/v2\/product_tag?post=14914"},{"taxonomy":"woo-feed-brand","embeddable":true,"href":"https:\/\/www.fleurop-home.ch\/de-ch\/wp-json\/wp\/v2\/woo-feed-brand?post=14914"}],"curies":[{"name":"wp","href":"https:\/\/api.w.org\/{rel}","templated":true}]}}