{"id":14908,"date":"2023-12-05T15:17:02","date_gmt":"2023-12-05T15:17:02","guid":{"rendered":"https:\/\/www.fleurop-home.ch\/?product=duftherz-gross"},"modified":"2025-04-01T05:11:21","modified_gmt":"2025-04-01T03:11:21","slug":"duftherz-gross","status":"publish","type":"product","link":"https:\/\/www.fleurop-home.ch\/de-ch\/p\/duftherz-gross","title":{"rendered":"Duftherz gross"},"content":{"rendered":"<p style=\"text-align: left\">Sch\u00f6nes grosses Duftherz gef\u00fcllt mit Wachskristallen, in Baumwollbeutel. Auch geeignet f\u00fcr guten Duft in gr\u00f6sseren R\u00e4umen. Seit Jahren unser Bestseller f\u00fcr guten Duft im Bad, Schrank oder Wohnraum.<\/p>\n<p style=\"text-align: left\"><strong>No. 2 &#8211; THE WARM SECRET<\/strong><br \/>\n<strong>balsamisch, blumig, s\u00fcss, Moschus, Ambra<\/strong><\/p>\n<p style=\"text-align: left\">Dieser sinnliche Duft entf\u00fchrt in die orientalische Welt voller D\u00fcfte und weiblicher Anmut. Edle Balsame und Harze, w\u00fcrziges Patchouly, attraktive Moschus- und Ambranoten vereinigen sich zu einem geheimnisvollen Ganzen, das erobert werden will.<\/p>\n","protected":false},"excerpt":{"rendered":"<p>Sch\u00f6nes grosses Duftherz gef\u00fcllt mit Wachskristallen, in Baumwollbeutel. Auch geeignet f\u00fcr guten Duft in gr\u00f6sseren R\u00e4umen.<\/p>\n","protected":false},"featured_media":14909,"template":"","meta":[],"product_brand":[],"product_cat":[51,48],"product_tag":[312],"woo-feed-brand":[],"class_list":{"0":"post-14908","1":"product","2":"type-product","3":"status-publish","4":"has-post-thumbnail","6":"product_cat-raumduefte","7":"product_cat-bad-wellness","8":"product_tag-zimmermann-flaach-ag-blumen-gartenbau","10":"first","11":"instock","12":"taxable","13":"shipping-taxable","14":"purchasable","15":"product-type-simple"},"_links":{"self":[{"href":"https:\/\/www.fleurop-home.ch\/de-ch\/wp-json\/wp\/v2\/product\/14908","targetHints":{"allow":["GET"]}}],"collection":[{"href":"https:\/\/www.fleurop-home.ch\/de-ch\/wp-json\/wp\/v2\/product"}],"about":[{"href":"https:\/\/www.fleurop-home.ch\/de-ch\/wp-json\/wp\/v2\/types\/product"}],"wp:featuredmedia":[{"embeddable":true,"href":"https:\/\/www.fleurop-home.ch\/de-ch\/wp-json\/wp\/v2\/media\/14909"}],"wp:attachment":[{"href":"https:\/\/www.fleurop-home.ch\/de-ch\/wp-json\/wp\/v2\/media?parent=14908"}],"wp:term":[{"taxonomy":"product_brand","embeddable":true,"href":"https:\/\/www.fleurop-home.ch\/de-ch\/wp-json\/wp\/v2\/product_brand?post=14908"},{"taxonomy":"product_cat","embeddable":true,"href":"https:\/\/www.fleurop-home.ch\/de-ch\/wp-json\/wp\/v2\/product_cat?post=14908"},{"taxonomy":"product_tag","embeddable":true,"href":"https:\/\/www.fleurop-home.ch\/de-ch\/wp-json\/wp\/v2\/product_tag?post=14908"},{"taxonomy":"woo-feed-brand","embeddable":true,"href":"https:\/\/www.fleurop-home.ch\/de-ch\/wp-json\/wp\/v2\/woo-feed-brand?post=14908"}],"curies":[{"name":"wp","href":"https:\/\/api.w.org\/{rel}","templated":true}]}}