{"id":14618,"date":"2023-11-02T18:21:35","date_gmt":"2023-11-02T18:21:35","guid":{"rendered":"https:\/\/www.fleurop-home.ch\/?product=n8-hammam-badesalz"},"modified":"2025-11-18T13:21:20","modified_gmt":"2025-11-18T12:21:20","slug":"n8-hammam-badesalz","status":"publish","type":"product","link":"https:\/\/www.fleurop-home.ch\/de-ch\/p\/n8-hammam-badesalz","title":{"rendered":"N\u00b08 HAMMAM BADESALZ"},"content":{"rendered":"<p style=\"text-align: left;\">Reise in die zauberhafte Welt des Orients mit unserem N\u00b08 HAMMAM BADESALZ von PRIMESTUDIOS. Dieses exklusive Badesalz entf\u00fchrt dich in die traditionelle Hammam-Kultur und bietet ein Badeerlebnis, das K\u00f6rper und Geist verw\u00f6hnt.<\/p>\n","protected":false},"excerpt":{"rendered":"<p>N\u00b08 HAMMAM BADESALZ, 400gr.<\/p>\n","protected":false},"featured_media":68404,"template":"","meta":[],"product_brand":[],"product_cat":[50,1207,909,915,48],"product_tag":[322],"woo-feed-brand":[],"class_list":{"0":"post-14618","1":"product","2":"type-product","3":"status-publish","4":"has-post-thumbnail","6":"product_cat-badezubehoer","7":"product_cat-unter-25-chf","8":"product_cat-weihnachten","9":"product_cat-wichteln","10":"product_cat-bad-wellness","11":"product_tag-primestudios","13":"first","14":"instock","15":"featured","16":"taxable","17":"shipping-taxable","18":"purchasable","19":"product-type-simple"},"_links":{"self":[{"href":"https:\/\/www.fleurop-home.ch\/de-ch\/wp-json\/wp\/v2\/product\/14618","targetHints":{"allow":["GET"]}}],"collection":[{"href":"https:\/\/www.fleurop-home.ch\/de-ch\/wp-json\/wp\/v2\/product"}],"about":[{"href":"https:\/\/www.fleurop-home.ch\/de-ch\/wp-json\/wp\/v2\/types\/product"}],"wp:featuredmedia":[{"embeddable":true,"href":"https:\/\/www.fleurop-home.ch\/de-ch\/wp-json\/wp\/v2\/media\/68404"}],"wp:attachment":[{"href":"https:\/\/www.fleurop-home.ch\/de-ch\/wp-json\/wp\/v2\/media?parent=14618"}],"wp:term":[{"taxonomy":"product_brand","embeddable":true,"href":"https:\/\/www.fleurop-home.ch\/de-ch\/wp-json\/wp\/v2\/product_brand?post=14618"},{"taxonomy":"product_cat","embeddable":true,"href":"https:\/\/www.fleurop-home.ch\/de-ch\/wp-json\/wp\/v2\/product_cat?post=14618"},{"taxonomy":"product_tag","embeddable":true,"href":"https:\/\/www.fleurop-home.ch\/de-ch\/wp-json\/wp\/v2\/product_tag?post=14618"},{"taxonomy":"woo-feed-brand","embeddable":true,"href":"https:\/\/www.fleurop-home.ch\/de-ch\/wp-json\/wp\/v2\/woo-feed-brand?post=14618"}],"curies":[{"name":"wp","href":"https:\/\/api.w.org\/{rel}","templated":true}]}}