{"id":14459,"date":"2023-09-22T16:43:42","date_gmt":"2023-09-22T16:43:42","guid":{"rendered":"https:\/\/www.fleurop-home.ch\/?product=zierkissen-mountain-rose-45-x-45-cm-100-burel-schafswolle"},"modified":"2025-11-28T09:04:25","modified_gmt":"2025-11-28T08:04:25","slug":"zierkissen-mountain-rose-45-x-45-cm-100-burel-schafswolle","status":"publish","type":"product","link":"https:\/\/www.fleurop-home.ch\/de-ch\/p\/zierkissen-mountain-rose-45-x-45-cm-100-burel-schafswolle","title":{"rendered":"Zierkissen &#171;Mountain Rose&#187;, 45 x 45 cm, 100% Burel-Schafswolle"},"content":{"rendered":"<p style=\"text-align: left\">Unsere Zierkissen werden aus 100% Wolle hergestellt und zeichnen sich durch unvergleichliche Qualit\u00e4t und Haltbarkeit aus. Burelwolle ist ein nat\u00fcrliches, umweltfreundliches Material, das f\u00fcr seine Widerstandsf\u00e4higkeit und Langlebigkeit bekannt ist. Sie stammt von einheimischen Schafen, die frei auf den \u00fcppigen Hochebenen der Serra da Estrela grasen. Ihr nat\u00fcrlicher Lebensraum garantiert h\u00f6chste Qualit\u00e4t. Es ist verschleissfest und beh\u00e4lt auch bei intensiver Nutzung seine Form und Farbe. Wenn Sie sich f\u00fcr dieses Kissen entscheiden, investieren Sie nicht nur in Stil, sondern auch in eine umweltfreundlichere Zukunft.<\/p>\n<p style=\"text-align: left\">Jedes Kissen ist ein Zeugnis f\u00fcr die geschickten H\u00e4nde von Kunsthandwerkern in der Serra da Estrela, Portugal. Sie f\u00fchren ein Erbe fort, das bis ins 19. Jahrhundert zur\u00fcckreicht und verwenden historische Maschinen und Techniken, um ein St\u00fcck zu schaffen, das sowohl sch\u00f6n, als auch langlebig ist.<\/p>\n<p style=\"text-align: left\">Verleihen Sie Ihrem Wohnraum einen Hauch von portugiesischem Erbe und die W\u00e4rme nachhaltiger Materialien. Ob auf dem Sofa, dem Sessel oder dem Bett &#8211; unsere handgefertigten Kissen werden mit Sicherheit zu einem gesch\u00e4tzten Teil der Geschichte Ihres Hauses.<\/p>\n<p style=\"text-align: left\">F\u00fcllkissen separat erh\u00e4ltlich.<\/p>\n<p style=\"text-align: left\">Pflegehinweise:<br \/>\nHandw\u00e4sche max. 30\u00baC, kein Bleichmittel verwenden, keinen Trockner verwenden, maximale B\u00fcgeltemperatur 150\u00baC. chemische Reinigung erlaubt<\/p>\n","protected":false},"excerpt":{"rendered":"<p>Peppen Sie Ihre Inneneinrichtung mit der zeitlosen Eleganz unserer handgefertigten Burel-Wollkissen auf. Mit Sorgfalt im Herzen der Serra da Estrela, Portugal, von Hand aus 100% Schafswolle gefertigt, verbindet dieses Kissen traditionelle Handwerkskunst mit nachhaltigen Materialien zu einem funktionalen Kunstwerk f\u00fcr Ihr Zuhause.<\/p>\n","protected":false},"featured_media":69766,"template":"","meta":[],"product_brand":[],"product_cat":[31,23,909,1179,911],"product_tag":[314],"woo-feed-brand":[],"class_list":{"0":"post-14459","1":"product","2":"type-product","3":"status-publish","4":"has-post-thumbnail","6":"product_cat-heimtextilien","7":"product_cat-home-living","8":"product_cat-weihnachten","9":"product_cat-weihnachtsdeko","10":"product_cat-accessoires","11":"product_tag-happytrays","13":"first","14":"instock","15":"taxable","16":"shipping-taxable","17":"purchasable","18":"product-type-simple"},"_links":{"self":[{"href":"https:\/\/www.fleurop-home.ch\/de-ch\/wp-json\/wp\/v2\/product\/14459","targetHints":{"allow":["GET"]}}],"collection":[{"href":"https:\/\/www.fleurop-home.ch\/de-ch\/wp-json\/wp\/v2\/product"}],"about":[{"href":"https:\/\/www.fleurop-home.ch\/de-ch\/wp-json\/wp\/v2\/types\/product"}],"wp:featuredmedia":[{"embeddable":true,"href":"https:\/\/www.fleurop-home.ch\/de-ch\/wp-json\/wp\/v2\/media\/69766"}],"wp:attachment":[{"href":"https:\/\/www.fleurop-home.ch\/de-ch\/wp-json\/wp\/v2\/media?parent=14459"}],"wp:term":[{"taxonomy":"product_brand","embeddable":true,"href":"https:\/\/www.fleurop-home.ch\/de-ch\/wp-json\/wp\/v2\/product_brand?post=14459"},{"taxonomy":"product_cat","embeddable":true,"href":"https:\/\/www.fleurop-home.ch\/de-ch\/wp-json\/wp\/v2\/product_cat?post=14459"},{"taxonomy":"product_tag","embeddable":true,"href":"https:\/\/www.fleurop-home.ch\/de-ch\/wp-json\/wp\/v2\/product_tag?post=14459"},{"taxonomy":"woo-feed-brand","embeddable":true,"href":"https:\/\/www.fleurop-home.ch\/de-ch\/wp-json\/wp\/v2\/woo-feed-brand?post=14459"}],"curies":[{"name":"wp","href":"https:\/\/api.w.org\/{rel}","templated":true}]}}