{"id":14390,"date":"2023-09-22T13:40:40","date_gmt":"2023-09-22T13:40:40","guid":{"rendered":"https:\/\/www.fleurop-home.ch\/?product=tablett-aus-birkenholz-chiapas-o-46-cm"},"modified":"2026-03-18T13:54:44","modified_gmt":"2026-03-18T12:54:44","slug":"tablett-aus-birkenholz-chiapas-o-46-cm","status":"publish","type":"product","link":"https:\/\/www.fleurop-home.ch\/de-ch\/p\/tablett-aus-birkenholz-chiapas-o-46-cm","title":{"rendered":"Tablett aus Birkenholz &#8218;Chiapas&#8216;, \u00d8 46 cm"},"content":{"rendered":"<p>&#8218;Chiapas&#8216; ist ein Design, inspiriert vom Herzen Mexikos. Diese Region ist bekannt f\u00fcr ihre atemberaubende nat\u00fcrliche Sch\u00f6nheit und den fr\u00f6hlichen Geist ihrer Menschen. Das Tablett zeichnet sich durch kr\u00e4ftige mexikanische Farben und Formen aus, die von der Natur inspiriert sind, und ist damit eine wahre Feier des Lebens und kulturellen Reichtums.<\/p>\n<p>Dieses vielseitige St\u00fcck wird gerne als Serviertablett, Kunstwerk oder als praktischer Beistelltisch genutzt. Jedes Tablett wird in Schweden aus hochwertigem, nachhaltigem Birkenfurnier handgefertigt und ist f\u00fcr regelm\u00e4ssigen und intensiven Gebrauch konzipiert.<\/p>\n<p>Erg\u00e4nze Dein Zuhause mit diesem fr\u00f6hlichen Tablett, oder mache jemandem ein besonderes Geschenk.<\/p>\n<p style=\"text-align: left\"><em>Designer:<\/em> Andreas Frei\/HappyTrays<\/p>\n<p style=\"text-align: left\"><em>Material:<\/em> Birkenfurnier, Melaminbeschichtung<\/p>\n<p style=\"text-align: left\"><em>Muster:<\/em>\u00a0Chiapas<\/p>\n<p style=\"text-align: left\"><em>Form:<\/em>\u00a0Rund<\/p>\n<p style=\"text-align: left\"><em>Durchmesser:<\/em>\u00a0\u00d8 46 cm<\/p>\n","protected":false},"excerpt":{"rendered":"<p>Hochwertiges Tablett aus nachhaltigem Birkenholz mit lebendigem Design in limitierter Auflage. Entworfen in der Schweiz, handgefertigt in Schweden. \u00d8 46 cm.<\/p>\n","protected":false},"featured_media":36121,"template":"","meta":[],"product_brand":[],"product_cat":[1108,1022,797,1019,1018,42,1104,43],"product_tag":[314],"woo-feed-brand":[],"class_list":{"0":"post-14390","1":"product","2":"type-product","3":"status-publish","4":"has-post-thumbnail","6":"product_cat-tabletts","7":"product_cat-brunch","8":"product_cat-muttertag","9":"product_cat-osterbrunch","10":"product_cat-ostern","11":"product_cat-kueche","12":"product_cat-tischakzente","13":"product_cat-gedeckter-tisch","14":"product_tag-happytrays","16":"first","17":"instock","18":"taxable","19":"shipping-taxable","20":"purchasable","21":"product-type-simple"},"_links":{"self":[{"href":"https:\/\/www.fleurop-home.ch\/de-ch\/wp-json\/wp\/v2\/product\/14390","targetHints":{"allow":["GET"]}}],"collection":[{"href":"https:\/\/www.fleurop-home.ch\/de-ch\/wp-json\/wp\/v2\/product"}],"about":[{"href":"https:\/\/www.fleurop-home.ch\/de-ch\/wp-json\/wp\/v2\/types\/product"}],"wp:featuredmedia":[{"embeddable":true,"href":"https:\/\/www.fleurop-home.ch\/de-ch\/wp-json\/wp\/v2\/media\/36121"}],"wp:attachment":[{"href":"https:\/\/www.fleurop-home.ch\/de-ch\/wp-json\/wp\/v2\/media?parent=14390"}],"wp:term":[{"taxonomy":"product_brand","embeddable":true,"href":"https:\/\/www.fleurop-home.ch\/de-ch\/wp-json\/wp\/v2\/product_brand?post=14390"},{"taxonomy":"product_cat","embeddable":true,"href":"https:\/\/www.fleurop-home.ch\/de-ch\/wp-json\/wp\/v2\/product_cat?post=14390"},{"taxonomy":"product_tag","embeddable":true,"href":"https:\/\/www.fleurop-home.ch\/de-ch\/wp-json\/wp\/v2\/product_tag?post=14390"},{"taxonomy":"woo-feed-brand","embeddable":true,"href":"https:\/\/www.fleurop-home.ch\/de-ch\/wp-json\/wp\/v2\/woo-feed-brand?post=14390"}],"curies":[{"name":"wp","href":"https:\/\/api.w.org\/{rel}","templated":true}]}}