{"id":14245,"date":"2023-09-10T08:28:43","date_gmt":"2023-09-10T08:28:43","guid":{"rendered":"https:\/\/www.fleurop-home.ch\/?product=rainbow-schleierkraut-10-stiele-ca-70cm"},"modified":"2025-04-01T05:21:23","modified_gmt":"2025-04-01T03:21:23","slug":"rainbow-schleierkraut-10-stiele-ca-70cm","status":"publish","type":"product","link":"https:\/\/www.fleurop-home.ch\/de-ch\/p\/rainbow-schleierkraut-10-stiele-ca-70cm","title":{"rendered":"Rainbow-Schleierkraut, 10 Stiele, ca. 70cm"},"content":{"rendered":"<p class=\"s3\" style=\"text-align: left\"><span class=\"s4\">Das wundersch\u00f6n<\/span><span class=\"s4\">e<\/span><span class=\"s4\">,<\/span><span class=\"s4\">\u00a0in allen Regenbogenfarben schimmernde Schleierkraut sieht einfach fantastisch aus.\u00a0<\/span><span class=\"s4\">Unz\u00e4hlige kleine bunte\u00a0<\/span><span class=\"s4\">Bl\u00fcten\u00a0<\/span><span class=\"s4\">wirken\u00a0<\/span><span class=\"s4\">opulent, aber\u00a0<\/span><span class=\"s4\">auch ganz leicht und flockig.<\/span><\/p>\n<p class=\"s3\" style=\"text-align: left\"><span class=\"s4\">Die weissen Bl\u00fcten werden m<\/span><span class=\"s4\">it pflanzlich ungiftige<\/span><span class=\"s4\">m<\/span><span class=\"s4\">\u00a0F\u00e4rbemittel sorgf\u00e4ltig eingef\u00e4rbt.<\/span><\/p>\n<p class=\"s3\" style=\"text-align: left\"><span class=\"s2\">10 Stiele<\/span><span class=\"s2\">\u00a0<\/span><span class=\"s2\">Rainbow-Schleierkraut<\/span><span class=\"s4\">\u00a0<\/span><span class=\"s4\">mit Naturschnur zusammengebunden<\/span><span class=\"s4\">. Verpackt i<\/span><span class=\"s4\">n farbigem Graspapier, perfekt f\u00fcr\u00a0<\/span><span class=\"s4\">zu<\/span><span class=\"s4\">H<\/span><span class=\"s4\">au<\/span><span class=\"s4\">se oder als Geschenk.<\/span><\/p>\n<p class=\"s3\" style=\"text-align: left\"><span class=\"s4\">Es kann\u00a0<\/span><span class=\"s4\">sogar ganz einfach getrocknet<\/span><span class=\"s4\">\u00a0werden.\u00a0<\/span><span class=\"s4\">Die ersten ca. 10 Tage die Stiele im Wasser stehen lasse<\/span><span class=\"s4\">n<\/span><span class=\"s4\">,<\/span><span class=\"s4\">\u00a0damit die kleinen Bl\u00fcten noch aufbl\u00fchen k\u00f6nnen.\u00a0<\/span><span class=\"s4\">Da<\/span><span class=\"s4\">nach<\/span><span class=\"s4\">\u00a0in eine leere Vase stellen oder kopf\u00fcber in einem k\u00fchlen, dunklen und gut bel\u00fcfteten Raum\u00a0<\/span><span class=\"s4\">auf<\/span><span class=\"s4\">h\u00e4ngen.\u00a0<\/span><span class=\"s4\"><br \/>\n<\/span><span class=\"s4\"><br \/>\n<\/span><a name=\"_Hlk144915833\"><\/a><span class=\"s4\">Angaben zu<\/span><span class=\"s4\">m Strauss: 10<\/span><span class=\"s4\">\u00a0<\/span><span class=\"s4\">Stiele,<\/span><span class=\"s4\">\u00a0<\/span><span class=\"s4\">L\u00e4nge ca. 70cm<\/span><\/p>\n","protected":false},"excerpt":{"rendered":"<p>Rainbow-Schleierkraut, 10 Stiele, ca. 70cm<\/p>\n","protected":false},"featured_media":36672,"template":"","meta":[],"product_brand":[],"product_cat":[117,23,112,26,52,55],"product_tag":[294],"woo-feed-brand":[],"class_list":{"0":"post-14245","1":"product","2":"type-product","3":"status-publish","4":"has-post-thumbnail","6":"product_cat-trockenblumen","7":"product_cat-home-living","8":"product_cat-schnittblumen","9":"product_cat-blumen-pflanzen","10":"product_cat-geschenke","11":"product_cat-blumige-geschenke","12":"product_tag-the-bloomery","14":"first","15":"instock","16":"taxable","17":"shipping-taxable","18":"purchasable","19":"product-type-simple"},"_links":{"self":[{"href":"https:\/\/www.fleurop-home.ch\/de-ch\/wp-json\/wp\/v2\/product\/14245","targetHints":{"allow":["GET"]}}],"collection":[{"href":"https:\/\/www.fleurop-home.ch\/de-ch\/wp-json\/wp\/v2\/product"}],"about":[{"href":"https:\/\/www.fleurop-home.ch\/de-ch\/wp-json\/wp\/v2\/types\/product"}],"wp:featuredmedia":[{"embeddable":true,"href":"https:\/\/www.fleurop-home.ch\/de-ch\/wp-json\/wp\/v2\/media\/36672"}],"wp:attachment":[{"href":"https:\/\/www.fleurop-home.ch\/de-ch\/wp-json\/wp\/v2\/media?parent=14245"}],"wp:term":[{"taxonomy":"product_brand","embeddable":true,"href":"https:\/\/www.fleurop-home.ch\/de-ch\/wp-json\/wp\/v2\/product_brand?post=14245"},{"taxonomy":"product_cat","embeddable":true,"href":"https:\/\/www.fleurop-home.ch\/de-ch\/wp-json\/wp\/v2\/product_cat?post=14245"},{"taxonomy":"product_tag","embeddable":true,"href":"https:\/\/www.fleurop-home.ch\/de-ch\/wp-json\/wp\/v2\/product_tag?post=14245"},{"taxonomy":"woo-feed-brand","embeddable":true,"href":"https:\/\/www.fleurop-home.ch\/de-ch\/wp-json\/wp\/v2\/woo-feed-brand?post=14245"}],"curies":[{"name":"wp","href":"https:\/\/api.w.org\/{rel}","templated":true}]}}