{"id":14185,"date":"2023-09-01T09:32:00","date_gmt":"2023-09-01T09:32:00","guid":{"rendered":"https:\/\/www.fleurop-home.ch\/?product=die-ultimative-wohlfuhl-uberraschung"},"modified":"2026-02-05T13:49:07","modified_gmt":"2026-02-05T12:49:07","slug":"die-ultimative-wohlfuhl-uberraschung","status":"publish","type":"product","link":"https:\/\/www.fleurop-home.ch\/de-ch\/p\/die-ultimative-wohlfuhl-uberraschung","title":{"rendered":"Die ultimative Wohlf\u00fchl-\u00dcberraschung"},"content":{"rendered":"<p style=\"text-align: left;\">Willst Du entspannen und einen etwas anderen Nachmittag verbringen?<\/p>\n<p style=\"text-align: left;\">Oder bist Du auf der Suche nach einem etwas anderen Geschenk?<\/p>\n<p style=\"text-align: left;\">Das Wohlf\u00fchl-Set enth\u00e4lt:<\/p>\n<p style=\"text-align: left;\">Eine Duftkerzen aus pflanzlichem Sojawachs mit ausserordentlich speziellen D\u00fcften und fantastischem Design.<\/p>\n<p style=\"text-align: left;\">Eine Feuchtigkeitscreme f\u00fcr das Gesicht, bestehend zu 99,7% aus Inhaltsstoffen nat\u00fcrlichen Ursprungs. Kokosnusswasser und Hyalurons\u00e4ure versorgen Deine Haut mit Feuchtigkeit, w\u00e4hrend der Granatapfel-Extrakt f\u00fcr einen strahlenden Teint sorgt. Die Textur dieser Behandlung ist auf halbem Weg zwischen einem Gel und einer Creme: eine leichte Wasser-Creme, in die Du Dich verlieben wirst.<\/p>\n<p style=\"text-align: left;\">Blind Date with a Book ist eine Reihe unserer Lieblingsb\u00fccher mit spezieller Literatur und Romanen, verpackt mit dem Vergn\u00fcgen und dem Reiz der \u00dcberraschung!<\/p>\n","protected":false},"excerpt":{"rendered":"<p>Das Paket enth\u00e4lt<br \/>\n1 x Blind date with a book<br \/>\n1 x Premium Feuchtigkeitscreme<br \/>\n1 x Exklusive Sojawachs-Duftkerze<\/p>\n","protected":false},"featured_media":14186,"template":"","meta":[],"product_brand":[],"product_cat":[1224,23,99,910,909,28,916,52,53],"product_tag":[305],"woo-feed-brand":[],"class_list":{"0":"post-14185","1":"product","2":"type-product","3":"status-publish","4":"has-post-thumbnail","6":"product_cat-beauty-wellness","7":"product_cat-home-living","8":"product_cat-duftkerzen","9":"product_cat-geschenkideen","10":"product_cat-weihnachten","11":"product_cat-kerzen-lichter","12":"product_cat-praesente","13":"product_cat-geschenke","14":"product_cat-geschenksets","15":"product_tag-the-white-panther-die-schonen-dinge-des-lebens","17":"first","18":"instock","19":"taxable","20":"shipping-taxable","21":"purchasable","22":"product-type-simple"},"_links":{"self":[{"href":"https:\/\/www.fleurop-home.ch\/de-ch\/wp-json\/wp\/v2\/product\/14185","targetHints":{"allow":["GET"]}}],"collection":[{"href":"https:\/\/www.fleurop-home.ch\/de-ch\/wp-json\/wp\/v2\/product"}],"about":[{"href":"https:\/\/www.fleurop-home.ch\/de-ch\/wp-json\/wp\/v2\/types\/product"}],"wp:featuredmedia":[{"embeddable":true,"href":"https:\/\/www.fleurop-home.ch\/de-ch\/wp-json\/wp\/v2\/media\/14186"}],"wp:attachment":[{"href":"https:\/\/www.fleurop-home.ch\/de-ch\/wp-json\/wp\/v2\/media?parent=14185"}],"wp:term":[{"taxonomy":"product_brand","embeddable":true,"href":"https:\/\/www.fleurop-home.ch\/de-ch\/wp-json\/wp\/v2\/product_brand?post=14185"},{"taxonomy":"product_cat","embeddable":true,"href":"https:\/\/www.fleurop-home.ch\/de-ch\/wp-json\/wp\/v2\/product_cat?post=14185"},{"taxonomy":"product_tag","embeddable":true,"href":"https:\/\/www.fleurop-home.ch\/de-ch\/wp-json\/wp\/v2\/product_tag?post=14185"},{"taxonomy":"woo-feed-brand","embeddable":true,"href":"https:\/\/www.fleurop-home.ch\/de-ch\/wp-json\/wp\/v2\/woo-feed-brand?post=14185"}],"curies":[{"name":"wp","href":"https:\/\/api.w.org\/{rel}","templated":true}]}}