{"id":14182,"date":"2023-09-01T09:23:41","date_gmt":"2023-09-01T09:23:41","guid":{"rendered":"https:\/\/www.fleurop-home.ch\/?product=blind-date-with-a-book-8-auf-deutsch"},"modified":"2026-02-05T13:32:58","modified_gmt":"2026-02-05T12:32:58","slug":"blind-date-with-a-book-8-auf-deutsch","status":"publish","type":"product","link":"https:\/\/www.fleurop-home.ch\/de-ch\/p\/blind-date-with-a-book-8-auf-deutsch","title":{"rendered":"Blind date with a book &#8211; #8 (auf Deutsch)"},"content":{"rendered":"<p style=\"text-align: left;\">Willst Du entspannen und einen etwas anderen Nachmittag verbringen?<\/p>\n<p style=\"text-align: left;\">Oder bist Du auf der Suche nach einem etwas anderen Geschenk?<\/p>\n<p style=\"text-align: left;\">Blind Date with a Book ist eine Reihe unserer Lieblingsb\u00fccher mit spezieller Literatur und Romanen, verpackt mit dem Vergn\u00fcgen und dem Reiz der \u00dcberraschung!<\/p>\n","protected":false},"excerpt":{"rendered":"<p>Eine zarte Meditation dar\u00fcber, wie Menschen und B\u00fccher uns ver\u00e4ndern. Eine Kurzbiographie \u00fcber einen Menschen, den Du kennenlernen musst!<\/p>\n","protected":false},"featured_media":14183,"template":"","meta":[],"product_brand":[],"product_cat":[53,984,993,52],"product_tag":[305],"woo-feed-brand":[],"class_list":{"0":"post-14182","1":"product","2":"type-product","3":"status-publish","4":"has-post-thumbnail","6":"product_cat-geschenksets","7":"product_cat-silvester","8":"product_cat-silvestergeschenke","9":"product_cat-geschenke","10":"product_tag-the-white-panther-die-schonen-dinge-des-lebens","12":"first","13":"instock","14":"taxable","15":"shipping-taxable","16":"purchasable","17":"product-type-simple"},"_links":{"self":[{"href":"https:\/\/www.fleurop-home.ch\/de-ch\/wp-json\/wp\/v2\/product\/14182","targetHints":{"allow":["GET"]}}],"collection":[{"href":"https:\/\/www.fleurop-home.ch\/de-ch\/wp-json\/wp\/v2\/product"}],"about":[{"href":"https:\/\/www.fleurop-home.ch\/de-ch\/wp-json\/wp\/v2\/types\/product"}],"wp:featuredmedia":[{"embeddable":true,"href":"https:\/\/www.fleurop-home.ch\/de-ch\/wp-json\/wp\/v2\/media\/14183"}],"wp:attachment":[{"href":"https:\/\/www.fleurop-home.ch\/de-ch\/wp-json\/wp\/v2\/media?parent=14182"}],"wp:term":[{"taxonomy":"product_brand","embeddable":true,"href":"https:\/\/www.fleurop-home.ch\/de-ch\/wp-json\/wp\/v2\/product_brand?post=14182"},{"taxonomy":"product_cat","embeddable":true,"href":"https:\/\/www.fleurop-home.ch\/de-ch\/wp-json\/wp\/v2\/product_cat?post=14182"},{"taxonomy":"product_tag","embeddable":true,"href":"https:\/\/www.fleurop-home.ch\/de-ch\/wp-json\/wp\/v2\/product_tag?post=14182"},{"taxonomy":"woo-feed-brand","embeddable":true,"href":"https:\/\/www.fleurop-home.ch\/de-ch\/wp-json\/wp\/v2\/woo-feed-brand?post=14182"}],"curies":[{"name":"wp","href":"https:\/\/api.w.org\/{rel}","templated":true}]}}