{"id":14077,"date":"2023-08-11T11:50:33","date_gmt":"2023-08-11T11:50:33","guid":{"rendered":"https:\/\/www.fleurop-home.ch\/?product=metallgefass-martin-20-l"},"modified":"2025-10-22T16:00:41","modified_gmt":"2025-10-22T14:00:41","slug":"metallgefass-martin-20-l","status":"publish","type":"product","link":"https:\/\/www.fleurop-home.ch\/de-ch\/p\/metallgefass-martin-20-l","title":{"rendered":"Metallgef\u00e4ss Martin, 20 L"},"content":{"rendered":"<p style=\"text-align: left;\">Das silberfarbene, l\u00e4ngliche Gef\u00e4ss mit dem h\u00fcbschen Kupferrand ist ein echter Hingucker in deinem Garten oder auf deinem Balkon. Dieser Pflanzk\u00fcbel ist aus verzinktem Metall gefertigt. Dank den praktischen Seilgriffen an den Seiten kannst du das Gef\u00e4ss gut greifen und (um-)platzieren. Damit \u00fcbersch\u00fcssiges Wasser abfliessen kann, hat das Gef\u00e4ss ein Loch im Boden. Dieses kannst du mit dem dazugeh\u00f6rigen St\u00f6psel einfach schliessen.<\/p>\n<p style=\"text-align: left;\">Masse (LxTxH): 44 x 22 x 21 cm<br \/>\nFassungsverm\u00f6gen: 20 L<br \/>\nMaterial: Metall<br \/>\nFarbe: Silber (verzinkt)<br \/>\nBesonderheiten: Loch im Boden inkl. Gummistopfen<\/p>\n","protected":false},"excerpt":{"rendered":"<p>Metallgef\u00e4ss verzinkt mit Kupferrand<\/p>\n","protected":false},"featured_media":14078,"template":"","meta":[],"product_brand":[],"product_cat":[40,23,1200,1089,1088,27,34],"product_tag":[325],"woo-feed-brand":[],"class_list":{"0":"post-14077","1":"product","2":"type-product","3":"status-publish","4":"has-post-thumbnail","6":"product_cat-uebertoepfe","7":"product_cat-home-living","8":"product_cat-gefaesse","9":"product_cat-hobbygaertner","10":"product_cat-vatertag","11":"product_cat-vasen-gefaesse","12":"product_cat-garten-balkon","13":"product_tag-veg-and-the-city","15":"first","16":"instock","17":"taxable","18":"shipping-taxable","19":"purchasable","20":"product-type-simple"},"_links":{"self":[{"href":"https:\/\/www.fleurop-home.ch\/de-ch\/wp-json\/wp\/v2\/product\/14077","targetHints":{"allow":["GET"]}}],"collection":[{"href":"https:\/\/www.fleurop-home.ch\/de-ch\/wp-json\/wp\/v2\/product"}],"about":[{"href":"https:\/\/www.fleurop-home.ch\/de-ch\/wp-json\/wp\/v2\/types\/product"}],"wp:featuredmedia":[{"embeddable":true,"href":"https:\/\/www.fleurop-home.ch\/de-ch\/wp-json\/wp\/v2\/media\/14078"}],"wp:attachment":[{"href":"https:\/\/www.fleurop-home.ch\/de-ch\/wp-json\/wp\/v2\/media?parent=14077"}],"wp:term":[{"taxonomy":"product_brand","embeddable":true,"href":"https:\/\/www.fleurop-home.ch\/de-ch\/wp-json\/wp\/v2\/product_brand?post=14077"},{"taxonomy":"product_cat","embeddable":true,"href":"https:\/\/www.fleurop-home.ch\/de-ch\/wp-json\/wp\/v2\/product_cat?post=14077"},{"taxonomy":"product_tag","embeddable":true,"href":"https:\/\/www.fleurop-home.ch\/de-ch\/wp-json\/wp\/v2\/product_tag?post=14077"},{"taxonomy":"woo-feed-brand","embeddable":true,"href":"https:\/\/www.fleurop-home.ch\/de-ch\/wp-json\/wp\/v2\/woo-feed-brand?post=14077"}],"curies":[{"name":"wp","href":"https:\/\/api.w.org\/{rel}","templated":true}]}}