{"id":14058,"date":"2023-08-11T11:50:25","date_gmt":"2023-08-11T11:50:25","guid":{"rendered":"https:\/\/www.fleurop-home.ch\/?product=metallgefass-gerda-19-l"},"modified":"2025-10-22T16:00:40","modified_gmt":"2025-10-22T14:00:40","slug":"metallgefass-gerda-19-l","status":"publish","type":"product","link":"https:\/\/www.fleurop-home.ch\/de-ch\/p\/metallgefass-gerda-19-l","title":{"rendered":"Metallgef\u00e4ss Gerda, 19 L"},"content":{"rendered":"<p style=\"text-align: left;\">Das praktische Gef\u00e4ss mit den Seilgriffen ist ein echter Hingucker in deinem Garten oder auf deinem Balkon. Das konische Pflanzgef\u00e4ss ist ein umfunktionierter Metalleimer. Mit den Seilgriffen kannst du es gut greifen und (um-)platzieren. Im Boden befindet sich ein Loch, durch welches \u00fcbersch\u00fcssiges Wasser ablaufen kann. Mit einem St\u00f6psel kannst du das Loch aber auch wieder verschliessen.<\/p>\n<p style=\"text-align: left;\">H\u00f6he: 26 cm<br \/>\nDurchmesser \u00d6ffnung: 37 cm<br \/>\nDurchmesser Boden: 31 cm<br \/>\nFassungsverm\u00f6gen: 19 L<br \/>\nMaterial: Metall<br \/>\nFarbe: Himbeerrot<br \/>\nBesonderheiten: Loch im Boden inkl. Gummistopfen<\/p>\n","protected":false},"excerpt":{"rendered":"<p>Metallgef\u00e4ss himbeerrot<\/p>\n","protected":false},"featured_media":14059,"template":"","meta":[],"product_brand":[],"product_cat":[40,23,1200,27,34],"product_tag":[325],"woo-feed-brand":[],"class_list":{"0":"post-14058","1":"product","2":"type-product","3":"status-publish","4":"has-post-thumbnail","6":"product_cat-uebertoepfe","7":"product_cat-home-living","8":"product_cat-gefaesse","9":"product_cat-vasen-gefaesse","10":"product_cat-garten-balkon","11":"product_tag-veg-and-the-city","13":"first","14":"instock","15":"taxable","16":"shipping-taxable","17":"purchasable","18":"product-type-simple"},"_links":{"self":[{"href":"https:\/\/www.fleurop-home.ch\/de-ch\/wp-json\/wp\/v2\/product\/14058","targetHints":{"allow":["GET"]}}],"collection":[{"href":"https:\/\/www.fleurop-home.ch\/de-ch\/wp-json\/wp\/v2\/product"}],"about":[{"href":"https:\/\/www.fleurop-home.ch\/de-ch\/wp-json\/wp\/v2\/types\/product"}],"wp:featuredmedia":[{"embeddable":true,"href":"https:\/\/www.fleurop-home.ch\/de-ch\/wp-json\/wp\/v2\/media\/14059"}],"wp:attachment":[{"href":"https:\/\/www.fleurop-home.ch\/de-ch\/wp-json\/wp\/v2\/media?parent=14058"}],"wp:term":[{"taxonomy":"product_brand","embeddable":true,"href":"https:\/\/www.fleurop-home.ch\/de-ch\/wp-json\/wp\/v2\/product_brand?post=14058"},{"taxonomy":"product_cat","embeddable":true,"href":"https:\/\/www.fleurop-home.ch\/de-ch\/wp-json\/wp\/v2\/product_cat?post=14058"},{"taxonomy":"product_tag","embeddable":true,"href":"https:\/\/www.fleurop-home.ch\/de-ch\/wp-json\/wp\/v2\/product_tag?post=14058"},{"taxonomy":"woo-feed-brand","embeddable":true,"href":"https:\/\/www.fleurop-home.ch\/de-ch\/wp-json\/wp\/v2\/woo-feed-brand?post=14058"}],"curies":[{"name":"wp","href":"https:\/\/api.w.org\/{rel}","templated":true}]}}