{"id":14054,"date":"2023-08-11T11:50:23","date_gmt":"2023-08-11T11:50:23","guid":{"rendered":"https:\/\/www.fleurop-home.ch\/?product=giesskanne-luis-7-liter"},"modified":"2025-05-12T14:24:10","modified_gmt":"2025-05-12T12:24:10","slug":"giesskanne-luis-7-liter","status":"publish","type":"product","link":"https:\/\/www.fleurop-home.ch\/de-ch\/p\/giesskanne-luis-7-liter","title":{"rendered":"Giesskanne Luis, 7 Liter"},"content":{"rendered":"<p style=\"text-align: left\">Nasse Bl\u00e4tter m\u00f6gen nur wenige Pflanzen. Mit dieser Giesskanne ist es dank dem praktischen Ausguss ganz einfach, genau dort zu giessen, wo deine Pflanze das Wasser braucht. Mit dem \u00fcberlaufenden Griff kannst du die Giesskanne so halten, wie es f\u00fcr dich passt. Entferne den Spr\u00fchaufsatz vorne bei Bedarf. Die Giesskanne hat eine ovale Form, ist aus Metall und entsprechend robust.<\/p>\n<p style=\"text-align: left\">Masse ovale Form (LxT): 26.5 cm x 19.5 cm<br \/>\nH\u00f6he: 19.5 cm<br \/>\nFassungsverm\u00f6gen: 7 L<br \/>\nMaterial: Metall<br \/>\nFarbe: Platingrau<\/p>\n","protected":false},"excerpt":{"rendered":"<p>Giesskanne platingrau, 7 L<\/p>\n","protected":false},"featured_media":36707,"template":"","meta":[],"product_brand":[],"product_cat":[37,1089,1088,34],"product_tag":[325],"woo-feed-brand":[],"class_list":{"0":"post-14054","1":"product","2":"type-product","3":"status-publish","4":"has-post-thumbnail","6":"product_cat-giesskannen","7":"product_cat-hobbygaertner","8":"product_cat-vatertag","9":"product_cat-garten-balkon","10":"product_tag-veg-and-the-city","12":"first","13":"instock","14":"taxable","15":"shipping-taxable","16":"purchasable","17":"product-type-simple"},"_links":{"self":[{"href":"https:\/\/www.fleurop-home.ch\/de-ch\/wp-json\/wp\/v2\/product\/14054","targetHints":{"allow":["GET"]}}],"collection":[{"href":"https:\/\/www.fleurop-home.ch\/de-ch\/wp-json\/wp\/v2\/product"}],"about":[{"href":"https:\/\/www.fleurop-home.ch\/de-ch\/wp-json\/wp\/v2\/types\/product"}],"wp:featuredmedia":[{"embeddable":true,"href":"https:\/\/www.fleurop-home.ch\/de-ch\/wp-json\/wp\/v2\/media\/36707"}],"wp:attachment":[{"href":"https:\/\/www.fleurop-home.ch\/de-ch\/wp-json\/wp\/v2\/media?parent=14054"}],"wp:term":[{"taxonomy":"product_brand","embeddable":true,"href":"https:\/\/www.fleurop-home.ch\/de-ch\/wp-json\/wp\/v2\/product_brand?post=14054"},{"taxonomy":"product_cat","embeddable":true,"href":"https:\/\/www.fleurop-home.ch\/de-ch\/wp-json\/wp\/v2\/product_cat?post=14054"},{"taxonomy":"product_tag","embeddable":true,"href":"https:\/\/www.fleurop-home.ch\/de-ch\/wp-json\/wp\/v2\/product_tag?post=14054"},{"taxonomy":"woo-feed-brand","embeddable":true,"href":"https:\/\/www.fleurop-home.ch\/de-ch\/wp-json\/wp\/v2\/woo-feed-brand?post=14054"}],"curies":[{"name":"wp","href":"https:\/\/api.w.org\/{rel}","templated":true}]}}