{"id":14036,"date":"2023-08-11T11:50:11","date_gmt":"2023-08-11T11:50:11","guid":{"rendered":"https:\/\/www.fleurop-home.ch\/?product=ubertopf-aurora-hangend-18-x-16-cm"},"modified":"2025-10-22T14:05:13","modified_gmt":"2025-10-22T12:05:13","slug":"ubertopf-aurora-hangend-18-x-16-cm","status":"publish","type":"product","link":"https:\/\/www.fleurop-home.ch\/de-ch\/p\/ubertopf-aurora-hangend-18-x-16-cm","title":{"rendered":"\u00dcbertopf Aurora h\u00e4ngend, 18 x 16 cm"},"content":{"rendered":"<p style=\"text-align: left\">Mit H\u00e4ngek\u00f6rben kannst du auch in der kleinsten Wohnung eine gr\u00fcne Wohlf\u00fchloase erschaffen. Ob einzeln aufgeh\u00e4ngt oder als Gruppe in unterschiedlichen H\u00f6hen arrangiert \u2013 dieser Weidekorb bringt bestimmt eine gem\u00fctliche Atmosph\u00e4re in dein Zuhause.<\/p>\n<p style=\"text-align: left\">Masse (DxH): 18 x 16 cm<br \/>\nMaterial: Weide<br \/>\nFarbe: Natur\/schwarz<br \/>\nBesonderheiten: Wasserdichte Folie im Korb<\/p>\n","protected":false},"excerpt":{"rendered":"<p>H\u00e4ngekorb natur\/schwarz, 18 x 16 cm<\/p>\n","protected":false},"featured_media":14037,"template":"","meta":[],"product_brand":[],"product_cat":[40,23,1199,27,34],"product_tag":[325],"woo-feed-brand":[],"class_list":{"0":"post-14036","1":"product","2":"type-product","3":"status-publish","4":"has-post-thumbnail","6":"product_cat-uebertoepfe","7":"product_cat-home-living","8":"product_cat-koerbe","9":"product_cat-vasen-gefaesse","10":"product_cat-garten-balkon","11":"product_tag-veg-and-the-city","13":"first","14":"instock","15":"taxable","16":"shipping-taxable","17":"purchasable","18":"product-type-simple"},"_links":{"self":[{"href":"https:\/\/www.fleurop-home.ch\/de-ch\/wp-json\/wp\/v2\/product\/14036","targetHints":{"allow":["GET"]}}],"collection":[{"href":"https:\/\/www.fleurop-home.ch\/de-ch\/wp-json\/wp\/v2\/product"}],"about":[{"href":"https:\/\/www.fleurop-home.ch\/de-ch\/wp-json\/wp\/v2\/types\/product"}],"wp:featuredmedia":[{"embeddable":true,"href":"https:\/\/www.fleurop-home.ch\/de-ch\/wp-json\/wp\/v2\/media\/14037"}],"wp:attachment":[{"href":"https:\/\/www.fleurop-home.ch\/de-ch\/wp-json\/wp\/v2\/media?parent=14036"}],"wp:term":[{"taxonomy":"product_brand","embeddable":true,"href":"https:\/\/www.fleurop-home.ch\/de-ch\/wp-json\/wp\/v2\/product_brand?post=14036"},{"taxonomy":"product_cat","embeddable":true,"href":"https:\/\/www.fleurop-home.ch\/de-ch\/wp-json\/wp\/v2\/product_cat?post=14036"},{"taxonomy":"product_tag","embeddable":true,"href":"https:\/\/www.fleurop-home.ch\/de-ch\/wp-json\/wp\/v2\/product_tag?post=14036"},{"taxonomy":"woo-feed-brand","embeddable":true,"href":"https:\/\/www.fleurop-home.ch\/de-ch\/wp-json\/wp\/v2\/woo-feed-brand?post=14036"}],"curies":[{"name":"wp","href":"https:\/\/api.w.org\/{rel}","templated":true}]}}