{"id":13894,"date":"2023-08-11T11:48:48","date_gmt":"2023-08-11T11:48:48","guid":{"rendered":"https:\/\/www.fleurop-home.ch\/?product=ubertopf-cali-12-x-12-cm-1709045501"},"modified":"2025-10-22T14:05:20","modified_gmt":"2025-10-22T12:05:20","slug":"ubertopf-cali-12-x-12-cm-1709045501","status":"publish","type":"product","link":"https:\/\/www.fleurop-home.ch\/de-ch\/p\/ubertopf-cali-12-x-12-cm-1709045501","title":{"rendered":"\u00dcbertopf Cali, 12 x 12 cm"},"content":{"rendered":"<p style=\"text-align: left\">Bringe mit diesem \u00dcbertopf Abwechslung in deine vier W\u00e4nde. Dieser Korb ist aus Seegras gefertigt. Kombiniere ihn mit anderen K\u00f6rben in passenden Farben oder verleihe deiner wilden Seite eine neue Ausdrucksform, indem du kunterbunte \u00dcbert\u00f6pfe dazustellst. Deiner Kreativit\u00e4t sind keine Grenzen gesetzt.<\/p>\n<p style=\"text-align: left\">Masse (DxH): 12 x 12 cm<br \/>\nMaterial: Seegras<br \/>\nFarbe: Gr\u00fcn gestreift\/natur<br \/>\nBesonderheiten: Wasserdichte Folie im Korb<\/p>\n","protected":false},"excerpt":{"rendered":"<p>Korb, gr\u00fcn gestreift\/natur, 12 x 12 cm<\/p>\n","protected":false},"featured_media":13895,"template":"","meta":[],"product_brand":[],"product_cat":[40,23,1199,27,34],"product_tag":[325],"woo-feed-brand":[],"class_list":{"0":"post-13894","1":"product","2":"type-product","3":"status-publish","4":"has-post-thumbnail","6":"product_cat-uebertoepfe","7":"product_cat-home-living","8":"product_cat-koerbe","9":"product_cat-vasen-gefaesse","10":"product_cat-garten-balkon","11":"product_tag-veg-and-the-city","13":"first","14":"instock","15":"taxable","16":"shipping-taxable","17":"purchasable","18":"product-type-simple"},"_links":{"self":[{"href":"https:\/\/www.fleurop-home.ch\/de-ch\/wp-json\/wp\/v2\/product\/13894","targetHints":{"allow":["GET"]}}],"collection":[{"href":"https:\/\/www.fleurop-home.ch\/de-ch\/wp-json\/wp\/v2\/product"}],"about":[{"href":"https:\/\/www.fleurop-home.ch\/de-ch\/wp-json\/wp\/v2\/types\/product"}],"wp:featuredmedia":[{"embeddable":true,"href":"https:\/\/www.fleurop-home.ch\/de-ch\/wp-json\/wp\/v2\/media\/13895"}],"wp:attachment":[{"href":"https:\/\/www.fleurop-home.ch\/de-ch\/wp-json\/wp\/v2\/media?parent=13894"}],"wp:term":[{"taxonomy":"product_brand","embeddable":true,"href":"https:\/\/www.fleurop-home.ch\/de-ch\/wp-json\/wp\/v2\/product_brand?post=13894"},{"taxonomy":"product_cat","embeddable":true,"href":"https:\/\/www.fleurop-home.ch\/de-ch\/wp-json\/wp\/v2\/product_cat?post=13894"},{"taxonomy":"product_tag","embeddable":true,"href":"https:\/\/www.fleurop-home.ch\/de-ch\/wp-json\/wp\/v2\/product_tag?post=13894"},{"taxonomy":"woo-feed-brand","embeddable":true,"href":"https:\/\/www.fleurop-home.ch\/de-ch\/wp-json\/wp\/v2\/woo-feed-brand?post=13894"}],"curies":[{"name":"wp","href":"https:\/\/api.w.org\/{rel}","templated":true}]}}