{"id":13710,"date":"2023-07-24T14:18:30","date_gmt":"2023-07-24T12:18:30","guid":{"rendered":"https:\/\/www.fleurop-home.ch\/?product=geschenkset-genuss-symphonie-i"},"modified":"2026-04-01T13:37:58","modified_gmt":"2026-04-01T11:37:58","slug":"geschenkset-genuss-symphonie-i","status":"publish","type":"product","link":"https:\/\/www.fleurop-home.ch\/de-ch\/p\/geschenkset-genuss-symphonie-i","title":{"rendered":"Gottlieber Geschenkset \u00abGenuss-Symphonie I\u00bb"},"content":{"rendered":"<div class=\"description\">\n<p style=\"text-align: left;\">Herrliche Magnolien in voller Bl\u00fcte verzieren unsere neue Schmuckdose \u00abGenuss-Symphonie I\u00bb. Mit ihrem unaufdringlichen und zugleich besonderem Design ist sie ein edles Geschenk oder Sammlerst\u00fcck f\u00fcr alle Liebhaber unserer Gottlieber Spezialit\u00e4ten. Gef\u00fcllt ist die einzigartige Schmuckdose mit Noix de Coco Mini-H\u00fcppen, Premium H\u00fcppen Amaretto, Cappuccino &amp; Irish Cream sowie einem S\u00e4ckli feinster Gottlieber Tartufi bianchi mit H\u00fcppenst\u00fcckchen.<\/p>\n<p style=\"text-align: left;\">Die Noix de Coco Mini-H\u00fcppen sind ein exotischer Gaumenschmaus, der mit einer sahnigen Kokosf\u00fcllung Karibik-Feeling verstr\u00f6mt. Die Premium H\u00fcppen Amaretto &amp; Irish Cream verf\u00fchren (ganz ohne Alkohol) mit ihrer samtig-weichen und cremigen F\u00fcllung mit dem beliebten Amaretto- sowie Irish Cream-Geschmack. Die Tartufi bianchi werden in unserer Zuckerb\u00e4ckerei von Hand gefertigt und jedes Tartufi ist ein kleines Meisterwerk f\u00fcr sich. Der Traum aus weisser Schokolade wird mit ger\u00f6steten Haseln\u00fcssen, einem Hauch von Caramel und H\u00fcppenst\u00fcckchen perfektioniert.<\/p>\n<p><strong>H\u00fcppen-F\u00fcllung<br \/>\n<\/strong>Noix de Coco, Amaretto, Cappuccino, Irish Cream<\/p>\n<p><strong>Inhalt<br \/>\n<\/strong>10 H\u00fcppen Royal-Mix-S\u00e4ckli, 150 g<br \/>\nca. 22 Mini-H\u00fcppen Noix de Coco, 85 g<br \/>\n20 Tartufi bianchi, ca. 240 g<\/p>\n<p><strong>Masse<\/strong><br \/>\n200 x 200 x 70 mm<\/p>\n<p><a href=\"https:\/\/www.gottlieber.ch\/de\/online-shop\/naehrwertinformationen\" target=\"_blank\" rel=\"noopener\">N\u00e4hrwertinformationen und Allergikerhinweise<\/a><\/p>\n<\/div>\n","protected":false},"excerpt":{"rendered":"<p>Gef\u00fcllt mit H\u00fcppen &amp; Tartufi bianchi<\/p>\n","protected":false},"featured_media":36504,"template":"","meta":[],"product_brand":[],"product_cat":[984,995,1023,1001,797,999,909,916,42,114,885,52,1225,53],"product_tag":[286],"woo-feed-brand":[],"class_list":{"0":"post-13710","1":"product","2":"type-product","3":"status-publish","4":"has-post-thumbnail","6":"product_cat-silvester","7":"product_cat-essen-trinken","8":"product_cat-fuer-mama","9":"product_cat-leckereien","10":"product_cat-muttertag","11":"product_cat-valentinstag","12":"product_cat-weihnachten","13":"product_cat-praesente","14":"product_cat-kueche","15":"product_cat-schokolade-sweets","16":"product_cat-koestlichkeiten","17":"product_cat-geschenke","18":"product_cat-genuss","19":"product_cat-geschenksets","20":"product_tag-gottlieber-spezialitaten-ag","22":"first","23":"instock","24":"taxable","25":"shipping-taxable","26":"purchasable","27":"product-type-simple"},"_links":{"self":[{"href":"https:\/\/www.fleurop-home.ch\/de-ch\/wp-json\/wp\/v2\/product\/13710","targetHints":{"allow":["GET"]}}],"collection":[{"href":"https:\/\/www.fleurop-home.ch\/de-ch\/wp-json\/wp\/v2\/product"}],"about":[{"href":"https:\/\/www.fleurop-home.ch\/de-ch\/wp-json\/wp\/v2\/types\/product"}],"wp:featuredmedia":[{"embeddable":true,"href":"https:\/\/www.fleurop-home.ch\/de-ch\/wp-json\/wp\/v2\/media\/36504"}],"wp:attachment":[{"href":"https:\/\/www.fleurop-home.ch\/de-ch\/wp-json\/wp\/v2\/media?parent=13710"}],"wp:term":[{"taxonomy":"product_brand","embeddable":true,"href":"https:\/\/www.fleurop-home.ch\/de-ch\/wp-json\/wp\/v2\/product_brand?post=13710"},{"taxonomy":"product_cat","embeddable":true,"href":"https:\/\/www.fleurop-home.ch\/de-ch\/wp-json\/wp\/v2\/product_cat?post=13710"},{"taxonomy":"product_tag","embeddable":true,"href":"https:\/\/www.fleurop-home.ch\/de-ch\/wp-json\/wp\/v2\/product_tag?post=13710"},{"taxonomy":"woo-feed-brand","embeddable":true,"href":"https:\/\/www.fleurop-home.ch\/de-ch\/wp-json\/wp\/v2\/woo-feed-brand?post=13710"}],"curies":[{"name":"wp","href":"https:\/\/api.w.org\/{rel}","templated":true}]}}