{"id":13682,"date":"2023-07-14T11:59:55","date_gmt":"2023-07-14T11:59:55","guid":{"rendered":"https:\/\/www.fleurop-home.ch\/?product=nudefarbener-stehtopf-blumentopf-mit-beinen"},"modified":"2026-01-05T14:10:18","modified_gmt":"2026-01-05T13:10:18","slug":"nudefarbener-stehtopf-blumentopf-mit-beinen","status":"publish","type":"product","link":"https:\/\/www.fleurop-home.ch\/de-ch\/p\/nudefarbener-stehtopf-blumentopf-mit-beinen","title":{"rendered":"Nudefarbener Stehtopf \/ Blumentopf mit Beinen"},"content":{"rendered":"<p style=\"text-align: left;\">Moderner Blumentopf oder Pflanzenst\u00e4nder aus nudefarbenem Metall. Erh\u00e4ltlich in zwei Gr\u00f6ssen f\u00fcr besonders sch\u00f6ne Kombinationen.<\/p>\n<p style=\"text-align: left;\">\u2022 Moderner Stehtopf mit rundem Fuss, ideal f\u00fcr Blumen oder Pflanzen<br \/>\n\u2022 Topf kann vom Fuss getrennt werden<br \/>\n\u2022 Topf ohne Lochung<br \/>\n\u2022 Durchmesser 25 cm, H\u00f6he 76 cm<\/p>\n","protected":false},"excerpt":{"rendered":"<p>Nudefarbener Stehtopf \/ Blumentopf mit Beinen, altrosa, 76 cm<\/p>\n","protected":false},"featured_media":13683,"template":"","meta":[],"product_brand":[],"product_cat":[40,23,1198,27,34],"product_tag":[324],"woo-feed-brand":[],"class_list":{"0":"post-13682","1":"product","2":"type-product","3":"status-publish","4":"has-post-thumbnail","6":"product_cat-uebertoepfe","7":"product_cat-home-living","8":"product_cat-toepfe","9":"product_cat-vasen-gefaesse","10":"product_cat-garten-balkon","11":"product_tag-marein-ag","13":"first","14":"instock","15":"featured","16":"taxable","17":"shipping-taxable","18":"purchasable","19":"product-type-simple"},"_links":{"self":[{"href":"https:\/\/www.fleurop-home.ch\/de-ch\/wp-json\/wp\/v2\/product\/13682","targetHints":{"allow":["GET"]}}],"collection":[{"href":"https:\/\/www.fleurop-home.ch\/de-ch\/wp-json\/wp\/v2\/product"}],"about":[{"href":"https:\/\/www.fleurop-home.ch\/de-ch\/wp-json\/wp\/v2\/types\/product"}],"wp:featuredmedia":[{"embeddable":true,"href":"https:\/\/www.fleurop-home.ch\/de-ch\/wp-json\/wp\/v2\/media\/13683"}],"wp:attachment":[{"href":"https:\/\/www.fleurop-home.ch\/de-ch\/wp-json\/wp\/v2\/media?parent=13682"}],"wp:term":[{"taxonomy":"product_brand","embeddable":true,"href":"https:\/\/www.fleurop-home.ch\/de-ch\/wp-json\/wp\/v2\/product_brand?post=13682"},{"taxonomy":"product_cat","embeddable":true,"href":"https:\/\/www.fleurop-home.ch\/de-ch\/wp-json\/wp\/v2\/product_cat?post=13682"},{"taxonomy":"product_tag","embeddable":true,"href":"https:\/\/www.fleurop-home.ch\/de-ch\/wp-json\/wp\/v2\/product_tag?post=13682"},{"taxonomy":"woo-feed-brand","embeddable":true,"href":"https:\/\/www.fleurop-home.ch\/de-ch\/wp-json\/wp\/v2\/woo-feed-brand?post=13682"}],"curies":[{"name":"wp","href":"https:\/\/api.w.org\/{rel}","templated":true}]}}