{"id":13667,"date":"2023-07-14T11:59:53","date_gmt":"2023-07-14T11:59:53","guid":{"rendered":"https:\/\/www.fleurop-home.ch\/?product=chalky-kreidemarker-zur-beschriftung-von-tafeln-und-glas"},"modified":"2026-01-05T14:10:19","modified_gmt":"2026-01-05T13:10:19","slug":"chalky-kreidemarker-zur-beschriftung-von-tafeln-und-glas","status":"publish","type":"product","link":"https:\/\/www.fleurop-home.ch\/de-ch\/p\/chalky-kreidemarker-zur-beschriftung-von-tafeln-und-glas","title":{"rendered":"Chalky Kreidemarker zur Beschriftung von Tafeln und Glas"},"content":{"rendered":"<p style=\"text-align: left;\">Beschrifte deine Vorratsdosen, Kr\u00e4utert\u00f6pfe oder Men\u00fctafeln mit unserem praktischen KREUL Kreide-Tafelstift, welcher mit fl\u00fcssiger Farbe, die schnell trocknet, saubere, deckende Linien zeichnet, die sich mit Wasser bei Bedarf leicht abwaschen lassen.<\/p>\n<p style=\"text-align: left;\">\u2022 Matte, non-permanente, abwaschbare Fl\u00fcssigkreide<br \/>\n\u2022 Deckend, lichtecht, schnelltrocknend<br \/>\n\u2022 Auf Wasserbasis<br \/>\n\u2022 Farbe zu mind. 60% aus Rohstoffen nat\u00fcrlichen Ursprungs<br \/>\n\u2022 Farbauftrag feucht abwischbar auf glatten und nichtsaugenden Oberfl\u00e4chen<br \/>\n\u2022 Zum Bemalen und Beschriften von Tafeloberfl\u00e4chen, Tafelfolien, Fenstern, Spiegeln, Glas, Fliesen, Folien, Metall und Acrylglas<br \/>\n\u2022 Ideal zur Beschriftung von Vorratsdosen und Gl\u00e4sern<br \/>\n\u2022 Gleichm\u00e4ssiger und exakter Tintenfluss durch Ventilsystem<br \/>\n\u2022 Formstabile Spitzen, k\u00f6nnen herausgenommen und mit Wasser gereinigt werden<\/p>\n","protected":false},"excerpt":{"rendered":"<p>Chalky Kreidemarker zur Beschriftung von Tafeln und Glas, mitteldick, weiss, 14 x 1.2 cm<\/p>\n","protected":false},"featured_media":13668,"template":"","meta":[],"product_brand":[],"product_cat":[1194,23,29],"product_tag":[324],"woo-feed-brand":[],"class_list":{"0":"post-13667","1":"product","2":"type-product","3":"status-publish","4":"has-post-thumbnail","6":"product_cat-diy-helfer","7":"product_cat-home-living","8":"product_cat-do-it-yourself","9":"product_tag-marein-ag","11":"first","12":"instock","13":"taxable","14":"shipping-taxable","15":"purchasable","16":"product-type-simple"},"_links":{"self":[{"href":"https:\/\/www.fleurop-home.ch\/de-ch\/wp-json\/wp\/v2\/product\/13667","targetHints":{"allow":["GET"]}}],"collection":[{"href":"https:\/\/www.fleurop-home.ch\/de-ch\/wp-json\/wp\/v2\/product"}],"about":[{"href":"https:\/\/www.fleurop-home.ch\/de-ch\/wp-json\/wp\/v2\/types\/product"}],"wp:featuredmedia":[{"embeddable":true,"href":"https:\/\/www.fleurop-home.ch\/de-ch\/wp-json\/wp\/v2\/media\/13668"}],"wp:attachment":[{"href":"https:\/\/www.fleurop-home.ch\/de-ch\/wp-json\/wp\/v2\/media?parent=13667"}],"wp:term":[{"taxonomy":"product_brand","embeddable":true,"href":"https:\/\/www.fleurop-home.ch\/de-ch\/wp-json\/wp\/v2\/product_brand?post=13667"},{"taxonomy":"product_cat","embeddable":true,"href":"https:\/\/www.fleurop-home.ch\/de-ch\/wp-json\/wp\/v2\/product_cat?post=13667"},{"taxonomy":"product_tag","embeddable":true,"href":"https:\/\/www.fleurop-home.ch\/de-ch\/wp-json\/wp\/v2\/product_tag?post=13667"},{"taxonomy":"woo-feed-brand","embeddable":true,"href":"https:\/\/www.fleurop-home.ch\/de-ch\/wp-json\/wp\/v2\/woo-feed-brand?post=13667"}],"curies":[{"name":"wp","href":"https:\/\/api.w.org\/{rel}","templated":true}]}}