{"id":13662,"date":"2023-07-14T11:59:53","date_gmt":"2023-07-14T11:59:53","guid":{"rendered":"https:\/\/www.fleurop-home.ch\/?product=stehender-grauer-keramiktopf-mit-metallbeinen-und-schwarzem-brennmuster"},"modified":"2026-01-05T14:10:19","modified_gmt":"2026-01-05T13:10:19","slug":"stehender-grauer-keramiktopf-mit-metallbeinen-und-schwarzem-brennmuster","status":"publish","type":"product","link":"https:\/\/www.fleurop-home.ch\/de-ch\/p\/stehender-grauer-keramiktopf-mit-metallbeinen-und-schwarzem-brennmuster","title":{"rendered":"Stehender grauer Keramiktopf mit Metallbeinen und schwarzem Brennmuster"},"content":{"rendered":"<p style=\"text-align: left\">Unser Stehtopf aus Keramik mit filigranen Metallbeinen ist f\u00fcr drinnen und draussen geeignet. Der Topf kann von den Beinen getrennt werden und dient auch als Deko im Innenbereich. Der Topf ist in zwei Gr\u00f6ssen erh\u00e4ltlich, wodurch besonders sch\u00f6ne Kombinationen entstehen.<\/p>\n<p style=\"text-align: left\">\u2022 Topf kann vom Fuss getrennt werden<br \/>\n\u2022 Aus liebevoll handglasierter Keramik, wodurch die Glasur variieren kann<br \/>\n\u2022 Topf ohne Lochung<br \/>\n\u2022 Durchmesser 13.5 cm, H\u00f6he 36.5 cm<\/p>\n","protected":false},"excerpt":{"rendered":"<p>Stehender grauer Keramiktopf mit Metallbeinen und schwarzem Brennmuster, \u00d8 13.5 cm x H 36.5 cm<\/p>\n","protected":false},"featured_media":36690,"template":"","meta":[],"product_brand":[],"product_cat":[27,23,1198,34,40],"product_tag":[324],"woo-feed-brand":[],"class_list":{"0":"post-13662","1":"product","2":"type-product","3":"status-publish","4":"has-post-thumbnail","6":"product_cat-vasen-gefaesse","7":"product_cat-home-living","8":"product_cat-toepfe","9":"product_cat-garten-balkon","10":"product_cat-uebertoepfe","11":"product_tag-marein-ag","13":"first","14":"instock","15":"taxable","16":"shipping-taxable","17":"purchasable","18":"product-type-simple"},"_links":{"self":[{"href":"https:\/\/www.fleurop-home.ch\/de-ch\/wp-json\/wp\/v2\/product\/13662","targetHints":{"allow":["GET"]}}],"collection":[{"href":"https:\/\/www.fleurop-home.ch\/de-ch\/wp-json\/wp\/v2\/product"}],"about":[{"href":"https:\/\/www.fleurop-home.ch\/de-ch\/wp-json\/wp\/v2\/types\/product"}],"wp:featuredmedia":[{"embeddable":true,"href":"https:\/\/www.fleurop-home.ch\/de-ch\/wp-json\/wp\/v2\/media\/36690"}],"wp:attachment":[{"href":"https:\/\/www.fleurop-home.ch\/de-ch\/wp-json\/wp\/v2\/media?parent=13662"}],"wp:term":[{"taxonomy":"product_brand","embeddable":true,"href":"https:\/\/www.fleurop-home.ch\/de-ch\/wp-json\/wp\/v2\/product_brand?post=13662"},{"taxonomy":"product_cat","embeddable":true,"href":"https:\/\/www.fleurop-home.ch\/de-ch\/wp-json\/wp\/v2\/product_cat?post=13662"},{"taxonomy":"product_tag","embeddable":true,"href":"https:\/\/www.fleurop-home.ch\/de-ch\/wp-json\/wp\/v2\/product_tag?post=13662"},{"taxonomy":"woo-feed-brand","embeddable":true,"href":"https:\/\/www.fleurop-home.ch\/de-ch\/wp-json\/wp\/v2\/woo-feed-brand?post=13662"}],"curies":[{"name":"wp","href":"https:\/\/api.w.org\/{rel}","templated":true}]}}