{"id":13658,"date":"2023-07-14T11:59:52","date_gmt":"2023-07-14T11:59:52","guid":{"rendered":"https:\/\/www.fleurop-home.ch\/?product=blauer-handglasierter-krug-costal"},"modified":"2026-04-01T15:35:53","modified_gmt":"2026-04-01T13:35:53","slug":"blauer-handglasierter-krug-costal","status":"publish","type":"product","link":"https:\/\/www.fleurop-home.ch\/de-ch\/p\/blauer-handglasierter-krug-costal","title":{"rendered":"Blauer handglasierter Krug &#171;Costal&#187;"},"content":{"rendered":"<p style=\"text-align: left;\">Jeder dieser h\u00fcbschen runden Kr\u00fcge ist dank dem handglasierten, blau-grauen Steingut ein Unikat und 100% sp\u00fclmaschinenfest. Steingut ist besonders stabil, haltbar und bruchsicher und eignet sich bestens f\u00fcr warme und kalte Getr\u00e4nke.<\/p>\n<p style=\"text-align: left;\">\u2022 Jeder Krug ist liebevoll in Blau-grau handglasiert, deshalb kann die Glasur variieren<br \/>\n\u2022 Aus langlebigem Steingut<br \/>\n\u2022 Ideal f\u00fcr Tee, Wasser oder Limonaden<br \/>\n\u2022 Fasst 1.2 Liter Fl\u00fcssigkeit<br \/>\n\u2022 H\u00f6he 17 cm, Durchmesser 12.8 cm<br \/>\n\u2022 Lebensmittelecht und sp\u00fclmaschinenfest<\/p>\n","protected":false},"excerpt":{"rendered":"<p>Blauer handglasierter Krug &#171;Costal&#187; , 1.2 Liter<\/p>\n","protected":false},"featured_media":13659,"template":"","meta":[],"product_brand":[],"product_cat":[1103,1022,797,1019,1018,42,1101,43],"product_tag":[324],"woo-feed-brand":[],"class_list":{"0":"post-13658","1":"product","2":"type-product","3":"status-publish","4":"has-post-thumbnail","6":"product_cat-trinken","7":"product_cat-brunch","8":"product_cat-muttertag","9":"product_cat-osterbrunch","10":"product_cat-ostern","11":"product_cat-kueche","12":"product_cat-geschirr","13":"product_cat-gedeckter-tisch","14":"product_tag-marein-ag","16":"first","17":"instock","18":"taxable","19":"shipping-taxable","20":"purchasable","21":"product-type-simple"},"_links":{"self":[{"href":"https:\/\/www.fleurop-home.ch\/de-ch\/wp-json\/wp\/v2\/product\/13658","targetHints":{"allow":["GET"]}}],"collection":[{"href":"https:\/\/www.fleurop-home.ch\/de-ch\/wp-json\/wp\/v2\/product"}],"about":[{"href":"https:\/\/www.fleurop-home.ch\/de-ch\/wp-json\/wp\/v2\/types\/product"}],"wp:featuredmedia":[{"embeddable":true,"href":"https:\/\/www.fleurop-home.ch\/de-ch\/wp-json\/wp\/v2\/media\/13659"}],"wp:attachment":[{"href":"https:\/\/www.fleurop-home.ch\/de-ch\/wp-json\/wp\/v2\/media?parent=13658"}],"wp:term":[{"taxonomy":"product_brand","embeddable":true,"href":"https:\/\/www.fleurop-home.ch\/de-ch\/wp-json\/wp\/v2\/product_brand?post=13658"},{"taxonomy":"product_cat","embeddable":true,"href":"https:\/\/www.fleurop-home.ch\/de-ch\/wp-json\/wp\/v2\/product_cat?post=13658"},{"taxonomy":"product_tag","embeddable":true,"href":"https:\/\/www.fleurop-home.ch\/de-ch\/wp-json\/wp\/v2\/product_tag?post=13658"},{"taxonomy":"woo-feed-brand","embeddable":true,"href":"https:\/\/www.fleurop-home.ch\/de-ch\/wp-json\/wp\/v2\/woo-feed-brand?post=13658"}],"curies":[{"name":"wp","href":"https:\/\/api.w.org\/{rel}","templated":true}]}}