{"id":13634,"date":"2023-07-14T11:59:49","date_gmt":"2023-07-14T11:59:49","guid":{"rendered":"https:\/\/www.fleurop-home.ch\/?product=schlichter-eleganter-serviettenring-aus-metall-fur-stoffservietten"},"modified":"2026-03-18T13:42:05","modified_gmt":"2026-03-18T12:42:05","slug":"schlichter-eleganter-serviettenring-aus-metall-fur-stoffservietten","status":"publish","type":"product","link":"https:\/\/www.fleurop-home.ch\/de-ch\/p\/schlichter-eleganter-serviettenring-aus-metall-fur-stoffservietten","title":{"rendered":"Schlichter, eleganter Serviettenring aus Metall f\u00fcr Stoffservietten"},"content":{"rendered":"<p style=\"text-align: left;\">Unser Serviettenring mit dem trendigen, gedellten Metall in Silber bringt Eleganz auf den gedeckten Tisch \u2013 ob bei speziellen Anl\u00e4ssen wie Hochzeiten, Weihnachten, Geburtstagen oder anderen Feiern und Zusammenk\u00fcnften. Stoffservietten bleiben damit in Form und schaffen ohne grossen Aufwand und aufw\u00e4ndiges Falten einen edlen Look.<\/p>\n<p style=\"text-align: left;\">\u2022 Serviettenring aus gedelltem Metall in sch\u00f6n gl\u00e4nzendem Silber<br \/>\n\u2022 Hochwertig verarbeitet aus leichtem und langlebigem Aluminium<br \/>\n\u2022 Klassisches und zeitloses Design<br \/>\n\u2022 Passend f\u00fcr alle Stoffservietten<br \/>\n\u2022 Durchmesser: 4.5 cm, H\u00f6he: 2.8 cm<br \/>\n\u2022 Perfekt geeignet f\u00fcr spezielle Anl\u00e4sse wie Hochzeiten, Weihnachten und andere Feste<br \/>\n\u2022 Bringt im Nu Eleganz auf die gedeckte Tafel<\/p>\n","protected":false},"excerpt":{"rendered":"<p>Schlichter, eleganter Serviettenring aus Metall f\u00fcr Stoffservietten, \u00d8 4.5 cm, silbrig<\/p>\n","protected":false},"featured_media":13635,"template":"","meta":[],"product_brand":[],"product_cat":[1105,1019,1018,984,994,909,1179,911,42,1104,43],"product_tag":[324],"woo-feed-brand":[],"class_list":{"0":"post-13634","1":"product","2":"type-product","3":"status-publish","4":"has-post-thumbnail","6":"product_cat-serviettenringe","7":"product_cat-osterbrunch","8":"product_cat-ostern","9":"product_cat-silvester","10":"product_cat-silvestertisch","11":"product_cat-weihnachten","12":"product_cat-weihnachtsdeko","13":"product_cat-accessoires","14":"product_cat-kueche","15":"product_cat-tischakzente","16":"product_cat-gedeckter-tisch","17":"product_tag-marein-ag","19":"first","20":"instock","21":"taxable","22":"shipping-taxable","23":"purchasable","24":"product-type-simple"},"_links":{"self":[{"href":"https:\/\/www.fleurop-home.ch\/de-ch\/wp-json\/wp\/v2\/product\/13634","targetHints":{"allow":["GET"]}}],"collection":[{"href":"https:\/\/www.fleurop-home.ch\/de-ch\/wp-json\/wp\/v2\/product"}],"about":[{"href":"https:\/\/www.fleurop-home.ch\/de-ch\/wp-json\/wp\/v2\/types\/product"}],"wp:featuredmedia":[{"embeddable":true,"href":"https:\/\/www.fleurop-home.ch\/de-ch\/wp-json\/wp\/v2\/media\/13635"}],"wp:attachment":[{"href":"https:\/\/www.fleurop-home.ch\/de-ch\/wp-json\/wp\/v2\/media?parent=13634"}],"wp:term":[{"taxonomy":"product_brand","embeddable":true,"href":"https:\/\/www.fleurop-home.ch\/de-ch\/wp-json\/wp\/v2\/product_brand?post=13634"},{"taxonomy":"product_cat","embeddable":true,"href":"https:\/\/www.fleurop-home.ch\/de-ch\/wp-json\/wp\/v2\/product_cat?post=13634"},{"taxonomy":"product_tag","embeddable":true,"href":"https:\/\/www.fleurop-home.ch\/de-ch\/wp-json\/wp\/v2\/product_tag?post=13634"},{"taxonomy":"woo-feed-brand","embeddable":true,"href":"https:\/\/www.fleurop-home.ch\/de-ch\/wp-json\/wp\/v2\/woo-feed-brand?post=13634"}],"curies":[{"name":"wp","href":"https:\/\/api.w.org\/{rel}","templated":true}]}}