{"id":13620,"date":"2023-07-14T11:59:47","date_gmt":"2023-07-14T11:59:47","guid":{"rendered":"https:\/\/www.fleurop-home.ch\/?product=dekorativer-rechteckiger-holzhocker"},"modified":"2026-02-24T08:31:20","modified_gmt":"2026-02-24T07:31:20","slug":"dekorativer-rechteckiger-holzhocker","status":"publish","type":"product","link":"https:\/\/www.fleurop-home.ch\/de-ch\/p\/dekorativer-rechteckiger-holzhocker","title":{"rendered":"Dekorativer rechteckiger Holzhocker"},"content":{"rendered":"<p>Schaffe H\u00f6he mit diesem h\u00fcbschen Holzhocker und stelle deine Pflanzen, B\u00fccher oder Dekorationen darauf. Der Hocker ist in zwei Gr\u00f6ssen erh\u00e4ltlich, wodurch besonders sch\u00f6ne Kombinationen gelingen.<\/p>\n<ul>\n<li>Deko Hocker aus hellem Holz<\/li>\n<li>Schlichtes Design, erh\u00e4ltlich in zwei Gr\u00f6ssen<\/li>\n<li>Ideal als Pflanzenst\u00e4nder, Beistelltischchen oder Akzent-Display<\/li>\n<li>Keine Montage erforderlich<\/li>\n<\/ul>\n","protected":false},"excerpt":{"rendered":"<p>Dekorativer rechteckiger Holzhocker, 33 x 19 x H37 cm<\/p>\n","protected":false},"featured_media":66941,"template":"","meta":[],"product_brand":[],"product_cat":[23,1192,30],"product_tag":[324],"woo-feed-brand":[],"class_list":{"0":"post-13620","1":"product","2":"type-product","3":"status-publish","4":"has-post-thumbnail","6":"product_cat-home-living","7":"product_cat-hocker-beistelltische","8":"product_cat-deko-accessoires","9":"product_tag-marein-ag","11":"first","12":"instock","13":"featured","14":"taxable","15":"shipping-taxable","16":"purchasable","17":"product-type-simple"},"_links":{"self":[{"href":"https:\/\/www.fleurop-home.ch\/de-ch\/wp-json\/wp\/v2\/product\/13620","targetHints":{"allow":["GET"]}}],"collection":[{"href":"https:\/\/www.fleurop-home.ch\/de-ch\/wp-json\/wp\/v2\/product"}],"about":[{"href":"https:\/\/www.fleurop-home.ch\/de-ch\/wp-json\/wp\/v2\/types\/product"}],"wp:featuredmedia":[{"embeddable":true,"href":"https:\/\/www.fleurop-home.ch\/de-ch\/wp-json\/wp\/v2\/media\/66941"}],"wp:attachment":[{"href":"https:\/\/www.fleurop-home.ch\/de-ch\/wp-json\/wp\/v2\/media?parent=13620"}],"wp:term":[{"taxonomy":"product_brand","embeddable":true,"href":"https:\/\/www.fleurop-home.ch\/de-ch\/wp-json\/wp\/v2\/product_brand?post=13620"},{"taxonomy":"product_cat","embeddable":true,"href":"https:\/\/www.fleurop-home.ch\/de-ch\/wp-json\/wp\/v2\/product_cat?post=13620"},{"taxonomy":"product_tag","embeddable":true,"href":"https:\/\/www.fleurop-home.ch\/de-ch\/wp-json\/wp\/v2\/product_tag?post=13620"},{"taxonomy":"woo-feed-brand","embeddable":true,"href":"https:\/\/www.fleurop-home.ch\/de-ch\/wp-json\/wp\/v2\/woo-feed-brand?post=13620"}],"curies":[{"name":"wp","href":"https:\/\/api.w.org\/{rel}","templated":true}]}}