{"id":13611,"date":"2023-07-14T11:59:46","date_gmt":"2023-07-14T11:59:46","guid":{"rendered":"https:\/\/www.fleurop-home.ch\/?product=handglasiertes-porzellantassen-set-latte-macchiato-tassen"},"modified":"2026-04-28T08:13:39","modified_gmt":"2026-04-28T06:13:39","slug":"handglasiertes-porzellantassen-set-latte-macchiato-tassen","status":"publish","type":"product","link":"https:\/\/www.fleurop-home.ch\/de-ch\/p\/handglasiertes-porzellantassen-set-latte-macchiato-tassen","title":{"rendered":"Handglasiertes Porzellantassen Set, Latte Macchiato-Tassen"},"content":{"rendered":"<p style=\"text-align: left;\">Dieses h\u00fcbsche Tassenset wurde liebevoll in vier verschieden Farben von Hand glasiert und serviert deinen Latte Macchiato stilvoll und individuell.<\/p>\n<p style=\"text-align: left;\">\u2022 Vier Latte Macchiato-Tassen aus Porzellan<br \/>\n\u2022 Liebevoll handglasiert, weshalb Glasur variieren kann<br \/>\n\u2022 Lebensmittelecht und sp\u00fclmaschinenfest<br \/>\n\u2022 Fasst 330 ml<\/p>\n","protected":false},"excerpt":{"rendered":"<p>Handglasiertes Porzellantassen Set in verschiedenen Gr\u00fcnt\u00f6nen, Latte Macchiato-Tassen, 4 x 330 ml, H 12.5 \u00d8 9 cm<\/p>\n","protected":false},"featured_media":77798,"template":"","meta":[],"product_brand":[],"product_cat":[1103,1022,797,1019,1018,984,994,42,1101,43],"product_tag":[324],"woo-feed-brand":[],"class_list":{"0":"post-13611","1":"product","2":"type-product","3":"status-publish","4":"has-post-thumbnail","6":"product_cat-trinken","7":"product_cat-brunch","8":"product_cat-muttertag","9":"product_cat-osterbrunch","10":"product_cat-ostern","11":"product_cat-silvester","12":"product_cat-silvestertisch","13":"product_cat-kueche","14":"product_cat-geschirr","15":"product_cat-gedeckter-tisch","16":"product_tag-marein-ag","18":"first","19":"instock","20":"taxable","21":"shipping-taxable","22":"purchasable","23":"product-type-simple"},"_links":{"self":[{"href":"https:\/\/www.fleurop-home.ch\/de-ch\/wp-json\/wp\/v2\/product\/13611","targetHints":{"allow":["GET"]}}],"collection":[{"href":"https:\/\/www.fleurop-home.ch\/de-ch\/wp-json\/wp\/v2\/product"}],"about":[{"href":"https:\/\/www.fleurop-home.ch\/de-ch\/wp-json\/wp\/v2\/types\/product"}],"wp:featuredmedia":[{"embeddable":true,"href":"https:\/\/www.fleurop-home.ch\/de-ch\/wp-json\/wp\/v2\/media\/77798"}],"wp:attachment":[{"href":"https:\/\/www.fleurop-home.ch\/de-ch\/wp-json\/wp\/v2\/media?parent=13611"}],"wp:term":[{"taxonomy":"product_brand","embeddable":true,"href":"https:\/\/www.fleurop-home.ch\/de-ch\/wp-json\/wp\/v2\/product_brand?post=13611"},{"taxonomy":"product_cat","embeddable":true,"href":"https:\/\/www.fleurop-home.ch\/de-ch\/wp-json\/wp\/v2\/product_cat?post=13611"},{"taxonomy":"product_tag","embeddable":true,"href":"https:\/\/www.fleurop-home.ch\/de-ch\/wp-json\/wp\/v2\/product_tag?post=13611"},{"taxonomy":"woo-feed-brand","embeddable":true,"href":"https:\/\/www.fleurop-home.ch\/de-ch\/wp-json\/wp\/v2\/woo-feed-brand?post=13611"}],"curies":[{"name":"wp","href":"https:\/\/api.w.org\/{rel}","templated":true}]}}