{"id":13577,"date":"2023-07-14T11:59:42","date_gmt":"2023-07-14T11:59:42","guid":{"rendered":"https:\/\/www.fleurop-home.ch\/?product=dekorativer-rechteckiger-dekohocker"},"modified":"2026-01-08T09:18:50","modified_gmt":"2026-01-08T08:18:50","slug":"dekorativer-rechteckiger-dekohocker","status":"publish","type":"product","link":"https:\/\/www.fleurop-home.ch\/de-ch\/p\/dekorativer-rechteckiger-dekohocker","title":{"rendered":"Dekorativer rechteckiger Dekohocker"},"content":{"rendered":"<p style=\"text-align: left;\">Schaffe H\u00f6he mit diesem h\u00fcbschen Holzhocker und stelle deine Pflanzen, B\u00fccher oder Dekorationen darauf. Der Hocker ist in zwei Gr\u00f6ssen erh\u00e4ltlich, wodurch besonders sch\u00f6ne Kombinationen gelingen.<\/p>\n<p style=\"text-align: left;\">\u2022 Deko-Hocker aus hellem Holz<br \/>\n\u2022 Schlichtes Design, erh\u00e4ltlich in zwei Gr\u00f6ssen<br \/>\n\u2022 Ideal als Pflanzenst\u00e4nder, Beistelltischchen oder Akzent-Display<br \/>\n\u2022 Keine Montage erforderlich<\/p>\n","protected":false},"excerpt":{"rendered":"<p>Dekorativer rechteckiger Dekohocker, 33 x 15 x H31 cm<\/p>\n","protected":false},"featured_media":51693,"template":"","meta":[],"product_brand":[],"product_cat":[23,1192,30],"product_tag":[324],"woo-feed-brand":[],"class_list":{"0":"post-13577","1":"product","2":"type-product","3":"status-publish","4":"has-post-thumbnail","6":"product_cat-home-living","7":"product_cat-hocker-beistelltische","8":"product_cat-deko-accessoires","9":"product_tag-marein-ag","11":"first","12":"instock","13":"featured","14":"taxable","15":"shipping-taxable","16":"purchasable","17":"product-type-simple"},"_links":{"self":[{"href":"https:\/\/www.fleurop-home.ch\/de-ch\/wp-json\/wp\/v2\/product\/13577","targetHints":{"allow":["GET"]}}],"collection":[{"href":"https:\/\/www.fleurop-home.ch\/de-ch\/wp-json\/wp\/v2\/product"}],"about":[{"href":"https:\/\/www.fleurop-home.ch\/de-ch\/wp-json\/wp\/v2\/types\/product"}],"wp:featuredmedia":[{"embeddable":true,"href":"https:\/\/www.fleurop-home.ch\/de-ch\/wp-json\/wp\/v2\/media\/51693"}],"wp:attachment":[{"href":"https:\/\/www.fleurop-home.ch\/de-ch\/wp-json\/wp\/v2\/media?parent=13577"}],"wp:term":[{"taxonomy":"product_brand","embeddable":true,"href":"https:\/\/www.fleurop-home.ch\/de-ch\/wp-json\/wp\/v2\/product_brand?post=13577"},{"taxonomy":"product_cat","embeddable":true,"href":"https:\/\/www.fleurop-home.ch\/de-ch\/wp-json\/wp\/v2\/product_cat?post=13577"},{"taxonomy":"product_tag","embeddable":true,"href":"https:\/\/www.fleurop-home.ch\/de-ch\/wp-json\/wp\/v2\/product_tag?post=13577"},{"taxonomy":"woo-feed-brand","embeddable":true,"href":"https:\/\/www.fleurop-home.ch\/de-ch\/wp-json\/wp\/v2\/woo-feed-brand?post=13577"}],"curies":[{"name":"wp","href":"https:\/\/api.w.org\/{rel}","templated":true}]}}