{"id":13558,"date":"2023-07-14T11:59:40","date_gmt":"2023-07-14T11:59:40","guid":{"rendered":"https:\/\/www.fleurop-home.ch\/?product=minimalistischer-schmaler-serviettenring"},"modified":"2026-04-01T15:35:53","modified_gmt":"2026-04-01T13:35:53","slug":"minimalistischer-schmaler-serviettenring-gold","status":"publish","type":"product","link":"https:\/\/www.fleurop-home.ch\/de-ch\/p\/minimalistischer-schmaler-serviettenring-gold","title":{"rendered":"Minimalistischer schmaler Serviettenring, gold"},"content":{"rendered":"<p style=\"text-align: left;\">Wer einen klassischen, edlen Look mag, wird unsere sch\u00f6nen, minimalistisch gehaltenen Serviettenringe aus Metall lieben. Ob bei speziellen Anl\u00e4ssen wie Hochzeiten, Weihnachten, Geburtstagen oder anderen Feiern und Zusammenk\u00fcnften, Stoffservietten erhalten durch sie einen zus\u00e4tzlichen dekorativen Touch und werden in Form gehalten.<\/p>\n<p style=\"text-align: left;\">\u2022 Schmaler Serviettenring mit Rillen aus Metall in dezentem, gl\u00e4nzendem Gold<br \/>\n\u2022 Klassisches, zeitloses und minimalistisches Design<br \/>\n\u2022 Passend f\u00fcr alle Stoffservietten<br \/>\n\u2022 Durchmesser: 4.5 cm, H\u00f6he: 0.5 cm<br \/>\n\u2022 Perfekt geeignet f\u00fcr spezielle Anl\u00e4sse wie Hochzeiten, Weihnachten und andere Feste<br \/>\n\u2022 Bringt im Nu Eleganz auf die gedeckte Tafel<\/p>\n","protected":false},"excerpt":{"rendered":"<p>Minimalistischer schmaler Serviettenring aus Metall mit Rillen f\u00fcr Stoffservietten, \u00d8 4.5 cm, goldfarben<\/p>\n","protected":false},"featured_media":47841,"template":"","meta":[],"product_brand":[],"product_cat":[1105,1022,797,984,994,909,1179,911,42,1104,43],"product_tag":[324],"woo-feed-brand":[],"class_list":{"0":"post-13558","1":"product","2":"type-product","3":"status-publish","4":"has-post-thumbnail","6":"product_cat-serviettenringe","7":"product_cat-brunch","8":"product_cat-muttertag","9":"product_cat-silvester","10":"product_cat-silvestertisch","11":"product_cat-weihnachten","12":"product_cat-weihnachtsdeko","13":"product_cat-accessoires","14":"product_cat-kueche","15":"product_cat-tischakzente","16":"product_cat-gedeckter-tisch","17":"product_tag-marein-ag","19":"first","20":"instock","21":"taxable","22":"shipping-taxable","23":"purchasable","24":"product-type-simple"},"_links":{"self":[{"href":"https:\/\/www.fleurop-home.ch\/de-ch\/wp-json\/wp\/v2\/product\/13558","targetHints":{"allow":["GET"]}}],"collection":[{"href":"https:\/\/www.fleurop-home.ch\/de-ch\/wp-json\/wp\/v2\/product"}],"about":[{"href":"https:\/\/www.fleurop-home.ch\/de-ch\/wp-json\/wp\/v2\/types\/product"}],"wp:featuredmedia":[{"embeddable":true,"href":"https:\/\/www.fleurop-home.ch\/de-ch\/wp-json\/wp\/v2\/media\/47841"}],"wp:attachment":[{"href":"https:\/\/www.fleurop-home.ch\/de-ch\/wp-json\/wp\/v2\/media?parent=13558"}],"wp:term":[{"taxonomy":"product_brand","embeddable":true,"href":"https:\/\/www.fleurop-home.ch\/de-ch\/wp-json\/wp\/v2\/product_brand?post=13558"},{"taxonomy":"product_cat","embeddable":true,"href":"https:\/\/www.fleurop-home.ch\/de-ch\/wp-json\/wp\/v2\/product_cat?post=13558"},{"taxonomy":"product_tag","embeddable":true,"href":"https:\/\/www.fleurop-home.ch\/de-ch\/wp-json\/wp\/v2\/product_tag?post=13558"},{"taxonomy":"woo-feed-brand","embeddable":true,"href":"https:\/\/www.fleurop-home.ch\/de-ch\/wp-json\/wp\/v2\/woo-feed-brand?post=13558"}],"curies":[{"name":"wp","href":"https:\/\/api.w.org\/{rel}","templated":true}]}}