{"id":13488,"date":"2023-07-14T11:59:32","date_gmt":"2023-07-14T11:59:32","guid":{"rendered":"https:\/\/www.fleurop-home.ch\/?product=eleganter-serviettenring-mit-blatterdesign"},"modified":"2026-04-01T15:35:54","modified_gmt":"2026-04-01T13:35:54","slug":"eleganter-serviettenring-mit-blaetterdesign-silber","status":"publish","type":"product","link":"https:\/\/www.fleurop-home.ch\/de-ch\/p\/eleganter-serviettenring-mit-blaetterdesign-silber","title":{"rendered":"Eleganter Serviettenring mit Bl\u00e4tterdesign, silber"},"content":{"rendered":"<p style=\"text-align: left;\">Dieser hochwertig verarbeitete Serviettenring mit dem romantischen Bl\u00e4tterdesign bringt Eleganz auf den gedeckten Tisch \u2013 ob bei speziellen Anl\u00e4ssen wie Hochzeiten, Weihnachten, Geburtstagen oder anderen Feiern und Zusammenk\u00fcnften. Stoffservietten erhalten damit zus\u00e4tzlich einen dekorativen Touch.<\/p>\n<p style=\"text-align: left;\">\u2022 Serviettenring mit Bl\u00e4tterdesign aus Metall in sch\u00f6n gl\u00e4nzendem Silber<br \/>\n\u2022 Hochwertig verarbeitet aus leichtem, langlebigem Aluminium<br \/>\n\u2022 Klassisches und zeitloses Design<br \/>\n\u2022 Passend f\u00fcr alle Stoffservietten<br \/>\n\u2022 Durchmesser: 4.5 cm, H\u00f6he: 4.5 cm<br \/>\n\u2022 Perfekt geeignet f\u00fcr spezielle Anl\u00e4sse wie Hochzeiten, Weihnachten und andere Feste<br \/>\n\u2022 Bringt im Nu Eleganz auf die gedeckte Tafel<\/p>\n","protected":false},"excerpt":{"rendered":"<p>Eleganter Serviettenring mit Bl\u00e4tterdesign \/ aus Metall f\u00fcr Stoffservietten, \u00d8 4.5 cm, silberfarben<\/p>\n","protected":false},"featured_media":36472,"template":"","meta":[],"product_brand":[],"product_cat":[1105,1022,797,1019,1018,984,994,42,1104,43],"product_tag":[324],"woo-feed-brand":[],"class_list":{"0":"post-13488","1":"product","2":"type-product","3":"status-publish","4":"has-post-thumbnail","6":"product_cat-serviettenringe","7":"product_cat-brunch","8":"product_cat-muttertag","9":"product_cat-osterbrunch","10":"product_cat-ostern","11":"product_cat-silvester","12":"product_cat-silvestertisch","13":"product_cat-kueche","14":"product_cat-tischakzente","15":"product_cat-gedeckter-tisch","16":"product_tag-marein-ag","18":"first","19":"instock","20":"featured","21":"taxable","22":"shipping-taxable","23":"purchasable","24":"product-type-simple"},"_links":{"self":[{"href":"https:\/\/www.fleurop-home.ch\/de-ch\/wp-json\/wp\/v2\/product\/13488","targetHints":{"allow":["GET"]}}],"collection":[{"href":"https:\/\/www.fleurop-home.ch\/de-ch\/wp-json\/wp\/v2\/product"}],"about":[{"href":"https:\/\/www.fleurop-home.ch\/de-ch\/wp-json\/wp\/v2\/types\/product"}],"wp:featuredmedia":[{"embeddable":true,"href":"https:\/\/www.fleurop-home.ch\/de-ch\/wp-json\/wp\/v2\/media\/36472"}],"wp:attachment":[{"href":"https:\/\/www.fleurop-home.ch\/de-ch\/wp-json\/wp\/v2\/media?parent=13488"}],"wp:term":[{"taxonomy":"product_brand","embeddable":true,"href":"https:\/\/www.fleurop-home.ch\/de-ch\/wp-json\/wp\/v2\/product_brand?post=13488"},{"taxonomy":"product_cat","embeddable":true,"href":"https:\/\/www.fleurop-home.ch\/de-ch\/wp-json\/wp\/v2\/product_cat?post=13488"},{"taxonomy":"product_tag","embeddable":true,"href":"https:\/\/www.fleurop-home.ch\/de-ch\/wp-json\/wp\/v2\/product_tag?post=13488"},{"taxonomy":"woo-feed-brand","embeddable":true,"href":"https:\/\/www.fleurop-home.ch\/de-ch\/wp-json\/wp\/v2\/woo-feed-brand?post=13488"}],"curies":[{"name":"wp","href":"https:\/\/api.w.org\/{rel}","templated":true}]}}