{"id":13453,"date":"2023-07-09T10:05:02","date_gmt":"2023-07-09T10:05:02","guid":{"rendered":"https:\/\/www.fleurop-home.ch\/?product=hand-korperseife-n5-lavandula"},"modified":"2025-11-04T14:28:31","modified_gmt":"2025-11-04T13:28:31","slug":"hand-korperseife-n5-lavandula","status":"publish","type":"product","link":"https:\/\/www.fleurop-home.ch\/de-ch\/p\/hand-korperseife-n5-lavandula","title":{"rendered":"Hand &amp; K\u00f6rperseife N\u00b05 LAVANDULA"},"content":{"rendered":"<div class=\"flex-shrink-0 flex flex-col relative items-end\">\n<div class=\"w-[30px]\">\n<div class=\"relative p-1 rounded-sm h-[30px] w-[30px] text-white flex items-center justify-center\" style=\"text-align: left;\">Die Lavendel Hand- und K\u00f6rperseife ist eine beruhigende Reinigungsformel, die Ihre Haut sanft und gr\u00fcndlich reinigt. Mit dem entspannenden Duft von Lavendel verw\u00f6hnt sie Ihre Sinne und schafft eine Atmosph\u00e4re der Ruhe und Entspannung. Die Seife enth\u00e4lt hochwertige Inhaltsstoffe, die Ihre Haut mit Feuchtigkeit versorgen und sie geschmeidig halten. Der beruhigende Lavendelduft wirkt stressabbauend und hilft, eine entspannte Stimmung zu schaffen. Genie\u00dfen Sie das beruhigende Aroma und verw\u00f6hnen Sie Ihre Haut mit der Lavendel Hand- und K\u00f6rperseife f\u00fcr ein erholsames und verw\u00f6hnendes Reinigungserlebnis.<\/div>\n<div class=\"relative p-1 rounded-sm h-[30px] w-[30px] text-white flex items-center justify-center\" style=\"text-align: left;\"><\/div>\n<div class=\"relative p-1 rounded-sm h-[30px] w-[30px] text-white flex items-center justify-center\" style=\"text-align: left;\">100gr.<\/div>\n<\/div>\n<\/div>\n","protected":false},"excerpt":{"rendered":"<p>N\u00b05 LAVNADULA<\/p>\n","protected":false},"featured_media":13454,"template":"","meta":[],"product_brand":[],"product_cat":[49,1018,1026,1207,909,915,48],"product_tag":[322],"woo-feed-brand":[],"class_list":{"0":"post-13453","1":"product","2":"type-product","3":"status-publish","4":"has-post-thumbnail","6":"product_cat-seifen","7":"product_cat-ostern","8":"product_cat-osternest","9":"product_cat-unter-25-chf","10":"product_cat-weihnachten","11":"product_cat-wichteln","12":"product_cat-bad-wellness","13":"product_tag-primestudios","15":"first","16":"instock","17":"taxable","18":"shipping-taxable","19":"purchasable","20":"product-type-simple"},"_links":{"self":[{"href":"https:\/\/www.fleurop-home.ch\/de-ch\/wp-json\/wp\/v2\/product\/13453","targetHints":{"allow":["GET"]}}],"collection":[{"href":"https:\/\/www.fleurop-home.ch\/de-ch\/wp-json\/wp\/v2\/product"}],"about":[{"href":"https:\/\/www.fleurop-home.ch\/de-ch\/wp-json\/wp\/v2\/types\/product"}],"wp:featuredmedia":[{"embeddable":true,"href":"https:\/\/www.fleurop-home.ch\/de-ch\/wp-json\/wp\/v2\/media\/13454"}],"wp:attachment":[{"href":"https:\/\/www.fleurop-home.ch\/de-ch\/wp-json\/wp\/v2\/media?parent=13453"}],"wp:term":[{"taxonomy":"product_brand","embeddable":true,"href":"https:\/\/www.fleurop-home.ch\/de-ch\/wp-json\/wp\/v2\/product_brand?post=13453"},{"taxonomy":"product_cat","embeddable":true,"href":"https:\/\/www.fleurop-home.ch\/de-ch\/wp-json\/wp\/v2\/product_cat?post=13453"},{"taxonomy":"product_tag","embeddable":true,"href":"https:\/\/www.fleurop-home.ch\/de-ch\/wp-json\/wp\/v2\/product_tag?post=13453"},{"taxonomy":"woo-feed-brand","embeddable":true,"href":"https:\/\/www.fleurop-home.ch\/de-ch\/wp-json\/wp\/v2\/woo-feed-brand?post=13453"}],"curies":[{"name":"wp","href":"https:\/\/api.w.org\/{rel}","templated":true}]}}