{"id":13407,"date":"2023-07-04T14:13:30","date_gmt":"2023-07-04T12:13:30","guid":{"rendered":"https:\/\/www.fleurop-home.ch\/?product=microgreen-saat-weisser-senf-50gr"},"modified":"2025-05-12T14:02:14","modified_gmt":"2025-05-12T12:02:14","slug":"microgreen-saat-weisser-senf-50gr","status":"publish","type":"product","link":"https:\/\/www.fleurop-home.ch\/de-ch\/p\/microgreen-saat-weisser-senf-50gr","title":{"rendered":"Microgreen-Saat 50gr &#8218;Weisser Senf&#8216;"},"content":{"rendered":"<p>Sinapis alba<br \/>\nWEISSER SENF<\/p>\n<p>intensiv-scharfer Geschmack<\/p>\n<p>BIO Keimsaat zur ganzj\u00e4hrigen, einfachen und schnellen Anzucht von Keimsprossen und Microgreens<\/p>\n<p>Gef\u00e4\u00df bis zur Saatguth\u00f6he mit Wasser anf\u00fcllen bis das Gitter von unten mit Wasser benetzt ist. Das Gef\u00e4\u00df an einen hellen Ort ohne direkte Sonneneinstrahlung stellen. Bei Bedarf verdunstetes Wasser nachf\u00fcllen. Tipp: Keimsaat eine Nacht in Wasser vorquellen. Alternativ k\u00f6nnen Keimsprossen angezogen werden &#8211; verzehrfertig in 3 bis 5 Tagen.<\/p>\n<p>DE-\u00d6KO-013 \/ EU-Landwirtschaft<\/p>\n","protected":false},"excerpt":{"rendered":"<p>Bio<\/p>\n","protected":false},"featured_media":46711,"template":"","meta":[],"product_brand":[],"product_cat":[47,1091,1088,42,885],"product_tag":[289],"woo-feed-brand":[],"class_list":{"0":"post-13407","1":"product","2":"type-product","3":"status-publish","4":"has-post-thumbnail","6":"product_cat-kuechenaromen","7":"product_cat-hobbykoch","8":"product_cat-vatertag","9":"product_cat-kueche","10":"product_cat-koestlichkeiten","11":"product_tag-blumengarten-kung-ag","13":"first","14":"instock","15":"taxable","16":"shipping-taxable","17":"purchasable","18":"product-type-simple"},"_links":{"self":[{"href":"https:\/\/www.fleurop-home.ch\/de-ch\/wp-json\/wp\/v2\/product\/13407","targetHints":{"allow":["GET"]}}],"collection":[{"href":"https:\/\/www.fleurop-home.ch\/de-ch\/wp-json\/wp\/v2\/product"}],"about":[{"href":"https:\/\/www.fleurop-home.ch\/de-ch\/wp-json\/wp\/v2\/types\/product"}],"wp:featuredmedia":[{"embeddable":true,"href":"https:\/\/www.fleurop-home.ch\/de-ch\/wp-json\/wp\/v2\/media\/46711"}],"wp:attachment":[{"href":"https:\/\/www.fleurop-home.ch\/de-ch\/wp-json\/wp\/v2\/media?parent=13407"}],"wp:term":[{"taxonomy":"product_brand","embeddable":true,"href":"https:\/\/www.fleurop-home.ch\/de-ch\/wp-json\/wp\/v2\/product_brand?post=13407"},{"taxonomy":"product_cat","embeddable":true,"href":"https:\/\/www.fleurop-home.ch\/de-ch\/wp-json\/wp\/v2\/product_cat?post=13407"},{"taxonomy":"product_tag","embeddable":true,"href":"https:\/\/www.fleurop-home.ch\/de-ch\/wp-json\/wp\/v2\/product_tag?post=13407"},{"taxonomy":"woo-feed-brand","embeddable":true,"href":"https:\/\/www.fleurop-home.ch\/de-ch\/wp-json\/wp\/v2\/woo-feed-brand?post=13407"}],"curies":[{"name":"wp","href":"https:\/\/api.w.org\/{rel}","templated":true}]}}