{"id":13399,"date":"2023-07-04T14:13:27","date_gmt":"2023-07-04T12:13:27","guid":{"rendered":"https:\/\/www.fleurop-home.ch\/?product=microgreen-saat-roquette-40gr"},"modified":"2025-05-12T14:02:16","modified_gmt":"2025-05-12T12:02:16","slug":"microgreen-saat-roquette-40gr","status":"publish","type":"product","link":"https:\/\/www.fleurop-home.ch\/de-ch\/p\/microgreen-saat-roquette-40gr","title":{"rendered":"Microgreen-Saat 40gr &#8218;Rucola&#8216;"},"content":{"rendered":"<p>Eruca sativa<br \/>\nRAUKE<\/p>\n<p>scharf-w\u00fcrziger Geschmack<\/p>\n<p>BIO-Keimsaat zur ganzj\u00e4hrigen, einfachen und schnellen Anzucht von Microgreens<\/p>\n<p>Gef\u00e4\u00df bis zur Saatguth\u00f6he mit Wasser anf\u00fcllen bis das Gitter von unten mit Wasser benetzt ist. Das Gef\u00e4\u00df an einen hellen Ort ohne direkte Sonneneinstrahlung stellen. Bei Bedarf verdunstetes Wasser nachf\u00fcllen. Tipp: Keimsaat eine Nacht in Wasser vorquellen<\/p>\n<p>DE-\u00d6KO-013 \/ EU-Landwirtschaft<\/p>\n","protected":false},"excerpt":{"rendered":"<p>Bio<\/p>\n","protected":false},"featured_media":46707,"template":"","meta":[],"product_brand":[],"product_cat":[47,1091,1019,1018,1088,42,885],"product_tag":[289],"woo-feed-brand":[],"class_list":{"0":"post-13399","1":"product","2":"type-product","3":"status-publish","4":"has-post-thumbnail","6":"product_cat-kuechenaromen","7":"product_cat-hobbykoch","8":"product_cat-osterbrunch","9":"product_cat-ostern","10":"product_cat-vatertag","11":"product_cat-kueche","12":"product_cat-koestlichkeiten","13":"product_tag-blumengarten-kung-ag","15":"first","16":"instock","17":"taxable","18":"shipping-taxable","19":"purchasable","20":"product-type-simple"},"_links":{"self":[{"href":"https:\/\/www.fleurop-home.ch\/de-ch\/wp-json\/wp\/v2\/product\/13399","targetHints":{"allow":["GET"]}}],"collection":[{"href":"https:\/\/www.fleurop-home.ch\/de-ch\/wp-json\/wp\/v2\/product"}],"about":[{"href":"https:\/\/www.fleurop-home.ch\/de-ch\/wp-json\/wp\/v2\/types\/product"}],"wp:featuredmedia":[{"embeddable":true,"href":"https:\/\/www.fleurop-home.ch\/de-ch\/wp-json\/wp\/v2\/media\/46707"}],"wp:attachment":[{"href":"https:\/\/www.fleurop-home.ch\/de-ch\/wp-json\/wp\/v2\/media?parent=13399"}],"wp:term":[{"taxonomy":"product_brand","embeddable":true,"href":"https:\/\/www.fleurop-home.ch\/de-ch\/wp-json\/wp\/v2\/product_brand?post=13399"},{"taxonomy":"product_cat","embeddable":true,"href":"https:\/\/www.fleurop-home.ch\/de-ch\/wp-json\/wp\/v2\/product_cat?post=13399"},{"taxonomy":"product_tag","embeddable":true,"href":"https:\/\/www.fleurop-home.ch\/de-ch\/wp-json\/wp\/v2\/product_tag?post=13399"},{"taxonomy":"woo-feed-brand","embeddable":true,"href":"https:\/\/www.fleurop-home.ch\/de-ch\/wp-json\/wp\/v2\/woo-feed-brand?post=13399"}],"curies":[{"name":"wp","href":"https:\/\/api.w.org\/{rel}","templated":true}]}}