{"id":13341,"date":"2023-07-04T14:13:01","date_gmt":"2023-07-04T12:13:01","guid":{"rendered":"https:\/\/www.fleurop-home.ch\/?product=keimsprossen-saat-frische-mischung-200gr"},"modified":"2025-05-12T14:01:02","modified_gmt":"2025-05-12T12:01:02","slug":"keimsprossen-saat-frische-mischung-200gr","status":"publish","type":"product","link":"https:\/\/www.fleurop-home.ch\/de-ch\/p\/keimsprossen-saat-frische-mischung-200gr","title":{"rendered":"Keimsprossen-Saat 200gr &#8218;Frische Mischung&#8216;"},"content":{"rendered":"<p>Keimsprossen-Saat Mischung<\/p>\n<p>FRISCHE MISCHUNG<\/p>\n<p>mild-frischer Geschmack<\/p>\n<p>BIO-Keimsaat zur ganzj\u00e4hrigen, einfachen und schnellen Anzucht von Keimsprossen.<\/p>\n<p>Inhalt: 30% Alfalfa*, 10% Linsen braun*, 10% Linsen rot* 40% Mungbohnen* 10% Rettich*. Das Gef\u00e4\u00df an einen hellen Ort ohne direkte Sonneneinstrahlung stellen. Bis zur Ernte t\u00e4glich 2- bis 3-Mal sp\u00fclen. Tipps: Keimsaat eine Nacht in Wasser vorquellen. Verzehrfertige Sprossen sind im K\u00fchlschrank einige Tage haltbar. Sie soliten vor dem Verzehr nochmals gesp\u00fclt werden.<\/p>\n<p>DE-\u00d6KO-013 \/ EU-\/Nicht-EU-Landwirtschaft<\/p>\n","protected":false},"excerpt":{"rendered":"<p>Bio<\/p>\n","protected":false},"featured_media":46749,"template":"","meta":[],"product_brand":[],"product_cat":[47,1091,1088,42,885],"product_tag":[289],"woo-feed-brand":[],"class_list":{"0":"post-13341","1":"product","2":"type-product","3":"status-publish","4":"has-post-thumbnail","6":"product_cat-kuechenaromen","7":"product_cat-hobbykoch","8":"product_cat-vatertag","9":"product_cat-kueche","10":"product_cat-koestlichkeiten","11":"product_tag-blumengarten-kung-ag","13":"first","14":"instock","15":"taxable","16":"shipping-taxable","17":"purchasable","18":"product-type-simple"},"_links":{"self":[{"href":"https:\/\/www.fleurop-home.ch\/de-ch\/wp-json\/wp\/v2\/product\/13341","targetHints":{"allow":["GET"]}}],"collection":[{"href":"https:\/\/www.fleurop-home.ch\/de-ch\/wp-json\/wp\/v2\/product"}],"about":[{"href":"https:\/\/www.fleurop-home.ch\/de-ch\/wp-json\/wp\/v2\/types\/product"}],"wp:featuredmedia":[{"embeddable":true,"href":"https:\/\/www.fleurop-home.ch\/de-ch\/wp-json\/wp\/v2\/media\/46749"}],"wp:attachment":[{"href":"https:\/\/www.fleurop-home.ch\/de-ch\/wp-json\/wp\/v2\/media?parent=13341"}],"wp:term":[{"taxonomy":"product_brand","embeddable":true,"href":"https:\/\/www.fleurop-home.ch\/de-ch\/wp-json\/wp\/v2\/product_brand?post=13341"},{"taxonomy":"product_cat","embeddable":true,"href":"https:\/\/www.fleurop-home.ch\/de-ch\/wp-json\/wp\/v2\/product_cat?post=13341"},{"taxonomy":"product_tag","embeddable":true,"href":"https:\/\/www.fleurop-home.ch\/de-ch\/wp-json\/wp\/v2\/product_tag?post=13341"},{"taxonomy":"woo-feed-brand","embeddable":true,"href":"https:\/\/www.fleurop-home.ch\/de-ch\/wp-json\/wp\/v2\/woo-feed-brand?post=13341"}],"curies":[{"name":"wp","href":"https:\/\/api.w.org\/{rel}","templated":true}]}}