{"id":13330,"date":"2023-07-04T14:12:56","date_gmt":"2023-07-04T12:12:56","guid":{"rendered":"https:\/\/www.fleurop-home.ch\/?product=keimsprossen-saat-daikon-rettich-40gr"},"modified":"2025-04-01T05:41:48","modified_gmt":"2025-04-01T03:41:48","slug":"keimsprossen-saat-daikon-rettich-40gr","status":"publish","type":"product","link":"https:\/\/www.fleurop-home.ch\/de-ch\/p\/keimsprossen-saat-daikon-rettich-40gr","title":{"rendered":"Keimsprossen-Saat 40gr &#8218;Daikon-Rettich&#8216;"},"content":{"rendered":"<p>Raphanus sativus<br \/>\nDAIKON-RETTICH<\/p>\n<p>Das Gef\u00e4\u00df an einen hellen Ort ohne direkte Sonneneinstrahlung stellen. Bis zur Ernte t\u00e4glich 2- bis 3-Mal sp\u00fclen. Tipps: Keimsaat eine Nacht in Wasser vorquellen. Verzehrfertige Sprossen sind im K\u00fchlschrank einige Tage haltbar. Sie sollten vor dem Verzehr nochmals gesp\u00fclt werden.<\/p>\n<p>BIO-Keimsaat zur ganzj\u00e4hrigen, einfachen und schnellen Anzucht von Keimsprossen und Microgreens<\/p>\n<p>intensiv-w\u00fcrziger, scharfer Geschmack<\/p>\n<p>DE-\u00d6KO-013 \/ EU-Landwirtschaft<\/p>\n","protected":false},"excerpt":{"rendered":"<p>Bio<\/p>\n","protected":false},"featured_media":46721,"template":"","meta":[],"product_brand":[],"product_cat":[47,42,885],"product_tag":[289],"woo-feed-brand":[],"class_list":{"0":"post-13330","1":"product","2":"type-product","3":"status-publish","4":"has-post-thumbnail","6":"product_cat-kuechenaromen","7":"product_cat-kueche","8":"product_cat-koestlichkeiten","9":"product_tag-blumengarten-kung-ag","11":"first","12":"instock","13":"taxable","14":"shipping-taxable","15":"purchasable","16":"product-type-simple"},"_links":{"self":[{"href":"https:\/\/www.fleurop-home.ch\/de-ch\/wp-json\/wp\/v2\/product\/13330","targetHints":{"allow":["GET"]}}],"collection":[{"href":"https:\/\/www.fleurop-home.ch\/de-ch\/wp-json\/wp\/v2\/product"}],"about":[{"href":"https:\/\/www.fleurop-home.ch\/de-ch\/wp-json\/wp\/v2\/types\/product"}],"wp:featuredmedia":[{"embeddable":true,"href":"https:\/\/www.fleurop-home.ch\/de-ch\/wp-json\/wp\/v2\/media\/46721"}],"wp:attachment":[{"href":"https:\/\/www.fleurop-home.ch\/de-ch\/wp-json\/wp\/v2\/media?parent=13330"}],"wp:term":[{"taxonomy":"product_brand","embeddable":true,"href":"https:\/\/www.fleurop-home.ch\/de-ch\/wp-json\/wp\/v2\/product_brand?post=13330"},{"taxonomy":"product_cat","embeddable":true,"href":"https:\/\/www.fleurop-home.ch\/de-ch\/wp-json\/wp\/v2\/product_cat?post=13330"},{"taxonomy":"product_tag","embeddable":true,"href":"https:\/\/www.fleurop-home.ch\/de-ch\/wp-json\/wp\/v2\/product_tag?post=13330"},{"taxonomy":"woo-feed-brand","embeddable":true,"href":"https:\/\/www.fleurop-home.ch\/de-ch\/wp-json\/wp\/v2\/woo-feed-brand?post=13330"}],"curies":[{"name":"wp","href":"https:\/\/api.w.org\/{rel}","templated":true}]}}