{"id":13280,"date":"2023-07-02T11:46:27","date_gmt":"2023-07-02T11:46:27","guid":{"rendered":"https:\/\/www.fleurop-home.ch\/?product=massageseife-n9-coffea"},"modified":"2026-03-05T07:37:32","modified_gmt":"2026-03-05T06:37:32","slug":"massageseife-n9-coffea","status":"publish","type":"product","link":"https:\/\/www.fleurop-home.ch\/de-ch\/p\/massageseife-n9-coffea","title":{"rendered":"Massageseife N\u00b09 COFFEA"},"content":{"rendered":"<div class=\"flex-shrink-0 flex flex-col relative items-end\">\n<div class=\"w-[30px]\">\n<div class=\"relative p-1 rounded-sm h-[30px] w-[30px] text-white flex items-center justify-center\" style=\"text-align: left;\">Die Kaffeemassageseife ist eine innovative und belebende Reinigungsformel, die speziell f\u00fcr die Massage entwickelt wurde. Die Seife ist mit gemahlenem Kaffee angereichert, der eine sanfte Peeling-Wirkung bietet und die Durchblutung anregt. Die belebenden Eigenschaften des Kaffees helfen, die Haut zu straffen und das Erscheinungsbild von Cellulite zu verbessern. Gleichzeitig reinigt die Seife sanft die Haut und entfernt abgestorbene Hautzellen, um eine glattere und geschmeidigere Haut zu enth\u00fcllen. Genie\u00dfen Sie das erfrischende Aroma von Kaffee und g\u00f6nnen Sie sich mit der Kaffeemassageseife ein revitalisierendes Wellness-Erlebnis f\u00fcr K\u00f6rper und Geist.<\/div>\n<div class=\"relative p-1 rounded-sm h-[30px] w-[30px] text-white flex items-center justify-center\" style=\"text-align: left;\"><\/div>\n<div class=\"relative p-1 rounded-sm h-[30px] w-[30px] text-white flex items-center justify-center\" style=\"text-align: left;\">120gr.<\/div>\n<\/div>\n<\/div>\n","protected":false},"excerpt":{"rendered":"<p>N\u00b09 COFFEA<\/p>\n","protected":false},"featured_media":13281,"template":"","meta":[],"product_brand":[],"product_cat":[49,1207,909,915,48],"product_tag":[322],"woo-feed-brand":[],"class_list":{"0":"post-13280","1":"product","2":"type-product","3":"status-publish","4":"has-post-thumbnail","6":"product_cat-seifen","7":"product_cat-unter-25-chf","8":"product_cat-weihnachten","9":"product_cat-wichteln","10":"product_cat-bad-wellness","11":"product_tag-primestudios","13":"first","14":"instock","15":"taxable","16":"shipping-taxable","17":"purchasable","18":"product-type-simple"},"_links":{"self":[{"href":"https:\/\/www.fleurop-home.ch\/de-ch\/wp-json\/wp\/v2\/product\/13280","targetHints":{"allow":["GET"]}}],"collection":[{"href":"https:\/\/www.fleurop-home.ch\/de-ch\/wp-json\/wp\/v2\/product"}],"about":[{"href":"https:\/\/www.fleurop-home.ch\/de-ch\/wp-json\/wp\/v2\/types\/product"}],"wp:featuredmedia":[{"embeddable":true,"href":"https:\/\/www.fleurop-home.ch\/de-ch\/wp-json\/wp\/v2\/media\/13281"}],"wp:attachment":[{"href":"https:\/\/www.fleurop-home.ch\/de-ch\/wp-json\/wp\/v2\/media?parent=13280"}],"wp:term":[{"taxonomy":"product_brand","embeddable":true,"href":"https:\/\/www.fleurop-home.ch\/de-ch\/wp-json\/wp\/v2\/product_brand?post=13280"},{"taxonomy":"product_cat","embeddable":true,"href":"https:\/\/www.fleurop-home.ch\/de-ch\/wp-json\/wp\/v2\/product_cat?post=13280"},{"taxonomy":"product_tag","embeddable":true,"href":"https:\/\/www.fleurop-home.ch\/de-ch\/wp-json\/wp\/v2\/product_tag?post=13280"},{"taxonomy":"woo-feed-brand","embeddable":true,"href":"https:\/\/www.fleurop-home.ch\/de-ch\/wp-json\/wp\/v2\/woo-feed-brand?post=13280"}],"curies":[{"name":"wp","href":"https:\/\/api.w.org\/{rel}","templated":true}]}}