{"id":13278,"date":"2023-07-02T11:40:38","date_gmt":"2023-07-02T11:40:38","guid":{"rendered":"https:\/\/www.fleurop-home.ch\/?product=hand-korperseife-n8-hammam"},"modified":"2025-04-01T05:42:28","modified_gmt":"2025-04-01T03:42:28","slug":"hand-korperseife-n8-hammam","status":"publish","type":"product","link":"https:\/\/www.fleurop-home.ch\/de-ch\/p\/hand-korperseife-n8-hammam","title":{"rendered":"Hand &amp; K\u00f6rperseife N\u00b08 HAMMAM"},"content":{"rendered":"<div class=\"flex-shrink-0 flex flex-col relative items-end\">\n<div class=\"w-[30px]\">\n<div class=\"relative p-1 rounded-sm h-[30px] w-[30px] text-white flex items-center justify-center\" style=\"text-align: left\">Hammam Hand- und K\u00f6rperseife ist eine exotische Reinigungsformel, die von den traditionellen Badezeremonien des Hammams inspiriert ist. Diese Seife verwandelt Ihre Waschroutine in ein luxuri\u00f6ses Verw\u00f6hnerlebnis. Mit ihrem belebenden Duft und ihrer cremigen Textur reinigt sie Ihre Haut gr\u00fcndlich und hinterl\u00e4sst sie erfrischt und revitalisiert. Die einzigartige Mischung aus orientalischen Gew\u00fcrzen, \u00e4therischen \u00d6len und pflegenden Inhaltsstoffen verleiht Ihrer Haut eine seidige Gl\u00e4tte und hinterl\u00e4sst einen dezenten Duft. Verwandeln Sie Ihre t\u00e4gliche Reinigung in einen kleinen Wellness-Moment mit der Hammam Hand- und K\u00f6rperseife.<\/div>\n<div class=\"relative p-1 rounded-sm h-[30px] w-[30px] text-white flex items-center justify-center\" style=\"text-align: left\"><\/div>\n<div class=\"relative p-1 rounded-sm h-[30px] w-[30px] text-white flex items-center justify-center\" style=\"text-align: left\">100gr.<\/div>\n<\/div>\n<\/div>\n","protected":false},"excerpt":{"rendered":"<p>N\u00b08 HAMMAM<\/p>\n","protected":false},"featured_media":13279,"template":"","meta":[],"product_brand":[],"product_cat":[49,48],"product_tag":[322],"woo-feed-brand":[],"class_list":{"0":"post-13278","1":"product","2":"type-product","3":"status-publish","4":"has-post-thumbnail","6":"product_cat-seifen","7":"product_cat-bad-wellness","8":"product_tag-primestudios","10":"first","11":"instock","12":"taxable","13":"shipping-taxable","14":"purchasable","15":"product-type-simple"},"_links":{"self":[{"href":"https:\/\/www.fleurop-home.ch\/de-ch\/wp-json\/wp\/v2\/product\/13278","targetHints":{"allow":["GET"]}}],"collection":[{"href":"https:\/\/www.fleurop-home.ch\/de-ch\/wp-json\/wp\/v2\/product"}],"about":[{"href":"https:\/\/www.fleurop-home.ch\/de-ch\/wp-json\/wp\/v2\/types\/product"}],"wp:featuredmedia":[{"embeddable":true,"href":"https:\/\/www.fleurop-home.ch\/de-ch\/wp-json\/wp\/v2\/media\/13279"}],"wp:attachment":[{"href":"https:\/\/www.fleurop-home.ch\/de-ch\/wp-json\/wp\/v2\/media?parent=13278"}],"wp:term":[{"taxonomy":"product_brand","embeddable":true,"href":"https:\/\/www.fleurop-home.ch\/de-ch\/wp-json\/wp\/v2\/product_brand?post=13278"},{"taxonomy":"product_cat","embeddable":true,"href":"https:\/\/www.fleurop-home.ch\/de-ch\/wp-json\/wp\/v2\/product_cat?post=13278"},{"taxonomy":"product_tag","embeddable":true,"href":"https:\/\/www.fleurop-home.ch\/de-ch\/wp-json\/wp\/v2\/product_tag?post=13278"},{"taxonomy":"woo-feed-brand","embeddable":true,"href":"https:\/\/www.fleurop-home.ch\/de-ch\/wp-json\/wp\/v2\/woo-feed-brand?post=13278"}],"curies":[{"name":"wp","href":"https:\/\/api.w.org\/{rel}","templated":true}]}}