{"id":13272,"date":"2023-06-23T08:57:46","date_gmt":"2023-06-23T08:57:46","guid":{"rendered":"https:\/\/www.fleurop-home.ch\/?product=schokoladengeschenkbox-tsuri"},"modified":"2026-02-05T14:42:55","modified_gmt":"2026-02-05T13:42:55","slug":"schokoladengeschenkbox-tsuri","status":"publish","type":"product","link":"https:\/\/www.fleurop-home.ch\/de-ch\/p\/schokoladengeschenkbox-tsuri","title":{"rendered":"Schokoladengeschenkbox Ts\u00fcri"},"content":{"rendered":"<p style=\"text-align: left;\">Das perfekte Geschenk aus der Stadt Z\u00fcrich als Mitbringsel oder f\u00fcr alle Ts\u00fcri Fans. In jeder Geschenkbox ist eine kleine Geschichte \u00fcber die Stadt Z\u00fcrich zu finden<\/p>\n<p style=\"text-align: left;\">Die Schoggi wird\u00a0im Bean-to-Bar-Verfahren hergestellt. Das bedeutet, dass die Schoggi von der Kakaobohne bis zur Tafel in einer Produktion hergestellt wird. In unserem Fall in einer kleinen Manufaktur an der Stadgrenze zu Z\u00fcrich in Adliswil. Die Geschenkbox enth\u00e4lt neun Schoggitafeln. Pro Box sind 3 Tafeln pro Sorte.\u00a0Diese Sorten sind in der Box:<\/p>\n<p style=\"text-align: left;\"><strong>Ts\u00fcri Sel des Alpes:\u00a0<\/strong>Die dunkle Tafel mit einem Kakaogehalt von mindestens 69% wird mit Schweizer Alpensalz verfeinert.<\/p>\n<p style=\"text-align: left;\"><strong>Ts\u00fcri Hazelnut Crunch:\u00a0<\/strong>Die leckere Milchschoggi mit ger\u00f6steten Haselnussst\u00fcckchen geben den richtigen Crunch in die Geschenkbox.<\/p>\n<p style=\"text-align: left;\"><strong>Ts\u00fcri Orange Peel Oil: <\/strong>In dieser dunklen Schokolade mit mindestens 69% Kakaogehalt bringt das Orangen\u00f6l den fruchtigen, frischen Geschmack.<\/p>\n<p><a href=\"https:\/\/www.fleurop.ch\/content\/pdf\/fleurophome\/Geschenkbox.pdf\" target=\"_blank\" rel=\"noopener\">Zutaten und N\u00e4hrwerte<\/a><\/p>\n","protected":false},"excerpt":{"rendered":"<p>mit 9 Tafeln<\/p>\n","protected":false},"featured_media":13273,"template":"","meta":[],"product_brand":[],"product_cat":[114,909,916,42,885,52,1225,53],"product_tag":[320],"woo-feed-brand":[],"class_list":{"0":"post-13272","1":"product","2":"type-product","3":"status-publish","4":"has-post-thumbnail","6":"product_cat-schokolade-sweets","7":"product_cat-weihnachten","8":"product_cat-praesente","9":"product_cat-kueche","10":"product_cat-koestlichkeiten","11":"product_cat-geschenke","12":"product_cat-genuss","13":"product_cat-geschenksets","14":"product_tag-taucherli-premium-swiss-chocolate-gmbh","16":"first","17":"instock","18":"taxable","19":"shipping-taxable","20":"purchasable","21":"product-type-simple"},"_links":{"self":[{"href":"https:\/\/www.fleurop-home.ch\/de-ch\/wp-json\/wp\/v2\/product\/13272","targetHints":{"allow":["GET"]}}],"collection":[{"href":"https:\/\/www.fleurop-home.ch\/de-ch\/wp-json\/wp\/v2\/product"}],"about":[{"href":"https:\/\/www.fleurop-home.ch\/de-ch\/wp-json\/wp\/v2\/types\/product"}],"wp:featuredmedia":[{"embeddable":true,"href":"https:\/\/www.fleurop-home.ch\/de-ch\/wp-json\/wp\/v2\/media\/13273"}],"wp:attachment":[{"href":"https:\/\/www.fleurop-home.ch\/de-ch\/wp-json\/wp\/v2\/media?parent=13272"}],"wp:term":[{"taxonomy":"product_brand","embeddable":true,"href":"https:\/\/www.fleurop-home.ch\/de-ch\/wp-json\/wp\/v2\/product_brand?post=13272"},{"taxonomy":"product_cat","embeddable":true,"href":"https:\/\/www.fleurop-home.ch\/de-ch\/wp-json\/wp\/v2\/product_cat?post=13272"},{"taxonomy":"product_tag","embeddable":true,"href":"https:\/\/www.fleurop-home.ch\/de-ch\/wp-json\/wp\/v2\/product_tag?post=13272"},{"taxonomy":"woo-feed-brand","embeddable":true,"href":"https:\/\/www.fleurop-home.ch\/de-ch\/wp-json\/wp\/v2\/woo-feed-brand?post=13272"}],"curies":[{"name":"wp","href":"https:\/\/api.w.org\/{rel}","templated":true}]}}