{"id":13192,"date":"2023-06-15T12:52:47","date_gmt":"2023-06-15T12:52:47","guid":{"rendered":"https:\/\/www.fleurop-home.ch\/?product=reflection-clarity-3-wick-tumbler"},"modified":"2025-04-01T05:43:33","modified_gmt":"2025-04-01T03:43:33","slug":"reflection-clarity-3-wick-tumbler","status":"publish","type":"product","link":"https:\/\/www.fleurop-home.ch\/de-ch\/p\/reflection-clarity-3-wick-tumbler","title":{"rendered":"Reflection + Clarity 3-Wick Tumbler"},"content":{"rendered":"<p>\u00c4therische \u00d6le inspiriert von den Vorteilen der Aromatherapie. Sojawachs-Mischung f\u00fcr ein ruhiges, gleichm\u00e4ssiges Abbrennen. Wundersch\u00f6nes Milchglas in beruhigenden Farben schafft eine friedvolle Umgebung. Einfache klare \u00c4sthetik mit Deckel in Holzoptik.<br \/>\nBrenndauer: 20-24h<\/p>\n","protected":false},"excerpt":{"rendered":"<p>Aromen von Meersalz, Muskatellersalbei und taufrischem Alpenveilchen kl\u00e4ren die Luft mit einer inspirierenden Frische, die einem sich am Ufer spiegelnden Sonnenaufgang gleicht. \u00c4therische \u00d6le: Zedernholz, Thymian, Orange, Eukalyptus, Tangerine, Rosmarin, Palo Santo, Galbanharz<\/p>\n","protected":false},"featured_media":13193,"template":"","meta":[],"product_brand":[],"product_cat":[99,23,28],"product_tag":[288],"woo-feed-brand":[],"class_list":{"0":"post-13192","1":"product","2":"type-product","3":"status-publish","4":"has-post-thumbnail","6":"product_cat-duftkerzen","7":"product_cat-home-living","8":"product_cat-kerzen-lichter","9":"product_tag-spirig-kerzen-ag","11":"first","12":"instock","13":"taxable","14":"shipping-taxable","15":"purchasable","16":"product-type-simple"},"_links":{"self":[{"href":"https:\/\/www.fleurop-home.ch\/de-ch\/wp-json\/wp\/v2\/product\/13192","targetHints":{"allow":["GET"]}}],"collection":[{"href":"https:\/\/www.fleurop-home.ch\/de-ch\/wp-json\/wp\/v2\/product"}],"about":[{"href":"https:\/\/www.fleurop-home.ch\/de-ch\/wp-json\/wp\/v2\/types\/product"}],"wp:featuredmedia":[{"embeddable":true,"href":"https:\/\/www.fleurop-home.ch\/de-ch\/wp-json\/wp\/v2\/media\/13193"}],"wp:attachment":[{"href":"https:\/\/www.fleurop-home.ch\/de-ch\/wp-json\/wp\/v2\/media?parent=13192"}],"wp:term":[{"taxonomy":"product_brand","embeddable":true,"href":"https:\/\/www.fleurop-home.ch\/de-ch\/wp-json\/wp\/v2\/product_brand?post=13192"},{"taxonomy":"product_cat","embeddable":true,"href":"https:\/\/www.fleurop-home.ch\/de-ch\/wp-json\/wp\/v2\/product_cat?post=13192"},{"taxonomy":"product_tag","embeddable":true,"href":"https:\/\/www.fleurop-home.ch\/de-ch\/wp-json\/wp\/v2\/product_tag?post=13192"},{"taxonomy":"woo-feed-brand","embeddable":true,"href":"https:\/\/www.fleurop-home.ch\/de-ch\/wp-json\/wp\/v2\/woo-feed-brand?post=13192"}],"curies":[{"name":"wp","href":"https:\/\/api.w.org\/{rel}","templated":true}]}}