{"id":13144,"date":"2023-06-15T12:52:36","date_gmt":"2023-06-15T12:52:36","guid":{"rendered":"https:\/\/www.fleurop-home.ch\/?product=joy-laughter-3-wick-tumbler"},"modified":"2026-02-11T11:10:31","modified_gmt":"2026-02-11T10:10:31","slug":"joy-laughter-3-wick-tumbler","status":"publish","type":"product","link":"https:\/\/www.fleurop-home.ch\/de-ch\/p\/joy-laughter-3-wick-tumbler","title":{"rendered":"Joy + Laughter 3-Wick Tumbler"},"content":{"rendered":"<p>\u00c4therische \u00d6le inspiriert von den Vorteilen der Aromatherapie. Sojawachs-Mischung f\u00fcr ein ruhiges, gleichm\u00e4ssiges Abbrennen. Wundersch\u00f6nes Milchglas in beruhigenden Farben schafft eine friedvolle Umgebung. Einfache klare \u00c4sthetik mit Deckel in Holzoptik.<br \/>\nBrenndauer: 20-24h<\/p>\n","protected":false},"excerpt":{"rendered":"<p>Ein gl\u00fcckseliges, fruchtiges Bouquet aus Noten von gezuckerter Cranberry, Pflaumennektar und bl\u00fchenden Dahlien vermischt sich mit dem Duft von Mahagoni und schafft ein elegantes und fr\u00f6hliches Aroma. \u00c4therische \u00d6le: Orangenschale, Zitrone, Zedernholz<\/p>\n","protected":false},"featured_media":13145,"template":"","meta":[],"product_brand":[],"product_cat":[99,23,1000,797,1024,999,28],"product_tag":[288],"woo-feed-brand":[],"class_list":{"0":"post-13144","1":"product","2":"type-product","3":"status-publish","4":"has-post-thumbnail","6":"product_cat-duftkerzen","7":"product_cat-home-living","8":"product_cat-valentinstagsdeko","9":"product_cat-muttertag","10":"product_cat-muttertagsdeko","11":"product_cat-valentinstag","12":"product_cat-kerzen-lichter","13":"product_tag-spirig-kerzen-ag","15":"first","16":"instock","17":"taxable","18":"shipping-taxable","19":"purchasable","20":"product-type-simple"},"_links":{"self":[{"href":"https:\/\/www.fleurop-home.ch\/de-ch\/wp-json\/wp\/v2\/product\/13144","targetHints":{"allow":["GET"]}}],"collection":[{"href":"https:\/\/www.fleurop-home.ch\/de-ch\/wp-json\/wp\/v2\/product"}],"about":[{"href":"https:\/\/www.fleurop-home.ch\/de-ch\/wp-json\/wp\/v2\/types\/product"}],"wp:featuredmedia":[{"embeddable":true,"href":"https:\/\/www.fleurop-home.ch\/de-ch\/wp-json\/wp\/v2\/media\/13145"}],"wp:attachment":[{"href":"https:\/\/www.fleurop-home.ch\/de-ch\/wp-json\/wp\/v2\/media?parent=13144"}],"wp:term":[{"taxonomy":"product_brand","embeddable":true,"href":"https:\/\/www.fleurop-home.ch\/de-ch\/wp-json\/wp\/v2\/product_brand?post=13144"},{"taxonomy":"product_cat","embeddable":true,"href":"https:\/\/www.fleurop-home.ch\/de-ch\/wp-json\/wp\/v2\/product_cat?post=13144"},{"taxonomy":"product_tag","embeddable":true,"href":"https:\/\/www.fleurop-home.ch\/de-ch\/wp-json\/wp\/v2\/product_tag?post=13144"},{"taxonomy":"woo-feed-brand","embeddable":true,"href":"https:\/\/www.fleurop-home.ch\/de-ch\/wp-json\/wp\/v2\/woo-feed-brand?post=13144"}],"curies":[{"name":"wp","href":"https:\/\/api.w.org\/{rel}","templated":true}]}}