{"id":13129,"date":"2023-06-15T12:52:33","date_gmt":"2023-06-15T12:52:33","guid":{"rendered":"https:\/\/www.fleurop-home.ch\/?product=confidence-freedom-3-wick-tumbler"},"modified":"2025-05-12T11:30:32","modified_gmt":"2025-05-12T09:30:32","slug":"confidence-freedom-3-wick-tumbler","status":"publish","type":"product","link":"https:\/\/www.fleurop-home.ch\/de-ch\/p\/confidence-freedom-3-wick-tumbler","title":{"rendered":"Confidence + Freedom 3-Wick Tumbler"},"content":{"rendered":"<p>\u00c4therische \u00d6le inspiriert von den Vorteilen der Aromatherapie. Sojawachs-Mischung f\u00fcr ein ruhiges, gleichm\u00e4ssiges Abbrennen. Wundersch\u00f6nes Milchglas in beruhigenden Farben schafft eine friedvolle Umgebung. Einfache klare \u00c4sthetik mit Deckel in Holzoptik.<br \/>\nBrenndauer: 20-24h<\/p>\n","protected":false},"excerpt":{"rendered":"<p>Frischer Lavendel und helle marine Noten verschmelzen mit D\u00fcften von Eichenmoos, warmem Bernstein und weisser Zeder und offenbaren einen Hauch von Zuversicht und Freiheit. \u00c4therische \u00d6le: Kopaiva, Tanne, Zitrone, Patschuli<\/p>\n","protected":false},"featured_media":13130,"template":"","meta":[],"product_brand":[],"product_cat":[99,23,1002,999,1088,1092,28],"product_tag":[288],"woo-feed-brand":[],"class_list":{"0":"post-13129","1":"product","2":"type-product","3":"status-publish","4":"has-post-thumbnail","6":"product_cat-duftkerzen","7":"product_cat-home-living","8":"product_cat-fuer-ihn","9":"product_cat-valentinstag","10":"product_cat-vatertag","11":"product_cat-wohlfuehltyp","12":"product_cat-kerzen-lichter","13":"product_tag-spirig-kerzen-ag","15":"first","16":"instock","17":"taxable","18":"shipping-taxable","19":"purchasable","20":"product-type-simple"},"_links":{"self":[{"href":"https:\/\/www.fleurop-home.ch\/de-ch\/wp-json\/wp\/v2\/product\/13129","targetHints":{"allow":["GET"]}}],"collection":[{"href":"https:\/\/www.fleurop-home.ch\/de-ch\/wp-json\/wp\/v2\/product"}],"about":[{"href":"https:\/\/www.fleurop-home.ch\/de-ch\/wp-json\/wp\/v2\/types\/product"}],"wp:featuredmedia":[{"embeddable":true,"href":"https:\/\/www.fleurop-home.ch\/de-ch\/wp-json\/wp\/v2\/media\/13130"}],"wp:attachment":[{"href":"https:\/\/www.fleurop-home.ch\/de-ch\/wp-json\/wp\/v2\/media?parent=13129"}],"wp:term":[{"taxonomy":"product_brand","embeddable":true,"href":"https:\/\/www.fleurop-home.ch\/de-ch\/wp-json\/wp\/v2\/product_brand?post=13129"},{"taxonomy":"product_cat","embeddable":true,"href":"https:\/\/www.fleurop-home.ch\/de-ch\/wp-json\/wp\/v2\/product_cat?post=13129"},{"taxonomy":"product_tag","embeddable":true,"href":"https:\/\/www.fleurop-home.ch\/de-ch\/wp-json\/wp\/v2\/product_tag?post=13129"},{"taxonomy":"woo-feed-brand","embeddable":true,"href":"https:\/\/www.fleurop-home.ch\/de-ch\/wp-json\/wp\/v2\/woo-feed-brand?post=13129"}],"curies":[{"name":"wp","href":"https:\/\/api.w.org\/{rel}","templated":true}]}}