{"id":13089,"date":"2023-06-13T12:44:01","date_gmt":"2023-06-13T12:44:01","guid":{"rendered":"https:\/\/www.fleurop-home.ch\/?product=decorative-palmblatter-mit-keramik-vase"},"modified":"2026-03-18T10:48:48","modified_gmt":"2026-03-18T09:48:48","slug":"palmblaetter-mit-keramik-vase","status":"publish","type":"product","link":"https:\/\/www.fleurop-home.ch\/de-ch\/p\/palmblaetter-mit-keramik-vase","title":{"rendered":"Palmbl\u00e4tter mit Keramik Vase"},"content":{"rendered":"<h3 style=\"text-align: left;\">Trockenblumen<br \/>\nDer neue Interior-Trend<\/h3>\n<p style=\"text-align: left;\">In diesem Jahr sieht man getrocknete Zweige und Blumen h\u00e4ufiger denn je.<br \/>\nSie sind nicht nur eine Herbstdeko, sondern verspr\u00fchen auch das ganze Jahr \u00fcber ihren ganzen Zauber:<br \/>\nBlumen als getrocknete Variante sind sehr angesagt.<br \/>\nOb als Tischdeko oder opulent in gro\u00dfen Vasen platziert \u2500 Trockenblumen machen sich einzeln und im bunten Bouquet einfach herrlich.<br \/>\nDer riesengrosse Vorteil im Vergleich zu frischen Blumen: Trockenblumen-Deko h\u00e4lt und h\u00e4lt und h\u00e4lt.<\/p>\n<p style=\"text-align: left;\">Der Preis bezieht sich auf 2 Palmbl\u00e4tter und einer Vase.<br \/>\nDie Keramikvasen haben verschieden Muster\/Farbverl\u00e4ufe<br \/>\nDie Palmbl\u00e4tter k\u00f6nnen in der Gr\u00f6sse und Farbstruktur variieren<\/p>\n<p style=\"text-align: left;\">Bitte beachte:<br \/>\n\u2022\u00a0\u00a0 \u00a0Packe die Trockenblumen bitte vorsichtig aus dem Papier. Getrocknete Zweige sind leichter br\u00fcchig als noch im gr\u00fcnen Zustand. Der Strauss ist gebunden. M\u00f6chtest du die Trockenblumen, wie teilweise auf dem Bild, etwas lockerer in der Vase \u00f6ffne die Bindestelle und gestalte die Trockenblumen nach deinen W\u00fcnschen.<\/p>\n<p style=\"text-align: left;\">\u2022\u00a0\u00a0 Die Keramikvase ist nicht sp\u00fclmaschinenfest. Sie kann nicht durchgehend vollfl\u00e4chig eingef\u00e4rbt oder mit kleinen Brennfehlern versehen sein.<br \/>\n\u2022\u00a0\u00a0 \u00a0Trockenblumen sind ein Naturprodukt und die Str\u00e4usse \/ Einzelblumen werden saisonal individuell zusammengestellt und k\u00f6nnen so in Blumenwahl, Anordnung und Farbe variieren.<br \/>\n\u2022\u00a0 Unsere Trockenblumen werden erg\u00e4nzend teilweise gebleicht oder eingef\u00e4rbt. Die im Musterstrauss (Foto) verwendetet Farbe kann so auch von Strauss zu Strauss variieren. Ebenso das f\u00fcr die Verpackung verwendete Papier.<br \/>\n\u2022\u00a0\u00a0 \u00a0Es k\u00f6nnte Unterschiede zwischen der abgebildeten Farbe auf der Webseite und der tats\u00e4chlichen Farbe geben, dies aufgrund von Lichteinfall, Helligkeit des Monitors, Kontrasteinstellung etc.<\/p>\n","protected":false},"excerpt":{"rendered":"<p>Decorative Palmbl\u00e4tter mit Keramik Vase, Bl\u00e4tter \u00d8 ca.40-50cm, cm H ca.60-70 cm \/ Vase leer ohne Strauss H ca.25 cm \u00d8 ca 10.cm<\/p>\n","protected":false},"featured_media":13090,"template":"","meta":[],"product_brand":[],"product_cat":[117,23,52,55],"product_tag":[290],"woo-feed-brand":[],"class_list":{"0":"post-13089","1":"product","2":"type-product","3":"status-publish","4":"has-post-thumbnail","6":"product_cat-trockenblumen","7":"product_cat-home-living","8":"product_cat-geschenke","9":"product_cat-blumige-geschenke","10":"product_tag-atelier-leutwyler","12":"first","13":"instock","14":"taxable","15":"shipping-taxable","16":"purchasable","17":"product-type-simple"},"_links":{"self":[{"href":"https:\/\/www.fleurop-home.ch\/de-ch\/wp-json\/wp\/v2\/product\/13089","targetHints":{"allow":["GET"]}}],"collection":[{"href":"https:\/\/www.fleurop-home.ch\/de-ch\/wp-json\/wp\/v2\/product"}],"about":[{"href":"https:\/\/www.fleurop-home.ch\/de-ch\/wp-json\/wp\/v2\/types\/product"}],"wp:featuredmedia":[{"embeddable":true,"href":"https:\/\/www.fleurop-home.ch\/de-ch\/wp-json\/wp\/v2\/media\/13090"}],"wp:attachment":[{"href":"https:\/\/www.fleurop-home.ch\/de-ch\/wp-json\/wp\/v2\/media?parent=13089"}],"wp:term":[{"taxonomy":"product_brand","embeddable":true,"href":"https:\/\/www.fleurop-home.ch\/de-ch\/wp-json\/wp\/v2\/product_brand?post=13089"},{"taxonomy":"product_cat","embeddable":true,"href":"https:\/\/www.fleurop-home.ch\/de-ch\/wp-json\/wp\/v2\/product_cat?post=13089"},{"taxonomy":"product_tag","embeddable":true,"href":"https:\/\/www.fleurop-home.ch\/de-ch\/wp-json\/wp\/v2\/product_tag?post=13089"},{"taxonomy":"woo-feed-brand","embeddable":true,"href":"https:\/\/www.fleurop-home.ch\/de-ch\/wp-json\/wp\/v2\/woo-feed-brand?post=13089"}],"curies":[{"name":"wp","href":"https:\/\/api.w.org\/{rel}","templated":true}]}}